{"id":8329,"date":"2026-04-01T21:25:55","date_gmt":"2026-04-01T19:25:55","guid":{"rendered":"https:\/\/bajkowydworek.com\/zlobek\/?page_id=8329"},"modified":"2026-04-01T21:30:41","modified_gmt":"2026-04-01T19:30:41","slug":"sniadanko-wielkanocne-2","status":"publish","type":"page","link":"https:\/\/bajkowydworek.com\/zlobek\/?page_id=8329","title":{"rendered":"\u015aniadanko Wielkanocne"},"content":{"rendered":"<p style=\"text-align: justify;\"><img loading=\"lazy\" decoding=\"async\" class=\"aligncenter  wp-image-3700\" src=\"https:\/\/bajkowydworek.com\/zlobek\/wp-content\/uploads\/2022\/04\/sniadanko-wielkanocne.jpg\" alt=\"\" width=\"213\" height=\"160\">Wielkanoc to najstarsze i najwa\u017cniejsze&nbsp;\u015bwi\u0119to chrze\u015bcija\u0144skie maj\u0105ce bogat\u0105 tradycj\u0119 i&nbsp;liczne religijne obrz\u0119dy. Jednym z nich jest uroczyste \u015bniadanie, kt\u00f3re poprzedza sk\u0142adanie sobie&nbsp;\u017cycze\u0144 oraz dzielenie si\u0119 jajkiem. R\u00f3wnie\u017c w naszej plac\u00f3wce ta tradycja jest kultywowana. We wtorek, 31 marca 2026 r. dzieci wraz z paniami zasiad\u0142y do \u015bniadania wielkanocnego. Dzieci aktywnie w\u0142\u0105czy\u0142y si\u0119 w przygotowanie \u015bwi\u0105tecznego sto\u0142u. Na stole pojawi\u0142y si\u0119 tradycyjne wielkanocne przysmaki &#8211; jajka, pasztet, szynka. Nie zabrak\u0142o tak\u017ce symboli wielkanocnych oraz pi\u0119knych stroik\u00f3w z bazi i bukszpanu oznaczaj\u0105cych przyrod\u0119, kt\u00f3ra budzi si\u0119 do \u017cycia. W tym dniu dzieci obejrza\u0142y przedstawienie wiosenno-\u015bwi\u0105teczne i utrwali\u0142y tradycje oraz zwyczaje dotycz\u0105ce \u015awiat Wielkanocnych. Nast\u0119pnie dzieci zabra\u0142y si\u0119 do wykonania wielkanocnej ozdoby. Ten dzie\u0144 mia\u0142 wyj\u0105tkowy charakter, a uroczyste \u015bniadanie wywo\u0142a\u0142o mi\u0142e i niezapomniane doznania, kt\u00f3re na d\u0142ugo pozostan\u0105 w pami\u0119ci wszystkich dzieci.ngg_shortcode_0_placeholder<\/p>\n","protected":false},"excerpt":{"rendered":"<p>Wielkanoc to najstarsze i najwa\u017cniejsze&nbsp;\u015bwi\u0119to chrze\u015bcija\u0144skie maj\u0105ce bogat\u0105 tradycj\u0119 i&nbsp;liczne religijne obrz\u0119dy. Jednym z nich jest uroczyste \u015bniadanie, kt\u00f3re poprzedza sk\u0142adanie sobie&nbsp;\u017cycze\u0144 oraz dzielenie si\u0119 jajkiem. R\u00f3wnie\u017c w naszej plac\u00f3wce ta tradycja jest kultywowana. We wtorek, 31 marca 2026 r. dzieci wraz z paniami zasiad\u0142y do \u015bniadania wielkanocnego. Dzieci aktywnie w\u0142\u0105czy\u0142y si\u0119 w przygotowanie \u015bwi\u0105tecznego [&hellip;]<\/p>\n","protected":false},"author":1,"featured_media":0,"parent":6866,"menu_order":0,"comment_status":"closed","ping_status":"closed","template":"szablon-galeria-submenu.php","meta":{"ngg_post_thumbnail":0,"footnotes":""},"class_list":["post-8329","page","type-page","status-publish","hentry"],"_links":{"self":[{"href":"https:\/\/bajkowydworek.com\/zlobek\/index.php?rest_route=\/wp\/v2\/pages\/8329","targetHints":{"allow":["GET"]}}],"collection":[{"href":"https:\/\/bajkowydworek.com\/zlobek\/index.php?rest_route=\/wp\/v2\/pages"}],"about":[{"href":"https:\/\/bajkowydworek.com\/zlobek\/index.php?rest_route=\/wp\/v2\/types\/page"}],"author":[{"embeddable":true,"href":"https:\/\/bajkowydworek.com\/zlobek\/index.php?rest_route=\/wp\/v2\/users\/1"}],"replies":[{"embeddable":true,"href":"https:\/\/bajkowydworek.com\/zlobek\/index.php?rest_route=%2Fwp%2Fv2%2Fcomments&post=8329"}],"version-history":[{"count":2,"href":"https:\/\/bajkowydworek.com\/zlobek\/index.php?rest_route=\/wp\/v2\/pages\/8329\/revisions"}],"predecessor-version":[{"id":8333,"href":"https:\/\/bajkowydworek.com\/zlobek\/index.php?rest_route=\/wp\/v2\/pages\/8329\/revisions\/8333"}],"up":[{"embeddable":true,"href":"https:\/\/bajkowydworek.com\/zlobek\/index.php?rest_route=\/wp\/v2\/pages\/6866"}],"wp:attachment":[{"href":"https:\/\/bajkowydworek.com\/zlobek\/index.php?rest_route=%2Fwp%2Fv2%2Fmedia&parent=8329"}],"curies":[{"name":"wp","href":"https:\/\/api.w.org\/{rel}","templated":true}]}}