{"id":8228,"date":"2026-03-23T22:18:23","date_gmt":"2026-03-23T21:18:23","guid":{"rendered":"https:\/\/bajkowydworek.com\/zlobek\/?page_id=8228"},"modified":"2026-03-23T22:20:12","modified_gmt":"2026-03-23T21:20:12","slug":"pierwszy-dzien-wiosny-2","status":"publish","type":"page","link":"https:\/\/bajkowydworek.com\/zlobek\/?page_id=8228","title":{"rendered":"Pierwszy Dzie\u0144 Wiosny"},"content":{"rendered":"<p style=\"text-align: justify;\"><img loading=\"lazy\" decoding=\"async\" class=\"aligncenter  wp-image-3688\" src=\"https:\/\/bajkowydworek.com\/zlobek\/wp-content\/uploads\/2022\/03\/pierwszy-dzien-wiosny.jpg\" alt=\"\" width=\"249\" height=\"160\" srcset=\"https:\/\/bajkowydworek.com\/zlobek\/wp-content\/uploads\/2022\/03\/pierwszy-dzien-wiosny.jpg 609w, https:\/\/bajkowydworek.com\/zlobek\/wp-content\/uploads\/2022\/03\/pierwszy-dzien-wiosny-300x193.jpg 300w\" sizes=\"auto, (max-width: 249px) 100vw, 249px\" \/>W dniu 20 marca 2026 r. dzieci z Bajkowego Dworku \u015bwi\u0119towa\u0142y Pierwszy Dzie\u0144 Wiosny. Podczas uroczysto\u015bci dzieci mia\u0142y okazj\u0119 wykaza\u0107 si\u0119 znajomo\u015bci\u0105 i wiedz\u0105 o nadchodz\u0105cej porze roku, rozwi\u0105zywa\u0142y zagadki i wykonywa\u0142y zadania dotycz\u0105ce wiosny. Mimo wielu atrakcji najbardziej oczekiwan\u0105 cz\u0119\u015bci\u0105 dnia by\u0142o poszukiwanie wiosny w plenerze, podczas kt\u00f3rego mogli\u015bmy po\u017cegna\u0107 zim\u0119 i powita\u0107 wiosn\u0119. Po powrocie z zabaw na \u015bwie\u017cym powietrzu na dzieci czeka\u0142 posi\u0142ek &#8211; nowalijki od Pani Wiosny. Jeste\u015bmy pewni, \u017ce starania naszych wychowank\u00f3w sprawi\u0105, \u017ce Wiosna zawita do nas na dobre.ngg_shortcode_0_placeholder<\/p>\n","protected":false},"excerpt":{"rendered":"<p>W dniu 20 marca 2026 r. dzieci z Bajkowego Dworku \u015bwi\u0119towa\u0142y Pierwszy Dzie\u0144 Wiosny. Podczas uroczysto\u015bci dzieci mia\u0142y okazj\u0119 wykaza\u0107 si\u0119 znajomo\u015bci\u0105 i wiedz\u0105 o nadchodz\u0105cej porze roku, rozwi\u0105zywa\u0142y zagadki i wykonywa\u0142y zadania dotycz\u0105ce wiosny. Mimo wielu atrakcji najbardziej oczekiwan\u0105 cz\u0119\u015bci\u0105 dnia by\u0142o poszukiwanie wiosny w plenerze, podczas kt\u00f3rego mogli\u015bmy po\u017cegna\u0107 zim\u0119 i powita\u0107 wiosn\u0119. [&hellip;]<\/p>\n","protected":false},"author":1,"featured_media":0,"parent":6866,"menu_order":0,"comment_status":"closed","ping_status":"closed","template":"szablon-galeria-submenu.php","meta":{"ngg_post_thumbnail":0,"footnotes":""},"class_list":["post-8228","page","type-page","status-publish","hentry"],"_links":{"self":[{"href":"https:\/\/bajkowydworek.com\/zlobek\/index.php?rest_route=\/wp\/v2\/pages\/8228","targetHints":{"allow":["GET"]}}],"collection":[{"href":"https:\/\/bajkowydworek.com\/zlobek\/index.php?rest_route=\/wp\/v2\/pages"}],"about":[{"href":"https:\/\/bajkowydworek.com\/zlobek\/index.php?rest_route=\/wp\/v2\/types\/page"}],"author":[{"embeddable":true,"href":"https:\/\/bajkowydworek.com\/zlobek\/index.php?rest_route=\/wp\/v2\/users\/1"}],"replies":[{"embeddable":true,"href":"https:\/\/bajkowydworek.com\/zlobek\/index.php?rest_route=%2Fwp%2Fv2%2Fcomments&post=8228"}],"version-history":[{"count":2,"href":"https:\/\/bajkowydworek.com\/zlobek\/index.php?rest_route=\/wp\/v2\/pages\/8228\/revisions"}],"predecessor-version":[{"id":8230,"href":"https:\/\/bajkowydworek.com\/zlobek\/index.php?rest_route=\/wp\/v2\/pages\/8228\/revisions\/8230"}],"up":[{"embeddable":true,"href":"https:\/\/bajkowydworek.com\/zlobek\/index.php?rest_route=\/wp\/v2\/pages\/6866"}],"wp:attachment":[{"href":"https:\/\/bajkowydworek.com\/zlobek\/index.php?rest_route=%2Fwp%2Fv2%2Fmedia&parent=8228"}],"curies":[{"name":"wp","href":"https:\/\/api.w.org\/{rel}","templated":true}]}}