{"id":8170,"date":"2026-03-06T22:29:20","date_gmt":"2026-03-06T21:29:20","guid":{"rendered":"https:\/\/bajkowydworek.com\/zlobek\/?page_id=8170"},"modified":"2026-03-06T22:31:38","modified_gmt":"2026-03-06T21:31:38","slug":"dzien-kobiet","status":"publish","type":"page","link":"https:\/\/bajkowydworek.com\/zlobek\/?page_id=8170","title":{"rendered":"Dzie\u0144 Kobiet"},"content":{"rendered":"<p style=\"text-align: justify;\"><img loading=\"lazy\" decoding=\"async\" class=\"aligncenter  wp-image-3002\" src=\"https:\/\/bajkowydworek.com\/zlobek\/wp-content\/uploads\/2021\/03\/dzien_kobiet.jpg\" alt=\"\" width=\"257\" height=\"160\" srcset=\"https:\/\/bajkowydworek.com\/zlobek\/wp-content\/uploads\/2021\/03\/dzien_kobiet.jpg 528w, https:\/\/bajkowydworek.com\/zlobek\/wp-content\/uploads\/2021\/03\/dzien_kobiet-300x187.jpg 300w\" sizes=\"auto, (max-width: 257px) 100vw, 257px\" \/>8 marca to wyj\u0105tkowy dzie\u0144 w roku. Wtedy swoje \u015bwi\u0119to obchodz\u0105 wszystkie kobiety, zar\u00f3wno te du\u017ce, jak i te ma\u0142e. W tym szczeg\u00f3lnym dniu wszyscy ch\u0142opcy w ka\u017cdej grupie sk\u0142adali \u017cyczenia kole\u017cankom i swoim paniom. Nie oby\u0142o si\u0119 bez drobnych upomink\u00f3w i kwiat\u00f3w. Z dziewcz\u0119cych bu\u017a u\u015bmiech nie znika\u0142 przez calutki dzie\u0144, a ch\u0142opcy zachowywali si\u0119 jak prawdziwi gentelmani, byli przemili, uczynni i sympatyczni. Wszystkie panie i dziewczynki dzi\u0119kuj\u0105 ch\u0142opcom za pi\u0119kne \u017cyczenia, kwiaty i promienny u\u015bmiech.ngg_shortcode_0_placeholder<\/p>\n","protected":false},"excerpt":{"rendered":"<p>8 marca to wyj\u0105tkowy dzie\u0144 w roku. Wtedy swoje \u015bwi\u0119to obchodz\u0105 wszystkie kobiety, zar\u00f3wno te du\u017ce, jak i te ma\u0142e. W tym szczeg\u00f3lnym dniu wszyscy ch\u0142opcy w ka\u017cdej grupie sk\u0142adali \u017cyczenia kole\u017cankom i swoim paniom. Nie oby\u0142o si\u0119 bez drobnych upomink\u00f3w i kwiat\u00f3w. Z dziewcz\u0119cych bu\u017a u\u015bmiech nie znika\u0142 przez calutki dzie\u0144, a ch\u0142opcy zachowywali [&hellip;]<\/p>\n","protected":false},"author":1,"featured_media":0,"parent":6866,"menu_order":0,"comment_status":"closed","ping_status":"closed","template":"szablon-galeria-submenu.php","meta":{"ngg_post_thumbnail":0,"footnotes":""},"class_list":["post-8170","page","type-page","status-publish","hentry"],"_links":{"self":[{"href":"https:\/\/bajkowydworek.com\/zlobek\/index.php?rest_route=\/wp\/v2\/pages\/8170","targetHints":{"allow":["GET"]}}],"collection":[{"href":"https:\/\/bajkowydworek.com\/zlobek\/index.php?rest_route=\/wp\/v2\/pages"}],"about":[{"href":"https:\/\/bajkowydworek.com\/zlobek\/index.php?rest_route=\/wp\/v2\/types\/page"}],"author":[{"embeddable":true,"href":"https:\/\/bajkowydworek.com\/zlobek\/index.php?rest_route=\/wp\/v2\/users\/1"}],"replies":[{"embeddable":true,"href":"https:\/\/bajkowydworek.com\/zlobek\/index.php?rest_route=%2Fwp%2Fv2%2Fcomments&post=8170"}],"version-history":[{"count":3,"href":"https:\/\/bajkowydworek.com\/zlobek\/index.php?rest_route=\/wp\/v2\/pages\/8170\/revisions"}],"predecessor-version":[{"id":8173,"href":"https:\/\/bajkowydworek.com\/zlobek\/index.php?rest_route=\/wp\/v2\/pages\/8170\/revisions\/8173"}],"up":[{"embeddable":true,"href":"https:\/\/bajkowydworek.com\/zlobek\/index.php?rest_route=\/wp\/v2\/pages\/6866"}],"wp:attachment":[{"href":"https:\/\/bajkowydworek.com\/zlobek\/index.php?rest_route=%2Fwp%2Fv2%2Fmedia&parent=8170"}],"curies":[{"name":"wp","href":"https:\/\/api.w.org\/{rel}","templated":true}]}}