{"id":8108,"date":"2026-02-16T09:46:56","date_gmt":"2026-02-16T08:46:56","guid":{"rendered":"https:\/\/bajkowydworek.com\/zlobek\/?page_id=8108"},"modified":"2026-02-16T09:49:14","modified_gmt":"2026-02-16T08:49:14","slug":"walentynki","status":"publish","type":"page","link":"https:\/\/bajkowydworek.com\/zlobek\/?page_id=8108","title":{"rendered":"Walentynki"},"content":{"rendered":"<blockquote>\n<p style=\"text-align: center;\"><strong><span style=\"color: #ff0000;\"><img loading=\"lazy\" decoding=\"async\" class=\"aligncenter size-full wp-image-4030\" src=\"https:\/\/bajkowydworek.com\/zlobek\/wp-content\/uploads\/2023\/02\/walentynki.jpg\" alt=\"\" width=\"423\" height=\"119\" srcset=\"https:\/\/bajkowydworek.com\/zlobek\/wp-content\/uploads\/2023\/02\/walentynki.jpg 423w, https:\/\/bajkowydworek.com\/zlobek\/wp-content\/uploads\/2023\/02\/walentynki-300x84.jpg 300w\" sizes=\"auto, (max-width: 423px) 100vw, 423px\" \/>W dniu \u015bwi\u0119tego Walentego<\/span><\/strong><br \/>\n<strong><span style=\"color: #ff0000;\">nic nie mo\u017ce dzia\u0107 si\u0119 z\u0142ego,<\/span><\/strong><br \/>\n<strong><span style=\"color: #ff0000;\">nikt nie mo\u017ce si\u0119 dzi\u015b z\u0142o\u015bci\u0107,<\/span><\/strong><br \/>\n<strong><span style=\"color: #ff0000;\">bo dzi\u015b nadszed\u0142 dzie\u0144 mi\u0142o\u015bci&#8230;<\/span><\/strong><\/p>\n<\/blockquote>\n<p style=\"text-align: justify;\"><strong><img loading=\"lazy\" decoding=\"async\" class=\" wp-image-3612 alignleft\" src=\"https:\/\/bajkowydworek.com\/zlobek\/wp-content\/uploads\/2022\/02\/walentynki.png\" alt=\"\" width=\"221\" height=\"160\">Walentynki to wyj\u0105tkowy dzie\u0144, kt\u00f3ry \u015bwi\u0119towany jest nie tylko przez doros\u0142ych, ale r\u00f3wnie\u017c dzieci. Dla najm\u0142odszych stanowi symbol przyja\u017ani i relacji mi\u0119dzyludzkich.<\/strong><\/p>\n<p style=\"text-align: justify;\">13 lutego 2026 roku by\u0142 dla dzieci z Bajkowego Dworku prawdziwym, czerwonym dniem mi\u0142o\u015bci i przyja\u017ani. Dzieci dowiedzia\u0142y si\u0119 kim by\u0142 \u015bw. Walenty, co to jest mi\u0142o\u015b\u0107, jak i do kogo j\u0105 okazujemy oraz pozna\u0142y tradycj\u0119 obchodzenia tego \u015bwi\u0119ta w Polsce i innych krajach. Dzieci uczestniczy\u0142y w r\u00f3\u017cnych zabawach zwi\u0105zanych z walentynkami przygotowanych przez wychowawczynie. Dzie\u0144 Walentynowy w Bajkowym Dworku z pewno\u015bci\u0105 mo\u017cna zaliczy\u0107 do udanego. By\u0142 to dzie\u0144 mi\u0142ych wra\u017ce\u0144.<br \/>\nngg_shortcode_0_placeholder<\/p>\n","protected":false},"excerpt":{"rendered":"<p>W dniu \u015bwi\u0119tego Walentego nic nie mo\u017ce dzia\u0107 si\u0119 z\u0142ego, nikt nie mo\u017ce si\u0119 dzi\u015b z\u0142o\u015bci\u0107, bo dzi\u015b nadszed\u0142 dzie\u0144 mi\u0142o\u015bci&#8230; Walentynki to wyj\u0105tkowy dzie\u0144, kt\u00f3ry \u015bwi\u0119towany jest nie tylko przez doros\u0142ych, ale r\u00f3wnie\u017c dzieci. Dla najm\u0142odszych stanowi symbol przyja\u017ani i relacji mi\u0119dzyludzkich. 13 lutego 2026 roku by\u0142 dla dzieci z Bajkowego Dworku prawdziwym, czerwonym [&hellip;]<\/p>\n","protected":false},"author":1,"featured_media":0,"parent":6866,"menu_order":0,"comment_status":"closed","ping_status":"closed","template":"szablon-galeria-submenu.php","meta":{"ngg_post_thumbnail":0,"footnotes":""},"class_list":["post-8108","page","type-page","status-publish","hentry"],"_links":{"self":[{"href":"https:\/\/bajkowydworek.com\/zlobek\/index.php?rest_route=\/wp\/v2\/pages\/8108","targetHints":{"allow":["GET"]}}],"collection":[{"href":"https:\/\/bajkowydworek.com\/zlobek\/index.php?rest_route=\/wp\/v2\/pages"}],"about":[{"href":"https:\/\/bajkowydworek.com\/zlobek\/index.php?rest_route=\/wp\/v2\/types\/page"}],"author":[{"embeddable":true,"href":"https:\/\/bajkowydworek.com\/zlobek\/index.php?rest_route=\/wp\/v2\/users\/1"}],"replies":[{"embeddable":true,"href":"https:\/\/bajkowydworek.com\/zlobek\/index.php?rest_route=%2Fwp%2Fv2%2Fcomments&post=8108"}],"version-history":[{"count":2,"href":"https:\/\/bajkowydworek.com\/zlobek\/index.php?rest_route=\/wp\/v2\/pages\/8108\/revisions"}],"predecessor-version":[{"id":8110,"href":"https:\/\/bajkowydworek.com\/zlobek\/index.php?rest_route=\/wp\/v2\/pages\/8108\/revisions\/8110"}],"up":[{"embeddable":true,"href":"https:\/\/bajkowydworek.com\/zlobek\/index.php?rest_route=\/wp\/v2\/pages\/6866"}],"wp:attachment":[{"href":"https:\/\/bajkowydworek.com\/zlobek\/index.php?rest_route=%2Fwp%2Fv2%2Fmedia&parent=8108"}],"curies":[{"name":"wp","href":"https:\/\/api.w.org\/{rel}","templated":true}]}}