{"id":7943,"date":"2026-02-06T21:10:09","date_gmt":"2026-02-06T20:10:09","guid":{"rendered":"https:\/\/bajkowydworek.com\/zlobek\/?page_id=7943"},"modified":"2026-02-06T21:13:18","modified_gmt":"2026-02-06T20:13:18","slug":"bal-pizamowy-2","status":"publish","type":"page","link":"https:\/\/bajkowydworek.com\/zlobek\/?page_id=7943","title":{"rendered":"Bal Pi\u017camowy"},"content":{"rendered":"<p style=\"text-align: justify;\"><img loading=\"lazy\" decoding=\"async\" class=\"aligncenter  wp-image-3555\" src=\"https:\/\/bajkowydworek.com\/zlobek\/wp-content\/uploads\/2022\/01\/bal_pizamowy.jpg\" alt=\"\" width=\"160\" height=\"160\" srcset=\"https:\/\/bajkowydworek.com\/zlobek\/wp-content\/uploads\/2022\/01\/bal_pizamowy.jpg 526w, https:\/\/bajkowydworek.com\/zlobek\/wp-content\/uploads\/2022\/01\/bal_pizamowy-300x300.jpg 300w, https:\/\/bajkowydworek.com\/zlobek\/wp-content\/uploads\/2022\/01\/bal_pizamowy-150x150.jpg 150w\" sizes=\"auto, (max-width: 160px) 100vw, 160px\" \/>5 lutego 2026 r. w \u201eBajkowym Dworku\u201d odby\u0142 si\u0119 \u201eBal Pi\u017camowy\u201d. W tym dniu wszystkie dzieci by\u0142y ubrane w swoj\u0105 ulubion\u0105 pi\u017cam\u0119, a ka\u017cda sala zamieni\u0142a si\u0119 w ma\u0142\u0105 sypialni\u0119 nocnych zwierz\u0105tek: pszcz\u00f3\u0142ek, biedronek, \u017cabek, misi\u00f3w, rybek, kangurk\u00f3w, tygrysk\u00f3w, s\u00f3wek oraz wiewi\u00f3rek. Ulubion\u0105 rozrywk\u0105 tego dnia by\u0142a \u201epi\u017camowa dyskoteka\u201d oraz \u201epi\u017camowy pokaz mody\u201d podczas kt\u00f3rego, wszystkie dzieci zaprezentowa\u0142y swoje pi\u0119kne stroje. Nie zabrak\u0142o r\u00f3wnie\u017c licznych konkurencji sprawno\u015bciowych. Dzi\u0119ki radosnej i pe\u0142nej humoru atmosferze, ten dzie\u0144 na d\u0142ugo pozostanie w pami\u0119ci naszych dzieci.ngg_shortcode_0_placeholder<\/p>\n","protected":false},"excerpt":{"rendered":"<p>5 lutego 2026 r. w \u201eBajkowym Dworku\u201d odby\u0142 si\u0119 \u201eBal Pi\u017camowy\u201d. W tym dniu wszystkie dzieci by\u0142y ubrane w swoj\u0105 ulubion\u0105 pi\u017cam\u0119, a ka\u017cda sala zamieni\u0142a si\u0119 w ma\u0142\u0105 sypialni\u0119 nocnych zwierz\u0105tek: pszcz\u00f3\u0142ek, biedronek, \u017cabek, misi\u00f3w, rybek, kangurk\u00f3w, tygrysk\u00f3w, s\u00f3wek oraz wiewi\u00f3rek. Ulubion\u0105 rozrywk\u0105 tego dnia by\u0142a \u201epi\u017camowa dyskoteka\u201d oraz \u201epi\u017camowy pokaz mody\u201d podczas kt\u00f3rego, [&hellip;]<\/p>\n","protected":false},"author":1,"featured_media":0,"parent":6866,"menu_order":0,"comment_status":"closed","ping_status":"closed","template":"szablon-galeria-submenu.php","meta":{"ngg_post_thumbnail":0,"footnotes":""},"class_list":["post-7943","page","type-page","status-publish","hentry"],"_links":{"self":[{"href":"https:\/\/bajkowydworek.com\/zlobek\/index.php?rest_route=\/wp\/v2\/pages\/7943","targetHints":{"allow":["GET"]}}],"collection":[{"href":"https:\/\/bajkowydworek.com\/zlobek\/index.php?rest_route=\/wp\/v2\/pages"}],"about":[{"href":"https:\/\/bajkowydworek.com\/zlobek\/index.php?rest_route=\/wp\/v2\/types\/page"}],"author":[{"embeddable":true,"href":"https:\/\/bajkowydworek.com\/zlobek\/index.php?rest_route=\/wp\/v2\/users\/1"}],"replies":[{"embeddable":true,"href":"https:\/\/bajkowydworek.com\/zlobek\/index.php?rest_route=%2Fwp%2Fv2%2Fcomments&post=7943"}],"version-history":[{"count":2,"href":"https:\/\/bajkowydworek.com\/zlobek\/index.php?rest_route=\/wp\/v2\/pages\/7943\/revisions"}],"predecessor-version":[{"id":7945,"href":"https:\/\/bajkowydworek.com\/zlobek\/index.php?rest_route=\/wp\/v2\/pages\/7943\/revisions\/7945"}],"up":[{"embeddable":true,"href":"https:\/\/bajkowydworek.com\/zlobek\/index.php?rest_route=\/wp\/v2\/pages\/6866"}],"wp:attachment":[{"href":"https:\/\/bajkowydworek.com\/zlobek\/index.php?rest_route=%2Fwp%2Fv2%2Fmedia&parent=7943"}],"curies":[{"name":"wp","href":"https:\/\/api.w.org\/{rel}","templated":true}]}}