{"id":7885,"date":"2026-01-30T21:15:57","date_gmt":"2026-01-30T20:15:57","guid":{"rendered":"https:\/\/bajkowydworek.com\/zlobek\/?page_id=7885"},"modified":"2026-01-30T21:17:53","modified_gmt":"2026-01-30T20:17:53","slug":"ferie-zimowe-tydzien-ii-zimowe-odkrycia-i-kreatywne-zabawy","status":"publish","type":"page","link":"https:\/\/bajkowydworek.com\/zlobek\/?page_id=7885","title":{"rendered":"Ferie zimowe (tydzie\u0144 II) &#8211; Zimowe odkrycia i kreatywne zabawy"},"content":{"rendered":"<p style=\"text-align: justify;\"><img loading=\"lazy\" decoding=\"async\" class=\"aligncenter  wp-image-7887\" src=\"https:\/\/bajkowydworek.com\/zlobek\/wp-content\/uploads\/2026\/01\/ferie_zimowe2.jpg\" alt=\"\" width=\"251\" height=\"160\" srcset=\"https:\/\/bajkowydworek.com\/zlobek\/wp-content\/uploads\/2026\/01\/ferie_zimowe2.jpg 337w, https:\/\/bajkowydworek.com\/zlobek\/wp-content\/uploads\/2026\/01\/ferie_zimowe2-300x191.jpg 300w\" sizes=\"auto, (max-width: 251px) 100vw, 251px\" \/>Zima to wyj\u0105tkowy czas, kiedy \u015bwiat zamienia si\u0119 w bia\u0142\u0105 krain\u0119 pe\u0142n\u0105 rado\u015bci, \u015bnie\u017cnych przyg\u00f3d i kreatywnych zabaw. Dla najm\u0142odszych to nie tylko sezon na lepienie ba\u0142wana czy zje\u017cd\u017canie na sankach, ale tak\u017ce doskona\u0142a okazja do nauki i odkrywania otaczaj\u0105cej ich rzeczywisto\u015bci. Podczas drugiego tygodnia ferii zimowych codziennie tworzy\u0142y co\u015b nowego, wspania\u0142ego oraz ciekawego. Dzieci wykaza\u0142y si\u0119 du\u017c\u0105 aktywno\u015bci\u0105 i pomys\u0142owo\u015bci\u0105 czerpi\u0105c z tego wiele rado\u015bci. Maluchy maj\u0105 nadziej\u0119, \u017ce ich praca zostanie doceniona i zaowocuje kreatywno\u015bci\u0105 w dalszej edukacji. Chcemy pochwali\u0107 si\u0119 wspania\u0142ymi pracami i pokaza\u0107 jakimi tw\u00f3rczymi dzieciakami jeste\u015bmy. Zapraszamy do naszej galerii zdj\u0119\u0107ngg_shortcode_0_placeholder<\/p>\n","protected":false},"excerpt":{"rendered":"<p>Zima to wyj\u0105tkowy czas, kiedy \u015bwiat zamienia si\u0119 w bia\u0142\u0105 krain\u0119 pe\u0142n\u0105 rado\u015bci, \u015bnie\u017cnych przyg\u00f3d i kreatywnych zabaw. Dla najm\u0142odszych to nie tylko sezon na lepienie ba\u0142wana czy zje\u017cd\u017canie na sankach, ale tak\u017ce doskona\u0142a okazja do nauki i odkrywania otaczaj\u0105cej ich rzeczywisto\u015bci. Podczas drugiego tygodnia ferii zimowych codziennie tworzy\u0142y co\u015b nowego, wspania\u0142ego oraz ciekawego. Dzieci [&hellip;]<\/p>\n","protected":false},"author":1,"featured_media":0,"parent":6866,"menu_order":0,"comment_status":"closed","ping_status":"closed","template":"szablon-galeria-submenu.php","meta":{"ngg_post_thumbnail":0,"footnotes":""},"class_list":["post-7885","page","type-page","status-publish","hentry"],"_links":{"self":[{"href":"https:\/\/bajkowydworek.com\/zlobek\/index.php?rest_route=\/wp\/v2\/pages\/7885","targetHints":{"allow":["GET"]}}],"collection":[{"href":"https:\/\/bajkowydworek.com\/zlobek\/index.php?rest_route=\/wp\/v2\/pages"}],"about":[{"href":"https:\/\/bajkowydworek.com\/zlobek\/index.php?rest_route=\/wp\/v2\/types\/page"}],"author":[{"embeddable":true,"href":"https:\/\/bajkowydworek.com\/zlobek\/index.php?rest_route=\/wp\/v2\/users\/1"}],"replies":[{"embeddable":true,"href":"https:\/\/bajkowydworek.com\/zlobek\/index.php?rest_route=%2Fwp%2Fv2%2Fcomments&post=7885"}],"version-history":[{"count":3,"href":"https:\/\/bajkowydworek.com\/zlobek\/index.php?rest_route=\/wp\/v2\/pages\/7885\/revisions"}],"predecessor-version":[{"id":7889,"href":"https:\/\/bajkowydworek.com\/zlobek\/index.php?rest_route=\/wp\/v2\/pages\/7885\/revisions\/7889"}],"up":[{"embeddable":true,"href":"https:\/\/bajkowydworek.com\/zlobek\/index.php?rest_route=\/wp\/v2\/pages\/6866"}],"wp:attachment":[{"href":"https:\/\/bajkowydworek.com\/zlobek\/index.php?rest_route=%2Fwp%2Fv2%2Fmedia&parent=7885"}],"curies":[{"name":"wp","href":"https:\/\/api.w.org\/{rel}","templated":true}]}}