{"id":7772,"date":"2026-01-29T21:44:40","date_gmt":"2026-01-29T20:44:40","guid":{"rendered":"https:\/\/bajkowydworek.com\/zlobek\/?page_id=7772"},"modified":"2026-01-29T21:47:31","modified_gmt":"2026-01-29T20:47:31","slug":"ferie-zimowe-tydzien-i-zima-bezpieczna-i-rodzinna","status":"publish","type":"page","link":"https:\/\/bajkowydworek.com\/zlobek\/?page_id=7772","title":{"rendered":"Ferie zimowe (tydzie\u0144 I) &#8211; Zima bezpieczna i rodzinna"},"content":{"rendered":"<p style=\"text-align: justify;\"><img loading=\"lazy\" decoding=\"async\" class=\"aligncenter  wp-image-4901\" src=\"https:\/\/bajkowydworek.com\/zlobek\/wp-content\/uploads\/2025\/02\/ferie_2025.jpg\" alt=\"\" width=\"240\" height=\"160\" srcset=\"https:\/\/bajkowydworek.com\/zlobek\/wp-content\/uploads\/2025\/02\/ferie_2025.jpg 512w, https:\/\/bajkowydworek.com\/zlobek\/wp-content\/uploads\/2025\/02\/ferie_2025-300x200.jpg 300w\" sizes=\"auto, (max-width: 240px) 100vw, 240px\" \/>Ferie zimowe to wymarzony czas dla dzieci. Maluchy mia\u0142y okazj\u0119 prze\u017cy\u0107 wiele niezapomnianych chwil, pe\u0142nych rado\u015bci i niespodzianek. Podczas pierwszego tygodnia ferii om\u00f3wione zosta\u0142y zasady bezpiecze\u0144stwa podczas uprawiania sport\u00f3w zimowych i zabaw na \u015bwie\u017cym powietrzu. Dzieci uczestniczy\u0142y w zaj\u0119ciach kulinarnych, zabawach sensorycznych, plastycznych oraz ruchowych. Wszyscy wsp\u00f3lnie wspaniale si\u0119 bawili\u015bmy &#8211; czego dowodem s\u0105 zdj\u0119cia w galerii &#8211; zapraszamy do ogl\u0105dania!ngg_shortcode_0_placeholder<\/p>\n","protected":false},"excerpt":{"rendered":"<p>Ferie zimowe to wymarzony czas dla dzieci. Maluchy mia\u0142y okazj\u0119 prze\u017cy\u0107 wiele niezapomnianych chwil, pe\u0142nych rado\u015bci i niespodzianek. Podczas pierwszego tygodnia ferii om\u00f3wione zosta\u0142y zasady bezpiecze\u0144stwa podczas uprawiania sport\u00f3w zimowych i zabaw na \u015bwie\u017cym powietrzu. Dzieci uczestniczy\u0142y w zaj\u0119ciach kulinarnych, zabawach sensorycznych, plastycznych oraz ruchowych. Wszyscy wsp\u00f3lnie wspaniale si\u0119 bawili\u015bmy &#8211; czego dowodem s\u0105 zdj\u0119cia [&hellip;]<\/p>\n","protected":false},"author":1,"featured_media":0,"parent":6866,"menu_order":0,"comment_status":"closed","ping_status":"closed","template":"szablon-galeria-submenu.php","meta":{"ngg_post_thumbnail":0,"footnotes":""},"class_list":["post-7772","page","type-page","status-publish","hentry"],"_links":{"self":[{"href":"https:\/\/bajkowydworek.com\/zlobek\/index.php?rest_route=\/wp\/v2\/pages\/7772","targetHints":{"allow":["GET"]}}],"collection":[{"href":"https:\/\/bajkowydworek.com\/zlobek\/index.php?rest_route=\/wp\/v2\/pages"}],"about":[{"href":"https:\/\/bajkowydworek.com\/zlobek\/index.php?rest_route=\/wp\/v2\/types\/page"}],"author":[{"embeddable":true,"href":"https:\/\/bajkowydworek.com\/zlobek\/index.php?rest_route=\/wp\/v2\/users\/1"}],"replies":[{"embeddable":true,"href":"https:\/\/bajkowydworek.com\/zlobek\/index.php?rest_route=%2Fwp%2Fv2%2Fcomments&post=7772"}],"version-history":[{"count":2,"href":"https:\/\/bajkowydworek.com\/zlobek\/index.php?rest_route=\/wp\/v2\/pages\/7772\/revisions"}],"predecessor-version":[{"id":7774,"href":"https:\/\/bajkowydworek.com\/zlobek\/index.php?rest_route=\/wp\/v2\/pages\/7772\/revisions\/7774"}],"up":[{"embeddable":true,"href":"https:\/\/bajkowydworek.com\/zlobek\/index.php?rest_route=\/wp\/v2\/pages\/6866"}],"wp:attachment":[{"href":"https:\/\/bajkowydworek.com\/zlobek\/index.php?rest_route=%2Fwp%2Fv2%2Fmedia&parent=7772"}],"curies":[{"name":"wp","href":"https:\/\/api.w.org\/{rel}","templated":true}]}}