{"id":7674,"date":"2026-01-29T21:39:29","date_gmt":"2026-01-29T20:39:29","guid":{"rendered":"https:\/\/bajkowydworek.com\/zlobek\/?page_id=7674"},"modified":"2026-01-29T21:49:12","modified_gmt":"2026-01-29T20:49:12","slug":"dzien-babci-i-dziadka","status":"publish","type":"page","link":"https:\/\/bajkowydworek.com\/zlobek\/?page_id=7674","title":{"rendered":"Dzie\u0144 Babci i Dziadka"},"content":{"rendered":"<blockquote>\n<p style=\"text-align: center;\"><img loading=\"lazy\" decoding=\"async\" class=\"aligncenter  wp-image-2932\" src=\"https:\/\/bajkowydworek.com\/zlobek\/wp-content\/uploads\/2021\/01\/dzien_babci_i_dziadka_2020.jpg\" alt=\"\" width=\"277\" height=\"160\" srcset=\"https:\/\/bajkowydworek.com\/zlobek\/wp-content\/uploads\/2021\/01\/dzien_babci_i_dziadka_2020.jpg 512w, https:\/\/bajkowydworek.com\/zlobek\/wp-content\/uploads\/2021\/01\/dzien_babci_i_dziadka_2020-300x173.jpg 300w\" sizes=\"auto, (max-width: 277px) 100vw, 277px\" \/>\u201eKocham mocno Babci\u0119, Dziadka<br \/>\nTo nie \u017carty moi mili.<br \/>\nDzisiaj im \u017cyczenia sk\u0142adam<br \/>\nBy 100 latek jeszcze \u017cyli!\u201d<\/p>\n<\/blockquote>\n<p style=\"text-align: justify;\">Wszystkim Babciom i Dziadkom sk\u0142adamy najserdeczniejsze \u017cyczenia<br \/>\nngg_shortcode_0_placeholder<\/p>\n","protected":false},"excerpt":{"rendered":"<p>\u201eKocham mocno Babci\u0119, Dziadka To nie \u017carty moi mili. Dzisiaj im \u017cyczenia sk\u0142adam By 100 latek jeszcze \u017cyli!\u201d Wszystkim Babciom i Dziadkom sk\u0142adamy najserdeczniejsze \u017cyczenia<\/p>\n","protected":false},"author":1,"featured_media":0,"parent":6866,"menu_order":0,"comment_status":"closed","ping_status":"closed","template":"szablon-galeria-submenu.php","meta":{"ngg_post_thumbnail":0,"footnotes":""},"class_list":["post-7674","page","type-page","status-publish","hentry"],"_links":{"self":[{"href":"https:\/\/bajkowydworek.com\/zlobek\/index.php?rest_route=\/wp\/v2\/pages\/7674","targetHints":{"allow":["GET"]}}],"collection":[{"href":"https:\/\/bajkowydworek.com\/zlobek\/index.php?rest_route=\/wp\/v2\/pages"}],"about":[{"href":"https:\/\/bajkowydworek.com\/zlobek\/index.php?rest_route=\/wp\/v2\/types\/page"}],"author":[{"embeddable":true,"href":"https:\/\/bajkowydworek.com\/zlobek\/index.php?rest_route=\/wp\/v2\/users\/1"}],"replies":[{"embeddable":true,"href":"https:\/\/bajkowydworek.com\/zlobek\/index.php?rest_route=%2Fwp%2Fv2%2Fcomments&post=7674"}],"version-history":[{"count":3,"href":"https:\/\/bajkowydworek.com\/zlobek\/index.php?rest_route=\/wp\/v2\/pages\/7674\/revisions"}],"predecessor-version":[{"id":7776,"href":"https:\/\/bajkowydworek.com\/zlobek\/index.php?rest_route=\/wp\/v2\/pages\/7674\/revisions\/7776"}],"up":[{"embeddable":true,"href":"https:\/\/bajkowydworek.com\/zlobek\/index.php?rest_route=\/wp\/v2\/pages\/6866"}],"wp:attachment":[{"href":"https:\/\/bajkowydworek.com\/zlobek\/index.php?rest_route=%2Fwp%2Fv2%2Fmedia&parent=7674"}],"curies":[{"name":"wp","href":"https:\/\/api.w.org\/{rel}","templated":true}]}}