{"id":7596,"date":"2025-12-18T16:52:23","date_gmt":"2025-12-18T15:52:23","guid":{"rendered":"https:\/\/bajkowydworek.com\/zlobek\/?page_id=7596"},"modified":"2025-12-18T16:59:52","modified_gmt":"2025-12-18T15:59:52","slug":"grupa-biedronki-i-pszczolki-spotkanie-z-mikolajem","status":"publish","type":"page","link":"https:\/\/bajkowydworek.com\/zlobek\/?page_id=7596","title":{"rendered":"grupa Biedronki i Pszcz\u00f3\u0142ki &#8211; Spotkanie z Miko\u0142ajem"},"content":{"rendered":"<p style=\"text-align: justify;\"><img loading=\"lazy\" decoding=\"async\" class=\"aligncenter  wp-image-3507\" src=\"https:\/\/bajkowydworek.com\/zlobek\/wp-content\/uploads\/2021\/12\/spotkanie-wigilijne.jpg\" alt=\"\" width=\"200\" height=\"160\">\u015awi\u0119ta Bo\u017cego Narodzenia s\u0105 najpi\u0119kniejszymi \u015bwi\u0119tami, na kt\u00f3re z niecierpliwo\u015bci\u0105&nbsp;czekaj\u0105 zar\u00f3wno dzieci, jak i doro\u015bli.&nbsp;S\u0105 to \u015bwi\u0119ta&nbsp;najdro\u017csze i najbli\u017csze Naszym sercom, gdy\u017c towarzyszy im niepowtarzalna i wyj\u0105tkowa atmosfera. Podczas spotkania odwiedzi\u0142 dzieci \u015awi\u0119ty Miko\u0142aj, kt\u00f3ry wr\u0119czy\u0142 wszystkim dzieciom prezenty. Dzi\u0119kujemy Ci \u015awi\u0119ty Miko\u0142aju!<\/p>\nngg_shortcode_0_placeholder\n","protected":false},"excerpt":{"rendered":"<p>\u015awi\u0119ta Bo\u017cego Narodzenia s\u0105 najpi\u0119kniejszymi \u015bwi\u0119tami, na kt\u00f3re z niecierpliwo\u015bci\u0105&nbsp;czekaj\u0105 zar\u00f3wno dzieci, jak i doro\u015bli.&nbsp;S\u0105 to \u015bwi\u0119ta&nbsp;najdro\u017csze i najbli\u017csze Naszym sercom, gdy\u017c towarzyszy im niepowtarzalna i wyj\u0105tkowa atmosfera. Podczas spotkania odwiedzi\u0142 dzieci \u015awi\u0119ty Miko\u0142aj, kt\u00f3ry wr\u0119czy\u0142 wszystkim dzieciom prezenty. Dzi\u0119kujemy Ci \u015awi\u0119ty Miko\u0142aju!<\/p>\n","protected":false},"author":1,"featured_media":0,"parent":6866,"menu_order":0,"comment_status":"closed","ping_status":"closed","template":"szablon-galeria-submenu.php","meta":{"ngg_post_thumbnail":0,"footnotes":""},"class_list":["post-7596","page","type-page","status-publish","hentry"],"_links":{"self":[{"href":"https:\/\/bajkowydworek.com\/zlobek\/index.php?rest_route=\/wp\/v2\/pages\/7596","targetHints":{"allow":["GET"]}}],"collection":[{"href":"https:\/\/bajkowydworek.com\/zlobek\/index.php?rest_route=\/wp\/v2\/pages"}],"about":[{"href":"https:\/\/bajkowydworek.com\/zlobek\/index.php?rest_route=\/wp\/v2\/types\/page"}],"author":[{"embeddable":true,"href":"https:\/\/bajkowydworek.com\/zlobek\/index.php?rest_route=\/wp\/v2\/users\/1"}],"replies":[{"embeddable":true,"href":"https:\/\/bajkowydworek.com\/zlobek\/index.php?rest_route=%2Fwp%2Fv2%2Fcomments&post=7596"}],"version-history":[{"count":1,"href":"https:\/\/bajkowydworek.com\/zlobek\/index.php?rest_route=\/wp\/v2\/pages\/7596\/revisions"}],"predecessor-version":[{"id":7598,"href":"https:\/\/bajkowydworek.com\/zlobek\/index.php?rest_route=\/wp\/v2\/pages\/7596\/revisions\/7598"}],"up":[{"embeddable":true,"href":"https:\/\/bajkowydworek.com\/zlobek\/index.php?rest_route=\/wp\/v2\/pages\/6866"}],"wp:attachment":[{"href":"https:\/\/bajkowydworek.com\/zlobek\/index.php?rest_route=%2Fwp%2Fv2%2Fmedia&parent=7596"}],"curies":[{"name":"wp","href":"https:\/\/api.w.org\/{rel}","templated":true}]}}