{"id":7455,"date":"2025-12-09T11:37:28","date_gmt":"2025-12-09T10:37:28","guid":{"rendered":"https:\/\/bajkowydworek.com\/zlobek\/?page_id=7455"},"modified":"2025-12-09T11:39:39","modified_gmt":"2025-12-09T10:39:39","slug":"mikolajki","status":"publish","type":"page","link":"https:\/\/bajkowydworek.com\/zlobek\/?page_id=7455","title":{"rendered":"Miko\u0142ajki"},"content":{"rendered":"<blockquote>\n<p style=\"text-align: center;\"><span style=\"font-size: 16px; color: #ff0000;\"><strong><img loading=\"lazy\" decoding=\"async\" class=\"aligncenter  wp-image-3484\" src=\"https:\/\/bajkowydworek.com\/zlobek\/wp-content\/uploads\/2021\/12\/mikolajki.jpg\" alt=\"\" width=\"254\" height=\"160\" srcset=\"https:\/\/bajkowydworek.com\/zlobek\/wp-content\/uploads\/2021\/12\/mikolajki.jpg 532w, https:\/\/bajkowydworek.com\/zlobek\/wp-content\/uploads\/2021\/12\/mikolajki-300x189.jpg 300w\" sizes=\"auto, (max-width: 254px) 100vw, 254px\" \/>\u201e\u2026Siedz\u0119 cichute\u0144ko<\/strong><\/span><br \/>\n<span style=\"font-size: 16px; color: #ff0000;\"><strong>patrz\u0119 na okienko<\/strong><\/span><br \/>\n<span style=\"font-size: 16px; color: #ff0000;\"><strong>poruszy\u0142y si\u0119 zas\u0142onki!<\/strong><\/span><br \/>\n<span style=\"font-size: 16px; color: #ff0000;\"><strong>Chyba ju\u017c go widz\u0119!<\/strong><\/span><br \/>\n<span style=\"font-size: 16px; color: #ff0000;\"><strong>Chyba ju\u017c go s\u0142ysz\u0119, zabrz\u0119cza\u0142y<\/strong><\/span><br \/>\n<span style=\"font-size: 16px; color: #ff0000;\"><strong>jego sanek dzwonki<\/strong><\/span><br \/>\n<span style=\"font-size: 16px; color: #ff0000;\"><strong>Dzy\u0144. Dzy\u0144. Dzy\u0144<\/strong><\/span><br \/>\n<span style=\"font-size: 16px; color: #ff0000;\"><strong>Miko\u0142aju \u015awi\u0119ty<\/strong><\/span><br \/>\n<span style=\"font-size: 16px; color: #ff0000;\"><strong>Dzy\u0144. Dzy\u0144, Dzy\u0144<\/strong><\/span><br \/>\n<span style=\"font-size: 16px; color: #ff0000;\"><strong>przynie\u015b nam prezenty\u2026\u201d<\/strong><\/span><\/p>\n<\/blockquote>\n<p style=\"text-align: justify;\">Dnia 5 grudnia 2025 r. w naszym \u017c\u0142obku odby\u0142y si\u0119 Miko\u0142ajki. Maluchy w \u015bwi\u0105tecznych strojach w oczekiwaniu na przybycie \u015awi\u0119tego Miko\u0142aja z wielkim zapa\u0142em zabra\u0142y si\u0119 za ubieranie choinki. Dzieci zawiesza\u0142y bombki, gwiazdki, \u0142a\u0144cuchy oraz kolorowe \u015bwiate\u0142ka. W salach zrobi\u0142o si\u0119 bardzo \u015bwi\u0105tecznie i pojawi\u0142 si\u0119 d\u0142ugo oczekiwany go\u015b\u0107 \u2013 \u015awi\u0119ty Miko\u0142aj, kt\u00f3ry wywo\u0142a\u0142 u\u015bmiech na twarzach wszystkich dzieci. W tym dniu nie mog\u0142o zabrakn\u0105\u0107 weso\u0142ego \u015bpiewu \u015bwi\u0105tecznych piosenek, recytacji wierszy oraz wsp\u00f3lnej zabawy z Miko\u0142ajem. Jednak najbardziej wyczekiwanym momentem dla wszystkich dzieci by\u0142o wr\u0119czenie przez Miko\u0142aja prezent\u00f3w. Uroczego \u015awi\u0119tego Miko\u0142aja wspierali jego pomocnicy &#8211; anio\u0142ki, ba\u0142wanek. Spotkanie z Miko\u0142ajem min\u0119\u0142o w bardzo mi\u0142ej atmosferze i przynios\u0142o dzieciom wiele rado\u015bci.<\/p>\nngg_shortcode_0_placeholder\n","protected":false},"excerpt":{"rendered":"<p>\u201e\u2026Siedz\u0119 cichute\u0144ko patrz\u0119 na okienko poruszy\u0142y si\u0119 zas\u0142onki! Chyba ju\u017c go widz\u0119! Chyba ju\u017c go s\u0142ysz\u0119, zabrz\u0119cza\u0142y jego sanek dzwonki Dzy\u0144. Dzy\u0144. Dzy\u0144 Miko\u0142aju \u015awi\u0119ty Dzy\u0144. Dzy\u0144, Dzy\u0144 przynie\u015b nam prezenty\u2026\u201d Dnia 5 grudnia 2025 r. w naszym \u017c\u0142obku odby\u0142y si\u0119 Miko\u0142ajki. Maluchy w \u015bwi\u0105tecznych strojach w oczekiwaniu na przybycie \u015awi\u0119tego Miko\u0142aja z wielkim zapa\u0142em [&hellip;]<\/p>\n","protected":false},"author":1,"featured_media":0,"parent":6866,"menu_order":0,"comment_status":"closed","ping_status":"closed","template":"szablon-galeria-submenu.php","meta":{"ngg_post_thumbnail":0,"footnotes":""},"class_list":["post-7455","page","type-page","status-publish","hentry"],"_links":{"self":[{"href":"https:\/\/bajkowydworek.com\/zlobek\/index.php?rest_route=\/wp\/v2\/pages\/7455","targetHints":{"allow":["GET"]}}],"collection":[{"href":"https:\/\/bajkowydworek.com\/zlobek\/index.php?rest_route=\/wp\/v2\/pages"}],"about":[{"href":"https:\/\/bajkowydworek.com\/zlobek\/index.php?rest_route=\/wp\/v2\/types\/page"}],"author":[{"embeddable":true,"href":"https:\/\/bajkowydworek.com\/zlobek\/index.php?rest_route=\/wp\/v2\/users\/1"}],"replies":[{"embeddable":true,"href":"https:\/\/bajkowydworek.com\/zlobek\/index.php?rest_route=%2Fwp%2Fv2%2Fcomments&post=7455"}],"version-history":[{"count":2,"href":"https:\/\/bajkowydworek.com\/zlobek\/index.php?rest_route=\/wp\/v2\/pages\/7455\/revisions"}],"predecessor-version":[{"id":7457,"href":"https:\/\/bajkowydworek.com\/zlobek\/index.php?rest_route=\/wp\/v2\/pages\/7455\/revisions\/7457"}],"up":[{"embeddable":true,"href":"https:\/\/bajkowydworek.com\/zlobek\/index.php?rest_route=\/wp\/v2\/pages\/6866"}],"wp:attachment":[{"href":"https:\/\/bajkowydworek.com\/zlobek\/index.php?rest_route=%2Fwp%2Fv2%2Fmedia&parent=7455"}],"curies":[{"name":"wp","href":"https:\/\/api.w.org\/{rel}","templated":true}]}}