{"id":7354,"date":"2025-12-06T22:02:58","date_gmt":"2025-12-06T21:02:58","guid":{"rendered":"https:\/\/bajkowydworek.com\/zlobek\/?page_id=7354"},"modified":"2025-12-06T22:04:34","modified_gmt":"2025-12-06T21:04:34","slug":"rodzinny-konkurs-plastyczny-ozdoba-bozonarodzeniowa","status":"publish","type":"page","link":"https:\/\/bajkowydworek.com\/zlobek\/?page_id=7354","title":{"rendered":"Rodzinny konkurs plastyczny &quot;Ozdoba Bo\u017conarodzeniowa&quot;"},"content":{"rendered":"<p style=\"text-align: justify;\"><img loading=\"lazy\" decoding=\"async\" class=\"aligncenter  wp-image-7355\" src=\"https:\/\/bajkowydworek.com\/zlobek\/wp-content\/uploads\/2025\/12\/ozdoba-bozonarodzeniowa.jpg\" alt=\"\" width=\"292\" height=\"160\" srcset=\"https:\/\/bajkowydworek.com\/zlobek\/wp-content\/uploads\/2025\/12\/ozdoba-bozonarodzeniowa.jpg 726w, https:\/\/bajkowydworek.com\/zlobek\/wp-content\/uploads\/2025\/12\/ozdoba-bozonarodzeniowa-300x164.jpg 300w\" sizes=\"auto, (max-width: 292px) 100vw, 292px\" \/>W naszej plac\u00f3wce zosta\u0142 zorganizowany rodzinny konkurs plastyczny zatytu\u0142owany \u201eOZDOBA BO\u017bONARODZENIOWA\u201d. Celem konkursu by\u0142o propagowanie tradycji zwi\u0105zanej z tematyk\u0105 \u015bwi\u0105t Bo\u017cego Narodzenie, rozwijanie wyobra\u017ani, kreatywno\u015bci oraz pobudzenie aktywno\u015bci tw\u00f3rczej, a tak\u017ce wymiana wiedzy na temat zanikaj\u0105cego zwyczaju w\u0142asnor\u0119cznego wykonania ozd\u00f3b bo\u017conarodzeniowych. Konkurs cieszy\u0142 si\u0119 du\u017cym zainteresowaniem. W konkursie wzi\u0119\u0142o udzia\u0142 23 dzieci z naszej plac\u00f3wki wraz ze swoimi rodzinami. Rozstrzygni\u0119cie konkursu i og\u0142oszenie wynik\u00f3w odby\u0142o si\u0119 6 grudnia 2025 r. w imieniny Miko\u0142aja \u201eMiko\u0142ajki\u201d. Spo\u015br\u00f3d prac wybrano laureat\u00f3w oraz wyr\u00f3\u017cniono nast\u0119puj\u0105ce prace:<\/p>\n<ul>\n<li><strong>I MIEJSCE -Mariia S. z grupy \u201e\u017babki\u201d, Jan J. z grupy \u201eMisie\u201d, Melania L. i Savelii M. z grupy \u201eKangurki, Zofia M. z grupy Tygryski, Timofei M. z grupy \u201eS\u00f3wki\u201d, Zofia L. z grypy \u201eWiewi\u00f3rki\u201d.<\/strong><\/li>\n<li><strong>II MIEJSCE \u2013 Kirill G. z grupy \u201eBiedronki\u201d, Liliana L. z grupy \u201eRybki\u201d, Klara L. z grupy \u201eTygryski\u201d, Laura O. oraz Hanna M. z grupy \u201eWiewi\u00f3rki\u201d.<\/strong><\/li>\n<li><strong>III MIEJSCE \u2013 Antoni R. z grupy \u201eBiedronki, Sviatoslav Z. z grupy \u201eMisie\u201d, Michalina D. z grupy \u201eTygryski\u201d, Bianka D. z grupy \u201eWiewi\u00f3rki\u201d.<\/strong><\/li>\n<\/ul>\n<p style=\"text-align: justify;\">Wyr\u00f3\u017cnienia: Urszula K., Cezary T. i Antonia B. z grupy \u201eBiedronki\u201d, Jakub L. i Uliana D. z grupy \u201e\u017babki\u201d, Franciszek \u0179. Z grupy \u201eRybki\u201d, Oktawian P. z grupy \u201eMisie\u201d.<br \/>\nWszyscy uczestniczy konkursu otrzymali dyplomy oraz upominki. Serdecznie gratulujemy i \u017cyczymy dalszych sukces\u00f3w.<\/p>\nngg_shortcode_0_placeholder\n","protected":false},"excerpt":{"rendered":"<p>W naszej plac\u00f3wce zosta\u0142 zorganizowany rodzinny konkurs plastyczny zatytu\u0142owany \u201eOZDOBA BO\u017bONARODZENIOWA\u201d. Celem konkursu by\u0142o propagowanie tradycji zwi\u0105zanej z tematyk\u0105 \u015bwi\u0105t Bo\u017cego Narodzenie, rozwijanie wyobra\u017ani, kreatywno\u015bci oraz pobudzenie aktywno\u015bci tw\u00f3rczej, a tak\u017ce wymiana wiedzy na temat zanikaj\u0105cego zwyczaju w\u0142asnor\u0119cznego wykonania ozd\u00f3b bo\u017conarodzeniowych. Konkurs cieszy\u0142 si\u0119 du\u017cym zainteresowaniem. W konkursie wzi\u0119\u0142o udzia\u0142 23 dzieci z naszej plac\u00f3wki [&hellip;]<\/p>\n","protected":false},"author":1,"featured_media":0,"parent":6866,"menu_order":0,"comment_status":"closed","ping_status":"closed","template":"szablon-galeria-submenu.php","meta":{"ngg_post_thumbnail":0,"footnotes":""},"class_list":["post-7354","page","type-page","status-publish","hentry"],"_links":{"self":[{"href":"https:\/\/bajkowydworek.com\/zlobek\/index.php?rest_route=\/wp\/v2\/pages\/7354","targetHints":{"allow":["GET"]}}],"collection":[{"href":"https:\/\/bajkowydworek.com\/zlobek\/index.php?rest_route=\/wp\/v2\/pages"}],"about":[{"href":"https:\/\/bajkowydworek.com\/zlobek\/index.php?rest_route=\/wp\/v2\/types\/page"}],"author":[{"embeddable":true,"href":"https:\/\/bajkowydworek.com\/zlobek\/index.php?rest_route=\/wp\/v2\/users\/1"}],"replies":[{"embeddable":true,"href":"https:\/\/bajkowydworek.com\/zlobek\/index.php?rest_route=%2Fwp%2Fv2%2Fcomments&post=7354"}],"version-history":[{"count":2,"href":"https:\/\/bajkowydworek.com\/zlobek\/index.php?rest_route=\/wp\/v2\/pages\/7354\/revisions"}],"predecessor-version":[{"id":7357,"href":"https:\/\/bajkowydworek.com\/zlobek\/index.php?rest_route=\/wp\/v2\/pages\/7354\/revisions\/7357"}],"up":[{"embeddable":true,"href":"https:\/\/bajkowydworek.com\/zlobek\/index.php?rest_route=\/wp\/v2\/pages\/6866"}],"wp:attachment":[{"href":"https:\/\/bajkowydworek.com\/zlobek\/index.php?rest_route=%2Fwp%2Fv2%2Fmedia&parent=7354"}],"curies":[{"name":"wp","href":"https:\/\/api.w.org\/{rel}","templated":true}]}}