{"id":7199,"date":"2025-11-08T15:14:52","date_gmt":"2025-11-08T14:14:52","guid":{"rendered":"https:\/\/bajkowydworek.com\/zlobek\/?page_id=7199"},"modified":"2025-11-08T15:16:24","modified_gmt":"2025-11-08T14:16:24","slug":"miedzynarodowy-dzien-postaci-z-bajek-2","status":"publish","type":"page","link":"https:\/\/bajkowydworek.com\/zlobek\/?page_id=7199","title":{"rendered":"Mi\u0119dzynarodowy Dzie\u0144 Postaci z Bajek"},"content":{"rendered":"<p style=\"text-align: justify;\"><img loading=\"lazy\" decoding=\"async\" class=\"alignleft  wp-image-7200\" src=\"https:\/\/bajkowydworek.com\/zlobek\/wp-content\/uploads\/2025\/11\/dzien-postaci-z-bajek.jpg\" alt=\"\" width=\"219\" height=\"160\" srcset=\"https:\/\/bajkowydworek.com\/zlobek\/wp-content\/uploads\/2025\/11\/dzien-postaci-z-bajek.jpg 559w, https:\/\/bajkowydworek.com\/zlobek\/wp-content\/uploads\/2025\/11\/dzien-postaci-z-bajek-300x219.jpg 300w\" sizes=\"auto, (max-width: 219px) 100vw, 219px\" \/>W dniu 6 listopada 2025 roku w Bajkowym Dworku odby\u0142 si\u0119 Mi\u0119dzynarodowy Dzie\u0144 Postaci z Bajek &#8211; \u015bwi\u0119to wszystkich bajkowych postaci. Mi\u0119dzynarodowy Dzie\u0144 Postaci z Bajek jest doskona\u0142\u0105 okazj\u0105 do rozwijania zainteresowa\u0144 czytelniczych w\u015br\u00f3d dzieci. Atrakcj\u0105 okaza\u0142 si\u0119 spektakl w wykonaniu kadry \u017c\u0142obka dla dzieci pt. \u201eCzerwony Kapturek\u201d. Wpadaj\u0105ce w ucho piosenki, dobry humor i porywaj\u0105ca fabu\u0142a spowodowa\u0142a, \u017ce bajka podoba\u0142a si\u0119 naszym podopiecznym. Ten wyj\u0105tkowy dzie\u0144 by\u0142 pe\u0142en rado\u015bci i wywo\u0142a\u0142 u\u015bmiech na twarzach dzieci.<\/p>\nngg_shortcode_0_placeholder\n","protected":false},"excerpt":{"rendered":"<p>W dniu 6 listopada 2025 roku w Bajkowym Dworku odby\u0142 si\u0119 Mi\u0119dzynarodowy Dzie\u0144 Postaci z Bajek &#8211; \u015bwi\u0119to wszystkich bajkowych postaci. Mi\u0119dzynarodowy Dzie\u0144 Postaci z Bajek jest doskona\u0142\u0105 okazj\u0105 do rozwijania zainteresowa\u0144 czytelniczych w\u015br\u00f3d dzieci. Atrakcj\u0105 okaza\u0142 si\u0119 spektakl w wykonaniu kadry \u017c\u0142obka dla dzieci pt. \u201eCzerwony Kapturek\u201d. Wpadaj\u0105ce w ucho piosenki, dobry humor i [&hellip;]<\/p>\n","protected":false},"author":1,"featured_media":0,"parent":6866,"menu_order":0,"comment_status":"closed","ping_status":"closed","template":"szablon-galeria-submenu.php","meta":{"ngg_post_thumbnail":0,"footnotes":""},"class_list":["post-7199","page","type-page","status-publish","hentry"],"_links":{"self":[{"href":"https:\/\/bajkowydworek.com\/zlobek\/index.php?rest_route=\/wp\/v2\/pages\/7199","targetHints":{"allow":["GET"]}}],"collection":[{"href":"https:\/\/bajkowydworek.com\/zlobek\/index.php?rest_route=\/wp\/v2\/pages"}],"about":[{"href":"https:\/\/bajkowydworek.com\/zlobek\/index.php?rest_route=\/wp\/v2\/types\/page"}],"author":[{"embeddable":true,"href":"https:\/\/bajkowydworek.com\/zlobek\/index.php?rest_route=\/wp\/v2\/users\/1"}],"replies":[{"embeddable":true,"href":"https:\/\/bajkowydworek.com\/zlobek\/index.php?rest_route=%2Fwp%2Fv2%2Fcomments&post=7199"}],"version-history":[{"count":2,"href":"https:\/\/bajkowydworek.com\/zlobek\/index.php?rest_route=\/wp\/v2\/pages\/7199\/revisions"}],"predecessor-version":[{"id":7202,"href":"https:\/\/bajkowydworek.com\/zlobek\/index.php?rest_route=\/wp\/v2\/pages\/7199\/revisions\/7202"}],"up":[{"embeddable":true,"href":"https:\/\/bajkowydworek.com\/zlobek\/index.php?rest_route=\/wp\/v2\/pages\/6866"}],"wp:attachment":[{"href":"https:\/\/bajkowydworek.com\/zlobek\/index.php?rest_route=%2Fwp%2Fv2%2Fmedia&parent=7199"}],"curies":[{"name":"wp","href":"https:\/\/api.w.org\/{rel}","templated":true}]}}