{"id":7164,"date":"2025-11-03T22:26:19","date_gmt":"2025-11-03T21:26:19","guid":{"rendered":"https:\/\/bajkowydworek.com\/zlobek\/?page_id=7164"},"modified":"2025-11-03T22:28:29","modified_gmt":"2025-11-03T21:28:29","slug":"dzien-dyni","status":"publish","type":"page","link":"https:\/\/bajkowydworek.com\/zlobek\/?page_id=7164","title":{"rendered":"Dzie\u0144 Dyni"},"content":{"rendered":"<blockquote>\n<p style=\"text-align: center;\"><span style=\"color: #ff6600;\">\u201eJak przyjemnie i weso\u0142o<\/span><br \/>\n<span style=\"color: #ff6600;\">kiedy dynia kr\u0105\u017cy wko\u0142o<\/span><br \/>\n<span style=\"color: #ff6600;\">Dynia tu, dynia tam<\/span><br \/>\n<span style=\"color: #ff6600;\">dynia kr\u0105\u017cy tu i tam\u201d.<\/span><\/p>\n<\/blockquote>\n<p style=\"text-align: justify;\"><img loading=\"lazy\" decoding=\"async\" class=\"alignleft  wp-image-3395\" src=\"https:\/\/bajkowydworek.com\/zlobek\/wp-content\/uploads\/2021\/11\/dzien_dyni.jpg\" alt=\"\" width=\"160\" height=\"116\">Maluchy z grup: \u201eBiedroneczki\u201d, \u201ePszcz\u00f3\u0142ki\u201d \u201e\u017babki\u201d, \u201eRybki\u201d oraz \u201eMisie\u201d obchodzi\u0142y Dzie\u0144 Dyni &#8211; kr\u00f3lowej warzyw. Dynia to bardzo zdrowe, urodziwe, wdzi\u0119czne i \u0142atwe do wsp\u00f3\u0142pracy warzywo. Dzieci z ch\u0119ci\u0105 uczestniczy\u0142y w r\u00f3\u017cnych tematycznych grach i zabawach. Na pewno ten dzie\u0144 pozostanie d\u0142ugo w naszej pami\u0119ci.<\/p>\nngg_shortcode_0_placeholder\n","protected":false},"excerpt":{"rendered":"<p>\u201eJak przyjemnie i weso\u0142o kiedy dynia kr\u0105\u017cy wko\u0142o Dynia tu, dynia tam dynia kr\u0105\u017cy tu i tam\u201d. Maluchy z grup: \u201eBiedroneczki\u201d, \u201ePszcz\u00f3\u0142ki\u201d \u201e\u017babki\u201d, \u201eRybki\u201d oraz \u201eMisie\u201d obchodzi\u0142y Dzie\u0144 Dyni &#8211; kr\u00f3lowej warzyw. Dynia to bardzo zdrowe, urodziwe, wdzi\u0119czne i \u0142atwe do wsp\u00f3\u0142pracy warzywo. Dzieci z ch\u0119ci\u0105 uczestniczy\u0142y w r\u00f3\u017cnych tematycznych grach i zabawach. Na pewno [&hellip;]<\/p>\n","protected":false},"author":1,"featured_media":0,"parent":6866,"menu_order":0,"comment_status":"closed","ping_status":"closed","template":"szablon-galeria-submenu.php","meta":{"ngg_post_thumbnail":0,"footnotes":""},"class_list":["post-7164","page","type-page","status-publish","hentry"],"_links":{"self":[{"href":"https:\/\/bajkowydworek.com\/zlobek\/index.php?rest_route=\/wp\/v2\/pages\/7164","targetHints":{"allow":["GET"]}}],"collection":[{"href":"https:\/\/bajkowydworek.com\/zlobek\/index.php?rest_route=\/wp\/v2\/pages"}],"about":[{"href":"https:\/\/bajkowydworek.com\/zlobek\/index.php?rest_route=\/wp\/v2\/types\/page"}],"author":[{"embeddable":true,"href":"https:\/\/bajkowydworek.com\/zlobek\/index.php?rest_route=\/wp\/v2\/users\/1"}],"replies":[{"embeddable":true,"href":"https:\/\/bajkowydworek.com\/zlobek\/index.php?rest_route=%2Fwp%2Fv2%2Fcomments&post=7164"}],"version-history":[{"count":2,"href":"https:\/\/bajkowydworek.com\/zlobek\/index.php?rest_route=\/wp\/v2\/pages\/7164\/revisions"}],"predecessor-version":[{"id":7166,"href":"https:\/\/bajkowydworek.com\/zlobek\/index.php?rest_route=\/wp\/v2\/pages\/7164\/revisions\/7166"}],"up":[{"embeddable":true,"href":"https:\/\/bajkowydworek.com\/zlobek\/index.php?rest_route=\/wp\/v2\/pages\/6866"}],"wp:attachment":[{"href":"https:\/\/bajkowydworek.com\/zlobek\/index.php?rest_route=%2Fwp%2Fv2%2Fmedia&parent=7164"}],"curies":[{"name":"wp","href":"https:\/\/api.w.org\/{rel}","templated":true}]}}