{"id":7093,"date":"2025-10-17T22:21:28","date_gmt":"2025-10-17T20:21:28","guid":{"rendered":"https:\/\/bajkowydworek.com\/zlobek\/?page_id=7093"},"modified":"2025-10-17T22:23:27","modified_gmt":"2025-10-17T20:23:27","slug":"jesienia-w-zlobku","status":"publish","type":"page","link":"https:\/\/bajkowydworek.com\/zlobek\/?page_id=7093","title":{"rendered":"Jesieni\u0105 w \u017c\u0142obku"},"content":{"rendered":"<blockquote>\n<p style=\"text-align: center;\"><span style=\"color: #339966;\">\u201eNa jesieni skarby zbierz.<\/span><br \/>\n<span style=\"color: #339966;\">Co z nich zrobi\u0107 &#8211; dobrze wiesz.<\/span><br \/>\n<span style=\"color: #339966;\">Z jarz\u0119biny &#8211; koraliki.<\/span><br \/>\n<span style=\"color: #339966;\">a z kasztan\u00f3w pajacyki\u201d<\/span><\/p>\n<\/blockquote>\n<p style=\"text-align: justify;\"><img loading=\"lazy\" decoding=\"async\" class=\"wp-image-4464 alignleft\" src=\"https:\/\/bajkowydworek.com\/zlobek\/wp-content\/uploads\/2024\/10\/jesien_w_zlobku.jpg\" alt=\"\" width=\"197\" height=\"160\" srcset=\"https:\/\/bajkowydworek.com\/zlobek\/wp-content\/uploads\/2024\/10\/jesien_w_zlobku.jpg 562w, https:\/\/bajkowydworek.com\/zlobek\/wp-content\/uploads\/2024\/10\/jesien_w_zlobku-300x243.jpg 300w\" sizes=\"auto, (max-width: 197px) 100vw, 197px\" \/>W naszym \u017c\u0142obku jesienny nastr\u00f3j zapanowa\u0142 na dobre. Maluchy bra\u0142y udzia\u0142 w zaj\u0119ciach, w trakcie kt\u00f3rych poznawa\u0142y skarby, jakie przynosi nam jesie\u0144. Dzieci ch\u0119tnie uczestniczy\u0142y w przygotowanych aktywno\u015bciach. Z ogromnym zainteresowaniem odkrywa\u0142y dary jesieni za pomoc\u0105 r\u00f3\u017cnych zmys\u0142\u00f3w \u2013 obserwowa\u0142y, dotyka\u0142y, w\u0105cha\u0142y li\u015bcie, kasztany i \u017co\u0142\u0119dzie. Zabawa by\u0142a udana i sprawi\u0142a dzieciom du\u017co rado\u015bci.<\/p>\nngg_shortcode_0_placeholder\n","protected":false},"excerpt":{"rendered":"<p>\u201eNa jesieni skarby zbierz. Co z nich zrobi\u0107 &#8211; dobrze wiesz. Z jarz\u0119biny &#8211; koraliki. a z kasztan\u00f3w pajacyki\u201d W naszym \u017c\u0142obku jesienny nastr\u00f3j zapanowa\u0142 na dobre. Maluchy bra\u0142y udzia\u0142 w zaj\u0119ciach, w trakcie kt\u00f3rych poznawa\u0142y skarby, jakie przynosi nam jesie\u0144. Dzieci ch\u0119tnie uczestniczy\u0142y w przygotowanych aktywno\u015bciach. Z ogromnym zainteresowaniem odkrywa\u0142y dary jesieni za pomoc\u0105 [&hellip;]<\/p>\n","protected":false},"author":1,"featured_media":0,"parent":6866,"menu_order":0,"comment_status":"closed","ping_status":"closed","template":"szablon-galeria-submenu.php","meta":{"ngg_post_thumbnail":0,"footnotes":""},"class_list":["post-7093","page","type-page","status-publish","hentry"],"_links":{"self":[{"href":"https:\/\/bajkowydworek.com\/zlobek\/index.php?rest_route=\/wp\/v2\/pages\/7093","targetHints":{"allow":["GET"]}}],"collection":[{"href":"https:\/\/bajkowydworek.com\/zlobek\/index.php?rest_route=\/wp\/v2\/pages"}],"about":[{"href":"https:\/\/bajkowydworek.com\/zlobek\/index.php?rest_route=\/wp\/v2\/types\/page"}],"author":[{"embeddable":true,"href":"https:\/\/bajkowydworek.com\/zlobek\/index.php?rest_route=\/wp\/v2\/users\/1"}],"replies":[{"embeddable":true,"href":"https:\/\/bajkowydworek.com\/zlobek\/index.php?rest_route=%2Fwp%2Fv2%2Fcomments&post=7093"}],"version-history":[{"count":2,"href":"https:\/\/bajkowydworek.com\/zlobek\/index.php?rest_route=\/wp\/v2\/pages\/7093\/revisions"}],"predecessor-version":[{"id":7095,"href":"https:\/\/bajkowydworek.com\/zlobek\/index.php?rest_route=\/wp\/v2\/pages\/7093\/revisions\/7095"}],"up":[{"embeddable":true,"href":"https:\/\/bajkowydworek.com\/zlobek\/index.php?rest_route=\/wp\/v2\/pages\/6866"}],"wp:attachment":[{"href":"https:\/\/bajkowydworek.com\/zlobek\/index.php?rest_route=%2Fwp%2Fv2%2Fmedia&parent=7093"}],"curies":[{"name":"wp","href":"https:\/\/api.w.org\/{rel}","templated":true}]}}