{"id":6972,"date":"2025-10-01T18:42:22","date_gmt":"2025-10-01T16:42:22","guid":{"rendered":"https:\/\/bajkowydworek.com\/zlobek\/?page_id=6972"},"modified":"2025-10-01T18:50:29","modified_gmt":"2025-10-01T16:50:29","slug":"dzien-chlopaka","status":"publish","type":"page","link":"https:\/\/bajkowydworek.com\/zlobek\/?page_id=6972","title":{"rendered":"Dzie\u0144 Ch\u0142opaka"},"content":{"rendered":"<p style=\"text-align: justify;\"><img loading=\"lazy\" decoding=\"async\" class=\"aligncenter wp-image-4197\" src=\"https:\/\/bajkowydworek.com\/zlobek\/wp-content\/uploads\/2023\/10\/dzien_chlopaka.jpg\" alt=\"\" width=\"334\" height=\"160\">30 wrze\u015bnia 2025 r. obchodzony jest Dzie\u0144 Ch\u0142opaka. Jak co roku pami\u0119tali\u015bmy o tym \u015bwi\u0119cie. Dziewczynki wcze\u015bniej przygotowa\u0142y upominki dla swoich koleg\u00f3w, kt\u00f3re w dniu ich \u015bwi\u0119ta zosta\u0142y wr\u0119czone. Dzie\u0144 ten sp\u0119dzili\u015bmy w mi\u0142ej i rozta\u0144czonej atmosferze.<\/p>\nngg_shortcode_0_placeholder\n","protected":false},"excerpt":{"rendered":"<p>30 wrze\u015bnia 2025 r. obchodzony jest Dzie\u0144 Ch\u0142opaka. Jak co roku pami\u0119tali\u015bmy o tym \u015bwi\u0119cie. Dziewczynki wcze\u015bniej przygotowa\u0142y upominki dla swoich koleg\u00f3w, kt\u00f3re w dniu ich \u015bwi\u0119ta zosta\u0142y wr\u0119czone. Dzie\u0144 ten sp\u0119dzili\u015bmy w mi\u0142ej i rozta\u0144czonej atmosferze.<\/p>\n","protected":false},"author":1,"featured_media":0,"parent":6866,"menu_order":0,"comment_status":"closed","ping_status":"closed","template":"szablon-galeria-submenu.php","meta":{"ngg_post_thumbnail":0,"footnotes":""},"class_list":["post-6972","page","type-page","status-publish","hentry"],"_links":{"self":[{"href":"https:\/\/bajkowydworek.com\/zlobek\/index.php?rest_route=\/wp\/v2\/pages\/6972","targetHints":{"allow":["GET"]}}],"collection":[{"href":"https:\/\/bajkowydworek.com\/zlobek\/index.php?rest_route=\/wp\/v2\/pages"}],"about":[{"href":"https:\/\/bajkowydworek.com\/zlobek\/index.php?rest_route=\/wp\/v2\/types\/page"}],"author":[{"embeddable":true,"href":"https:\/\/bajkowydworek.com\/zlobek\/index.php?rest_route=\/wp\/v2\/users\/1"}],"replies":[{"embeddable":true,"href":"https:\/\/bajkowydworek.com\/zlobek\/index.php?rest_route=%2Fwp%2Fv2%2Fcomments&post=6972"}],"version-history":[{"count":2,"href":"https:\/\/bajkowydworek.com\/zlobek\/index.php?rest_route=\/wp\/v2\/pages\/6972\/revisions"}],"predecessor-version":[{"id":6975,"href":"https:\/\/bajkowydworek.com\/zlobek\/index.php?rest_route=\/wp\/v2\/pages\/6972\/revisions\/6975"}],"up":[{"embeddable":true,"href":"https:\/\/bajkowydworek.com\/zlobek\/index.php?rest_route=\/wp\/v2\/pages\/6866"}],"wp:attachment":[{"href":"https:\/\/bajkowydworek.com\/zlobek\/index.php?rest_route=%2Fwp%2Fv2%2Fmedia&parent=6972"}],"curies":[{"name":"wp","href":"https:\/\/api.w.org\/{rel}","templated":true}]}}