{"id":6926,"date":"2025-09-17T20:43:59","date_gmt":"2025-09-17T18:43:59","guid":{"rendered":"https:\/\/bajkowydworek.com\/zlobek\/?page_id=6926"},"modified":"2025-09-17T20:45:42","modified_gmt":"2025-09-17T18:45:42","slug":"miedzynarodowy-dzien-kropki","status":"publish","type":"page","link":"https:\/\/bajkowydworek.com\/zlobek\/?page_id=6926","title":{"rendered":"Mi\u0119dzynarodowy Dzie\u0144 Kropki"},"content":{"rendered":"<p style=\"text-align: justify;\"><img loading=\"lazy\" decoding=\"async\" class=\"aligncenter  wp-image-4425\" src=\"https:\/\/bajkowydworek.com\/zlobek\/wp-content\/uploads\/2024\/09\/dzien_kropki.jpg\" alt=\"\" width=\"213\" height=\"160\" srcset=\"https:\/\/bajkowydworek.com\/zlobek\/wp-content\/uploads\/2024\/09\/dzien_kropki.jpg 1029w, https:\/\/bajkowydworek.com\/zlobek\/wp-content\/uploads\/2024\/09\/dzien_kropki-300x225.jpg 300w, https:\/\/bajkowydworek.com\/zlobek\/wp-content\/uploads\/2024\/09\/dzien_kropki-1024x768.jpg 1024w, https:\/\/bajkowydworek.com\/zlobek\/wp-content\/uploads\/2024\/09\/dzien_kropki-768x576.jpg 768w\" sizes=\"auto, (max-width: 213px) 100vw, 213px\" \/>15 wrze\u015bnia 2025 r. dzieci z \u201eBajkowego Dworku\u201d po raz kolejny aktywnie w\u0142\u0105czy\u0142y si\u0119 w obchody Mi\u0119dzynarodowego Dnia Kropki. Jest to \u015bwi\u0119to kreatywno\u015bci, odwagi, talentu, wiary i zabawy. Motywem przewodnim jest kropka. Dzie\u0144 ten zacz\u0105\u0142 si\u0119 od obejrzenia historii ma\u0142ej Vashti, kt\u00f3ra nie wierzy\u0142a w swoje mo\u017cliwo\u015bci plastyczne, ale dzi\u0119ki malutkiej kropce i nauczycielce plastyki uwierzy\u0142a w siebie. Celem tego \u015bwi\u0119ta jest pomoc dzieciom w odkrywaniu w\u0142asnych talent\u00f3w, poznawaniu mocnych stron i wyrabianiu wiary we w\u0142asne mo\u017cliwo\u015bci. Z tej okazji powsta\u0142y \u201ekropkowe\u201d dzie\u0142a sztuki. Dzieci ozdobi\u0142y kropkami drzwi, a ka\u017cde z nich by\u0142y inne i wyj\u0105tkowe.<\/p>\nngg_shortcode_0_placeholder\n","protected":false},"excerpt":{"rendered":"<p>15 wrze\u015bnia 2025 r. dzieci z \u201eBajkowego Dworku\u201d po raz kolejny aktywnie w\u0142\u0105czy\u0142y si\u0119 w obchody Mi\u0119dzynarodowego Dnia Kropki. Jest to \u015bwi\u0119to kreatywno\u015bci, odwagi, talentu, wiary i zabawy. Motywem przewodnim jest kropka. Dzie\u0144 ten zacz\u0105\u0142 si\u0119 od obejrzenia historii ma\u0142ej Vashti, kt\u00f3ra nie wierzy\u0142a w swoje mo\u017cliwo\u015bci plastyczne, ale dzi\u0119ki malutkiej kropce i nauczycielce plastyki [&hellip;]<\/p>\n","protected":false},"author":1,"featured_media":0,"parent":6866,"menu_order":0,"comment_status":"closed","ping_status":"closed","template":"szablon-galeria-submenu.php","meta":{"ngg_post_thumbnail":0,"footnotes":""},"class_list":["post-6926","page","type-page","status-publish","hentry"],"_links":{"self":[{"href":"https:\/\/bajkowydworek.com\/zlobek\/index.php?rest_route=\/wp\/v2\/pages\/6926","targetHints":{"allow":["GET"]}}],"collection":[{"href":"https:\/\/bajkowydworek.com\/zlobek\/index.php?rest_route=\/wp\/v2\/pages"}],"about":[{"href":"https:\/\/bajkowydworek.com\/zlobek\/index.php?rest_route=\/wp\/v2\/types\/page"}],"author":[{"embeddable":true,"href":"https:\/\/bajkowydworek.com\/zlobek\/index.php?rest_route=\/wp\/v2\/users\/1"}],"replies":[{"embeddable":true,"href":"https:\/\/bajkowydworek.com\/zlobek\/index.php?rest_route=%2Fwp%2Fv2%2Fcomments&post=6926"}],"version-history":[{"count":1,"href":"https:\/\/bajkowydworek.com\/zlobek\/index.php?rest_route=\/wp\/v2\/pages\/6926\/revisions"}],"predecessor-version":[{"id":6927,"href":"https:\/\/bajkowydworek.com\/zlobek\/index.php?rest_route=\/wp\/v2\/pages\/6926\/revisions\/6927"}],"up":[{"embeddable":true,"href":"https:\/\/bajkowydworek.com\/zlobek\/index.php?rest_route=\/wp\/v2\/pages\/6866"}],"wp:attachment":[{"href":"https:\/\/bajkowydworek.com\/zlobek\/index.php?rest_route=%2Fwp%2Fv2%2Fmedia&parent=6926"}],"curies":[{"name":"wp","href":"https:\/\/api.w.org\/{rel}","templated":true}]}}