{"id":6864,"date":"2025-09-01T21:58:03","date_gmt":"2025-09-01T19:58:03","guid":{"rendered":"https:\/\/bajkowydworek.com\/zlobek\/?page_id=6864"},"modified":"2025-09-01T22:06:28","modified_gmt":"2025-09-01T20:06:28","slug":"dni-adaptacyjne-2","status":"publish","type":"page","link":"https:\/\/bajkowydworek.com\/zlobek\/?page_id=6864","title":{"rendered":"Dni adaptacyjne"},"content":{"rendered":"<p style=\"text-align: justify;\"><img loading=\"lazy\" decoding=\"async\" class=\"aligncenter  wp-image-3847\" src=\"https:\/\/bajkowydworek.com\/zlobek\/wp-content\/uploads\/2022\/09\/dni_adaptacyjne.png\" alt=\"\" width=\"380\" height=\"160\" srcset=\"https:\/\/bajkowydworek.com\/zlobek\/wp-content\/uploads\/2022\/09\/dni_adaptacyjne.png 800w, https:\/\/bajkowydworek.com\/zlobek\/wp-content\/uploads\/2022\/09\/dni_adaptacyjne-300x126.png 300w, https:\/\/bajkowydworek.com\/zlobek\/wp-content\/uploads\/2022\/09\/dni_adaptacyjne-768x324.png 768w\" sizes=\"auto, (max-width: 380px) 100vw, 380px\" \/>Proces adaptacji do nowego \u015brodowiska, jakim jest \u017c\u0142obek czy przedszkole, stanowi niezwykle wa\u017cny i prze\u0142omowy moment, zar\u00f3wno dla dziecka, jak i ca\u0142ej rodziny, dlatego w Bajkowym Dworku odbywa\u0142y si\u0119 dni adaptacyjne dla nowych podopiecznych, aby pom\u00f3c dzieciom i rodzicom zminimalizowa\u0107 stres i obawy pierwszych dni pobytu w Bajkowym Dworku. W tym roku dni te odby\u0142y si\u0119 28 i 29 sierpnia. W dniach adaptacyjnych uczestniczyli rodzice wraz z dzie\u0107mi, opiekunowie oraz nauczyciele. Podczas dni adaptacyjnych dzieci sp\u0119dzi\u0142y czas przyzwyczajaj\u0105c si\u0119 do nowego otoczenia i stopniowo zyskuj\u0105c poczucie bezpiecze\u0144stwa. Dzieci zapoznane zosta\u0142y z pomieszczeniami budynku, szatni\u0105 a przede wszystkim sal\u0105, w kt\u00f3rej b\u0119d\u0105 przebywa\u0107 w tym roku szkolnym. Podczas pobytu dzieci uczestniczy\u0142y w zabawach muzyczno-ruchowych, zabawach z chusta animacyjn\u0105. Wykona\u0142y prace plastyczno-techniczne. Dzieci mia\u0142y czas na zabaw\u0119 w gronie nowych koleg\u00f3w i kole\u017canek. Wsp\u00f3lnie wszyscy bardzo mi\u0142o sp\u0119dzili\u015bmy ten czas.<\/p>\nngg_shortcode_0_placeholder\n","protected":false},"excerpt":{"rendered":"<p>Proces adaptacji do nowego \u015brodowiska, jakim jest \u017c\u0142obek czy przedszkole, stanowi niezwykle wa\u017cny i prze\u0142omowy moment, zar\u00f3wno dla dziecka, jak i ca\u0142ej rodziny, dlatego w Bajkowym Dworku odbywa\u0142y si\u0119 dni adaptacyjne dla nowych podopiecznych, aby pom\u00f3c dzieciom i rodzicom zminimalizowa\u0107 stres i obawy pierwszych dni pobytu w Bajkowym Dworku. W tym roku dni te odby\u0142y [&hellip;]<\/p>\n","protected":false},"author":1,"featured_media":0,"parent":6866,"menu_order":0,"comment_status":"closed","ping_status":"closed","template":"szablon-galeria-submenu.php","meta":{"ngg_post_thumbnail":0,"footnotes":""},"class_list":["post-6864","page","type-page","status-publish","hentry"],"_links":{"self":[{"href":"https:\/\/bajkowydworek.com\/zlobek\/index.php?rest_route=\/wp\/v2\/pages\/6864","targetHints":{"allow":["GET"]}}],"collection":[{"href":"https:\/\/bajkowydworek.com\/zlobek\/index.php?rest_route=\/wp\/v2\/pages"}],"about":[{"href":"https:\/\/bajkowydworek.com\/zlobek\/index.php?rest_route=\/wp\/v2\/types\/page"}],"author":[{"embeddable":true,"href":"https:\/\/bajkowydworek.com\/zlobek\/index.php?rest_route=\/wp\/v2\/users\/1"}],"replies":[{"embeddable":true,"href":"https:\/\/bajkowydworek.com\/zlobek\/index.php?rest_route=%2Fwp%2Fv2%2Fcomments&post=6864"}],"version-history":[{"count":2,"href":"https:\/\/bajkowydworek.com\/zlobek\/index.php?rest_route=\/wp\/v2\/pages\/6864\/revisions"}],"predecessor-version":[{"id":6872,"href":"https:\/\/bajkowydworek.com\/zlobek\/index.php?rest_route=\/wp\/v2\/pages\/6864\/revisions\/6872"}],"up":[{"embeddable":true,"href":"https:\/\/bajkowydworek.com\/zlobek\/index.php?rest_route=\/wp\/v2\/pages\/6866"}],"wp:attachment":[{"href":"https:\/\/bajkowydworek.com\/zlobek\/index.php?rest_route=%2Fwp%2Fv2%2Fmedia&parent=6864"}],"curies":[{"name":"wp","href":"https:\/\/api.w.org\/{rel}","templated":true}]}}