{"id":6788,"date":"2025-08-29T20:43:43","date_gmt":"2025-08-29T18:43:43","guid":{"rendered":"https:\/\/bajkowydworek.com\/zlobek\/?page_id=6788"},"modified":"2025-08-29T20:44:45","modified_gmt":"2025-08-29T18:44:45","slug":"zabawy-rozwojowe-tydzien-ix","status":"publish","type":"page","link":"https:\/\/bajkowydworek.com\/zlobek\/?page_id=6788","title":{"rendered":"Zabawy rozwojowe &#8211; tydzie\u0144 IX"},"content":{"rendered":"<p style=\"text-align: justify;\"><img loading=\"lazy\" decoding=\"async\" class=\"aligncenter  wp-image-6789\" src=\"https:\/\/bajkowydworek.com\/zlobek\/wp-content\/uploads\/2025\/08\/zabawy-rozwojowe.jpg\" alt=\"\" width=\"163\" height=\"160\" srcset=\"https:\/\/bajkowydworek.com\/zlobek\/wp-content\/uploads\/2025\/08\/zabawy-rozwojowe.jpg 426w, https:\/\/bajkowydworek.com\/zlobek\/wp-content\/uploads\/2025\/08\/zabawy-rozwojowe-300x295.jpg 300w\" sizes=\"auto, (max-width: 163px) 100vw, 163px\" \/>W ostatnim wakacyjnym tygodniu nasi wychowankowie uczestniczyli w aktywno\u015bciach wspieraj\u0105cych rozw\u00f3j dziecka w r\u00f3\u017cnych sferach, takich jak motoryka, koordynacja, zmys\u0142y, mowa, a tak\u017ce umiej\u0119tno\u015bci spo\u0142eczne i poznawcze. Zaj\u0119cia obejmowa\u0142y zabawy dotykowe i d\u017awi\u0119kowe, stymuluj\u0105ce zmys\u0142y oraz kreatywno\u015b\u0107. By\u0142o rado\u015bnie i tw\u00f3rczo. Wszyscy wsp\u00f3lnie mi\u0142o sp\u0119dzili\u015bmy czas.<\/p>\nngg_shortcode_0_placeholder\n","protected":false},"excerpt":{"rendered":"<p>W ostatnim wakacyjnym tygodniu nasi wychowankowie uczestniczyli w aktywno\u015bciach wspieraj\u0105cych rozw\u00f3j dziecka w r\u00f3\u017cnych sferach, takich jak motoryka, koordynacja, zmys\u0142y, mowa, a tak\u017ce umiej\u0119tno\u015bci spo\u0142eczne i poznawcze. Zaj\u0119cia obejmowa\u0142y zabawy dotykowe i d\u017awi\u0119kowe, stymuluj\u0105ce zmys\u0142y oraz kreatywno\u015b\u0107. By\u0142o rado\u015bnie i tw\u00f3rczo. Wszyscy wsp\u00f3lnie mi\u0142o sp\u0119dzili\u015bmy czas.<\/p>\n","protected":false},"author":1,"featured_media":0,"parent":4413,"menu_order":0,"comment_status":"closed","ping_status":"closed","template":"szablon-galeria-submenu.php","meta":{"ngg_post_thumbnail":0,"footnotes":""},"class_list":["post-6788","page","type-page","status-publish","hentry"],"_links":{"self":[{"href":"https:\/\/bajkowydworek.com\/zlobek\/index.php?rest_route=\/wp\/v2\/pages\/6788","targetHints":{"allow":["GET"]}}],"collection":[{"href":"https:\/\/bajkowydworek.com\/zlobek\/index.php?rest_route=\/wp\/v2\/pages"}],"about":[{"href":"https:\/\/bajkowydworek.com\/zlobek\/index.php?rest_route=\/wp\/v2\/types\/page"}],"author":[{"embeddable":true,"href":"https:\/\/bajkowydworek.com\/zlobek\/index.php?rest_route=\/wp\/v2\/users\/1"}],"replies":[{"embeddable":true,"href":"https:\/\/bajkowydworek.com\/zlobek\/index.php?rest_route=%2Fwp%2Fv2%2Fcomments&post=6788"}],"version-history":[{"count":1,"href":"https:\/\/bajkowydworek.com\/zlobek\/index.php?rest_route=\/wp\/v2\/pages\/6788\/revisions"}],"predecessor-version":[{"id":6790,"href":"https:\/\/bajkowydworek.com\/zlobek\/index.php?rest_route=\/wp\/v2\/pages\/6788\/revisions\/6790"}],"up":[{"embeddable":true,"href":"https:\/\/bajkowydworek.com\/zlobek\/index.php?rest_route=\/wp\/v2\/pages\/4413"}],"wp:attachment":[{"href":"https:\/\/bajkowydworek.com\/zlobek\/index.php?rest_route=%2Fwp%2Fv2%2Fmedia&parent=6788"}],"curies":[{"name":"wp","href":"https:\/\/api.w.org\/{rel}","templated":true}]}}