{"id":6736,"date":"2025-08-22T09:45:21","date_gmt":"2025-08-22T07:45:21","guid":{"rendered":"https:\/\/bajkowydworek.com\/zlobek\/?page_id=6736"},"modified":"2025-08-22T09:47:13","modified_gmt":"2025-08-22T07:47:13","slug":"w-swiecie-basni-i-bajek-tydzien-viii","status":"publish","type":"page","link":"https:\/\/bajkowydworek.com\/zlobek\/?page_id=6736","title":{"rendered":"W \u015bwiecie ba\u015bni i bajek &#8211; tydzie\u0144 VIII"},"content":{"rendered":"<p style=\"text-align: justify;\"><img loading=\"lazy\" decoding=\"async\" class=\"aligncenter  wp-image-6737\" src=\"https:\/\/bajkowydworek.com\/zlobek\/wp-content\/uploads\/2025\/08\/w-swiecie-basni-i-bajek.png\" alt=\"\" width=\"236\" height=\"160\" srcset=\"https:\/\/bajkowydworek.com\/zlobek\/wp-content\/uploads\/2025\/08\/w-swiecie-basni-i-bajek.png 377w, https:\/\/bajkowydworek.com\/zlobek\/wp-content\/uploads\/2025\/08\/w-swiecie-basni-i-bajek-300x204.png 300w\" sizes=\"auto, (max-width: 236px) 100vw, 236px\" \/>W tym tygodniu odbyli\u015bmy podr\u00f3\u017c do krainy bajek i ba\u015bni. Dowiedzieli\u015bmy si\u0119 czym r\u00f3\u017cni\u0105 si\u0119 bajki od ba\u015bni. Przypomnieli\u015bmy sobie najpi\u0119kniejsze ba\u015bnie m.in. Trzy ma\u0142e \u015bwinki, Kopciuszek, Kot w butach, Ja\u015b i Ma\u0142gosia, Czerwony Kapturek. By\u0142 to tydzie\u0144 s\u0142uchania oraz czytania bajek, dzi\u0119ki czemu dzieci doskonali\u0142y umiej\u0119tno\u015b\u0107 uwa\u017cnego s\u0142uchania i spostrzegawczo\u015bci. Analizowali\u015bmy zachowania bohater\u00f3w i pr\u00f3bowali\u015bmy wymy\u015bla\u0107 inne zako\u0144czenia bajek. Zastanawiali\u015bmy si\u0119 jak inaczej mog\u0142yby post\u0105pi\u0107 niekt\u00f3re postacie. Poprzez wsp\u00f3lne uk\u0142adanie puzzli kszta\u0142towali\u015bmy postawy kole\u017ce\u0144skie, uczucie opanowania oraz cierpliwo\u015bci.<\/p>\nngg_shortcode_0_placeholder\n","protected":false},"excerpt":{"rendered":"<p>W tym tygodniu odbyli\u015bmy podr\u00f3\u017c do krainy bajek i ba\u015bni. Dowiedzieli\u015bmy si\u0119 czym r\u00f3\u017cni\u0105 si\u0119 bajki od ba\u015bni. Przypomnieli\u015bmy sobie najpi\u0119kniejsze ba\u015bnie m.in. Trzy ma\u0142e \u015bwinki, Kopciuszek, Kot w butach, Ja\u015b i Ma\u0142gosia, Czerwony Kapturek. By\u0142 to tydzie\u0144 s\u0142uchania oraz czytania bajek, dzi\u0119ki czemu dzieci doskonali\u0142y umiej\u0119tno\u015b\u0107 uwa\u017cnego s\u0142uchania i spostrzegawczo\u015bci. Analizowali\u015bmy zachowania bohater\u00f3w i [&hellip;]<\/p>\n","protected":false},"author":1,"featured_media":0,"parent":4413,"menu_order":0,"comment_status":"closed","ping_status":"closed","template":"szablon-galeria-submenu.php","meta":{"ngg_post_thumbnail":0,"footnotes":""},"class_list":["post-6736","page","type-page","status-publish","hentry"],"_links":{"self":[{"href":"https:\/\/bajkowydworek.com\/zlobek\/index.php?rest_route=\/wp\/v2\/pages\/6736","targetHints":{"allow":["GET"]}}],"collection":[{"href":"https:\/\/bajkowydworek.com\/zlobek\/index.php?rest_route=\/wp\/v2\/pages"}],"about":[{"href":"https:\/\/bajkowydworek.com\/zlobek\/index.php?rest_route=\/wp\/v2\/types\/page"}],"author":[{"embeddable":true,"href":"https:\/\/bajkowydworek.com\/zlobek\/index.php?rest_route=\/wp\/v2\/users\/1"}],"replies":[{"embeddable":true,"href":"https:\/\/bajkowydworek.com\/zlobek\/index.php?rest_route=%2Fwp%2Fv2%2Fcomments&post=6736"}],"version-history":[{"count":2,"href":"https:\/\/bajkowydworek.com\/zlobek\/index.php?rest_route=\/wp\/v2\/pages\/6736\/revisions"}],"predecessor-version":[{"id":6739,"href":"https:\/\/bajkowydworek.com\/zlobek\/index.php?rest_route=\/wp\/v2\/pages\/6736\/revisions\/6739"}],"up":[{"embeddable":true,"href":"https:\/\/bajkowydworek.com\/zlobek\/index.php?rest_route=\/wp\/v2\/pages\/4413"}],"wp:attachment":[{"href":"https:\/\/bajkowydworek.com\/zlobek\/index.php?rest_route=%2Fwp%2Fv2%2Fmedia&parent=6736"}],"curies":[{"name":"wp","href":"https:\/\/api.w.org\/{rel}","templated":true}]}}