{"id":6605,"date":"2025-08-13T08:57:25","date_gmt":"2025-08-13T06:57:25","guid":{"rendered":"https:\/\/bajkowydworek.com\/zlobek\/?page_id=6605"},"modified":"2025-08-13T08:58:59","modified_gmt":"2025-08-13T06:58:59","slug":"tydzien-kreatywnych-zabaw-tydzien-vi","status":"publish","type":"page","link":"https:\/\/bajkowydworek.com\/zlobek\/?page_id=6605","title":{"rendered":"Tydzie\u0144 kreatywnych zabaw &#8211; tydzie\u0144 VI"},"content":{"rendered":"<p style=\"text-align: justify;\"><img loading=\"lazy\" decoding=\"async\" class=\"aligncenter  wp-image-6606\" src=\"https:\/\/bajkowydworek.com\/zlobek\/wp-content\/uploads\/2025\/08\/tydzien-kreatywnych-zabaw.jpg\" alt=\"\" width=\"160\" height=\"160\" srcset=\"https:\/\/bajkowydworek.com\/zlobek\/wp-content\/uploads\/2025\/08\/tydzien-kreatywnych-zabaw.jpg 459w, https:\/\/bajkowydworek.com\/zlobek\/wp-content\/uploads\/2025\/08\/tydzien-kreatywnych-zabaw-300x300.jpg 300w, https:\/\/bajkowydworek.com\/zlobek\/wp-content\/uploads\/2025\/08\/tydzien-kreatywnych-zabaw-150x150.jpg 150w\" sizes=\"auto, (max-width: 160px) 100vw, 160px\" \/>Podczas tygodnia wakacyjnych zabaw kreatywnych w Bajkowym Dworku zorganizowano r\u00f3\u017cnorodne aktywno\u015bci, kt\u00f3re rozwijaj\u0105 wyobra\u017ani\u0119 i umiej\u0119tno\u015bci manualne dzieci. Przyk\u0142adowe zabawy to: masa\u017cyki relaksacyjne, malowanie na \u015bwie\u017cym powietrzu, zabawy w piaskownicy, zabawy z chust\u0105 animacyjn\u0105, puszczanie baniek mydlanych, wykonywanie prac plastycznych itp. Zapraszamy do obejrzenia fotorelacji.<\/p>\nngg_shortcode_0_placeholder\n","protected":false},"excerpt":{"rendered":"<p>Podczas tygodnia wakacyjnych zabaw kreatywnych w Bajkowym Dworku zorganizowano r\u00f3\u017cnorodne aktywno\u015bci, kt\u00f3re rozwijaj\u0105 wyobra\u017ani\u0119 i umiej\u0119tno\u015bci manualne dzieci. Przyk\u0142adowe zabawy to: masa\u017cyki relaksacyjne, malowanie na \u015bwie\u017cym powietrzu, zabawy w piaskownicy, zabawy z chust\u0105 animacyjn\u0105, puszczanie baniek mydlanych, wykonywanie prac plastycznych itp. Zapraszamy do obejrzenia fotorelacji.<\/p>\n","protected":false},"author":1,"featured_media":0,"parent":4413,"menu_order":0,"comment_status":"closed","ping_status":"closed","template":"szablon-galeria-submenu.php","meta":{"ngg_post_thumbnail":0,"footnotes":""},"class_list":["post-6605","page","type-page","status-publish","hentry"],"_links":{"self":[{"href":"https:\/\/bajkowydworek.com\/zlobek\/index.php?rest_route=\/wp\/v2\/pages\/6605","targetHints":{"allow":["GET"]}}],"collection":[{"href":"https:\/\/bajkowydworek.com\/zlobek\/index.php?rest_route=\/wp\/v2\/pages"}],"about":[{"href":"https:\/\/bajkowydworek.com\/zlobek\/index.php?rest_route=\/wp\/v2\/types\/page"}],"author":[{"embeddable":true,"href":"https:\/\/bajkowydworek.com\/zlobek\/index.php?rest_route=\/wp\/v2\/users\/1"}],"replies":[{"embeddable":true,"href":"https:\/\/bajkowydworek.com\/zlobek\/index.php?rest_route=%2Fwp%2Fv2%2Fcomments&post=6605"}],"version-history":[{"count":1,"href":"https:\/\/bajkowydworek.com\/zlobek\/index.php?rest_route=\/wp\/v2\/pages\/6605\/revisions"}],"predecessor-version":[{"id":6607,"href":"https:\/\/bajkowydworek.com\/zlobek\/index.php?rest_route=\/wp\/v2\/pages\/6605\/revisions\/6607"}],"up":[{"embeddable":true,"href":"https:\/\/bajkowydworek.com\/zlobek\/index.php?rest_route=\/wp\/v2\/pages\/4413"}],"wp:attachment":[{"href":"https:\/\/bajkowydworek.com\/zlobek\/index.php?rest_route=%2Fwp%2Fv2%2Fmedia&parent=6605"}],"curies":[{"name":"wp","href":"https:\/\/api.w.org\/{rel}","templated":true}]}}