{"id":6534,"date":"2025-08-05T10:12:35","date_gmt":"2025-08-05T08:12:35","guid":{"rendered":"https:\/\/bajkowydworek.com\/zlobek\/?page_id=6534"},"modified":"2025-08-05T10:17:20","modified_gmt":"2025-08-05T08:17:20","slug":"wakacyjne-smaki-tydzien-v","status":"publish","type":"page","link":"https:\/\/bajkowydworek.com\/zlobek\/?page_id=6534","title":{"rendered":"Wakacyjne smaki &#8211; tydzie\u0144 V"},"content":{"rendered":"<blockquote>\n<p style=\"text-align: center;\"><span style=\"color: #ff0000;\"><img loading=\"lazy\" decoding=\"async\" class=\"aligncenter  wp-image-6535\" src=\"https:\/\/bajkowydworek.com\/zlobek\/wp-content\/uploads\/2025\/08\/wakacyjne_smaki.png\" alt=\"\" width=\"240\" height=\"160\" srcset=\"https:\/\/bajkowydworek.com\/zlobek\/wp-content\/uploads\/2025\/08\/wakacyjne_smaki.png 488w, https:\/\/bajkowydworek.com\/zlobek\/wp-content\/uploads\/2025\/08\/wakacyjne_smaki-300x200.png 300w\" sizes=\"auto, (max-width: 240px) 100vw, 240px\" \/>\u201e\u2026B\u0119d\u0105 wi\u015bnie i czere\u015bnie.<\/span><br \/>\n<span style=\"color: #ff0000;\">I porzeczki b\u0119d\u0105 wreszcie.<\/span><br \/>\n<span style=\"color: #ff0000;\">Agrest, arbuz i malinki<\/span><br \/>\n<span style=\"color: #ff0000;\">&#8211; dla ch\u0142opczyka i dziewczynki\u2026\u201d<\/span><\/p>\n<\/blockquote>\n<p style=\"text-align: justify;\">Letnia przygoda w Bajkowym Dworku &#8211; smaki lata, kolorowe warzywa i pyszne owoce! Wakacje pe\u0142ne zabawy, nauki i odkrywania \u015bwiata przez zmys\u0142y! Zapraszamy do galerii zdj\u0119\u0107.<\/p>\nngg_shortcode_0_placeholder\n","protected":false},"excerpt":{"rendered":"<p>\u201e\u2026B\u0119d\u0105 wi\u015bnie i czere\u015bnie. I porzeczki b\u0119d\u0105 wreszcie. Agrest, arbuz i malinki &#8211; dla ch\u0142opczyka i dziewczynki\u2026\u201d Letnia przygoda w Bajkowym Dworku &#8211; smaki lata, kolorowe warzywa i pyszne owoce! Wakacje pe\u0142ne zabawy, nauki i odkrywania \u015bwiata przez zmys\u0142y! Zapraszamy do galerii zdj\u0119\u0107.<\/p>\n","protected":false},"author":1,"featured_media":0,"parent":4413,"menu_order":0,"comment_status":"closed","ping_status":"closed","template":"szablon-galeria-submenu.php","meta":{"ngg_post_thumbnail":0,"footnotes":""},"class_list":["post-6534","page","type-page","status-publish","hentry"],"_links":{"self":[{"href":"https:\/\/bajkowydworek.com\/zlobek\/index.php?rest_route=\/wp\/v2\/pages\/6534","targetHints":{"allow":["GET"]}}],"collection":[{"href":"https:\/\/bajkowydworek.com\/zlobek\/index.php?rest_route=\/wp\/v2\/pages"}],"about":[{"href":"https:\/\/bajkowydworek.com\/zlobek\/index.php?rest_route=\/wp\/v2\/types\/page"}],"author":[{"embeddable":true,"href":"https:\/\/bajkowydworek.com\/zlobek\/index.php?rest_route=\/wp\/v2\/users\/1"}],"replies":[{"embeddable":true,"href":"https:\/\/bajkowydworek.com\/zlobek\/index.php?rest_route=%2Fwp%2Fv2%2Fcomments&post=6534"}],"version-history":[{"count":1,"href":"https:\/\/bajkowydworek.com\/zlobek\/index.php?rest_route=\/wp\/v2\/pages\/6534\/revisions"}],"predecessor-version":[{"id":6536,"href":"https:\/\/bajkowydworek.com\/zlobek\/index.php?rest_route=\/wp\/v2\/pages\/6534\/revisions\/6536"}],"up":[{"embeddable":true,"href":"https:\/\/bajkowydworek.com\/zlobek\/index.php?rest_route=\/wp\/v2\/pages\/4413"}],"wp:attachment":[{"href":"https:\/\/bajkowydworek.com\/zlobek\/index.php?rest_route=%2Fwp%2Fv2%2Fmedia&parent=6534"}],"curies":[{"name":"wp","href":"https:\/\/api.w.org\/{rel}","templated":true}]}}