{"id":6478,"date":"2025-07-25T13:36:44","date_gmt":"2025-07-25T11:36:44","guid":{"rendered":"https:\/\/bajkowydworek.com\/zlobek\/?page_id=6478"},"modified":"2025-07-25T13:38:04","modified_gmt":"2025-07-25T11:38:04","slug":"wakacje-pelne-zmyslow-tydzien-iv","status":"publish","type":"page","link":"https:\/\/bajkowydworek.com\/zlobek\/?page_id=6478","title":{"rendered":"Wakacje pe\u0142ne zmys\u0142\u00f3w &#8211; tydzie\u0144 IV"},"content":{"rendered":"<p style=\"text-align: justify;\"><img loading=\"lazy\" decoding=\"async\" class=\"wp-image-6479 aligncenter\" src=\"https:\/\/bajkowydworek.com\/zlobek\/wp-content\/uploads\/2025\/07\/wakacje-pelne-zmyslow.jpg\" alt=\"\" width=\"353\" height=\"160\" srcset=\"https:\/\/bajkowydworek.com\/zlobek\/wp-content\/uploads\/2025\/07\/wakacje-pelne-zmyslow.jpg 620w, https:\/\/bajkowydworek.com\/zlobek\/wp-content\/uploads\/2025\/07\/wakacje-pelne-zmyslow-300x136.jpg 300w\" sizes=\"auto, (max-width: 353px) 100vw, 353px\" \/>W tym tygodniu nasza plac\u00f3wka zamieni\u0142o si\u0119 w prawdziw\u0105 przestrze\u0144 do odkrywania \u015bwiata wszystkimi zmys\u0142ami! Podczas czwartego tygodnia dzieci mia\u0142y okazj\u0119 do\u015bwiadcza\u0107 r\u00f3\u017cnorodnych faktur, konsystencji i dozna\u0144 dotykowych, rozwijaj\u0105c swoj\u0105 kreatywno\u015b\u0107 oraz motoryk\u0119 ma\u0142\u0105 i du\u017c\u0105. Dzieci z ogromnym zaanga\u017cowaniem wykleja\u0142y obrazki tworz\u0105c barwne kompozycje. Du\u017co emocji wzbudzi\u0142a \u015bcie\u017cka sensoryczna, po kt\u00f3rej dzieci chodzi\u0142y boso, do\u015bwiadczaj\u0105c r\u00f3\u017cnych powierzchni i faktur. Tydzie\u0144 ten by\u0142 dla wszystkich niezwyk\u0142\u0105 przygod\u0105 pe\u0142n\u0105 odkry\u0107 i \u015bwietnej zabawy. Dzi\u0119ki r\u00f3\u017cnorodnym aktywno\u015bciom dzieci rozwija\u0142y swoje zmys\u0142y, a tak\u017ce doskonali\u0142y koordynacj\u0119 i sprawno\u015b\u0107 manualn\u0105. Ju\u017c nie mo\u017cemy si\u0119 doczeka\u0107 kolejnych sensorycznych wyzwa\u0144! Zapraszamy do galerii.<\/p>\nngg_shortcode_0_placeholder\n","protected":false},"excerpt":{"rendered":"<p>W tym tygodniu nasza plac\u00f3wka zamieni\u0142o si\u0119 w prawdziw\u0105 przestrze\u0144 do odkrywania \u015bwiata wszystkimi zmys\u0142ami! Podczas czwartego tygodnia dzieci mia\u0142y okazj\u0119 do\u015bwiadcza\u0107 r\u00f3\u017cnorodnych faktur, konsystencji i dozna\u0144 dotykowych, rozwijaj\u0105c swoj\u0105 kreatywno\u015b\u0107 oraz motoryk\u0119 ma\u0142\u0105 i du\u017c\u0105. Dzieci z ogromnym zaanga\u017cowaniem wykleja\u0142y obrazki tworz\u0105c barwne kompozycje. Du\u017co emocji wzbudzi\u0142a \u015bcie\u017cka sensoryczna, po kt\u00f3rej dzieci chodzi\u0142y boso, [&hellip;]<\/p>\n","protected":false},"author":1,"featured_media":0,"parent":4413,"menu_order":0,"comment_status":"closed","ping_status":"closed","template":"szablon-galeria-submenu.php","meta":{"ngg_post_thumbnail":0,"footnotes":""},"class_list":["post-6478","page","type-page","status-publish","hentry"],"_links":{"self":[{"href":"https:\/\/bajkowydworek.com\/zlobek\/index.php?rest_route=\/wp\/v2\/pages\/6478","targetHints":{"allow":["GET"]}}],"collection":[{"href":"https:\/\/bajkowydworek.com\/zlobek\/index.php?rest_route=\/wp\/v2\/pages"}],"about":[{"href":"https:\/\/bajkowydworek.com\/zlobek\/index.php?rest_route=\/wp\/v2\/types\/page"}],"author":[{"embeddable":true,"href":"https:\/\/bajkowydworek.com\/zlobek\/index.php?rest_route=\/wp\/v2\/users\/1"}],"replies":[{"embeddable":true,"href":"https:\/\/bajkowydworek.com\/zlobek\/index.php?rest_route=%2Fwp%2Fv2%2Fcomments&post=6478"}],"version-history":[{"count":1,"href":"https:\/\/bajkowydworek.com\/zlobek\/index.php?rest_route=\/wp\/v2\/pages\/6478\/revisions"}],"predecessor-version":[{"id":6480,"href":"https:\/\/bajkowydworek.com\/zlobek\/index.php?rest_route=\/wp\/v2\/pages\/6478\/revisions\/6480"}],"up":[{"embeddable":true,"href":"https:\/\/bajkowydworek.com\/zlobek\/index.php?rest_route=\/wp\/v2\/pages\/4413"}],"wp:attachment":[{"href":"https:\/\/bajkowydworek.com\/zlobek\/index.php?rest_route=%2Fwp%2Fv2%2Fmedia&parent=6478"}],"curies":[{"name":"wp","href":"https:\/\/api.w.org\/{rel}","templated":true}]}}