{"id":6413,"date":"2025-07-19T14:16:35","date_gmt":"2025-07-19T12:16:35","guid":{"rendered":"https:\/\/bajkowydworek.com\/zlobek\/?page_id=6413"},"modified":"2025-07-19T14:18:05","modified_gmt":"2025-07-19T12:18:05","slug":"na-sportowo-tydzien-iii","status":"publish","type":"page","link":"https:\/\/bajkowydworek.com\/zlobek\/?page_id=6413","title":{"rendered":"Na sportowo &#8211; tydzie\u0144 III"},"content":{"rendered":"<p style=\"text-align: justify;\"><img loading=\"lazy\" decoding=\"async\" class=\"alignleft  wp-image-6414\" src=\"https:\/\/bajkowydworek.com\/zlobek\/wp-content\/uploads\/2025\/07\/sportowe_przedszkole.jpg\" alt=\"\" width=\"240\" height=\"160\">Podczas trzeciego tygodnia wakacji w my\u015bl zasady: Sport to zdrowie! dla naszych podopiecznych zosta\u0142y zorganizowane zaj\u0119cia sportowe. Dzieci uwielbiaj\u0105 rywalizacj\u0119, zawody sportowe oraz zabawy z wykorzystaniem r\u00f3\u017cnych przybor\u00f3w takich jak: worki do skakania, lina, pi\u0142ki itp. Wszyscy byli\u015bmy sta\u0142ymi bywalcami placu zabaw oraz placu zieleni, gdzie bawili\u015bmy si\u0119 aktywnie.<\/p>\nngg_shortcode_0_placeholder\n","protected":false},"excerpt":{"rendered":"<p>Podczas trzeciego tygodnia wakacji w my\u015bl zasady: Sport to zdrowie! dla naszych podopiecznych zosta\u0142y zorganizowane zaj\u0119cia sportowe. Dzieci uwielbiaj\u0105 rywalizacj\u0119, zawody sportowe oraz zabawy z wykorzystaniem r\u00f3\u017cnych przybor\u00f3w takich jak: worki do skakania, lina, pi\u0142ki itp. Wszyscy byli\u015bmy sta\u0142ymi bywalcami placu zabaw oraz placu zieleni, gdzie bawili\u015bmy si\u0119 aktywnie.<\/p>\n","protected":false},"author":1,"featured_media":0,"parent":4413,"menu_order":0,"comment_status":"closed","ping_status":"closed","template":"szablon-galeria-submenu.php","meta":{"ngg_post_thumbnail":0,"footnotes":""},"class_list":["post-6413","page","type-page","status-publish","hentry"],"_links":{"self":[{"href":"https:\/\/bajkowydworek.com\/zlobek\/index.php?rest_route=\/wp\/v2\/pages\/6413","targetHints":{"allow":["GET"]}}],"collection":[{"href":"https:\/\/bajkowydworek.com\/zlobek\/index.php?rest_route=\/wp\/v2\/pages"}],"about":[{"href":"https:\/\/bajkowydworek.com\/zlobek\/index.php?rest_route=\/wp\/v2\/types\/page"}],"author":[{"embeddable":true,"href":"https:\/\/bajkowydworek.com\/zlobek\/index.php?rest_route=\/wp\/v2\/users\/1"}],"replies":[{"embeddable":true,"href":"https:\/\/bajkowydworek.com\/zlobek\/index.php?rest_route=%2Fwp%2Fv2%2Fcomments&post=6413"}],"version-history":[{"count":1,"href":"https:\/\/bajkowydworek.com\/zlobek\/index.php?rest_route=\/wp\/v2\/pages\/6413\/revisions"}],"predecessor-version":[{"id":6415,"href":"https:\/\/bajkowydworek.com\/zlobek\/index.php?rest_route=\/wp\/v2\/pages\/6413\/revisions\/6415"}],"up":[{"embeddable":true,"href":"https:\/\/bajkowydworek.com\/zlobek\/index.php?rest_route=\/wp\/v2\/pages\/4413"}],"wp:attachment":[{"href":"https:\/\/bajkowydworek.com\/zlobek\/index.php?rest_route=%2Fwp%2Fv2%2Fmedia&parent=6413"}],"curies":[{"name":"wp","href":"https:\/\/api.w.org\/{rel}","templated":true}]}}