{"id":6346,"date":"2025-07-10T15:15:46","date_gmt":"2025-07-10T13:15:46","guid":{"rendered":"https:\/\/bajkowydworek.com\/zlobek\/?page_id=6346"},"modified":"2025-07-10T15:17:45","modified_gmt":"2025-07-10T13:17:45","slug":"wakacyjne-podroze-tydzien-ii","status":"publish","type":"page","link":"https:\/\/bajkowydworek.com\/zlobek\/?page_id=6346","title":{"rendered":"Wakacyjne podr\u00f3\u017ce &#8211; tydzie\u0144 II"},"content":{"rendered":"<p style=\"text-align: justify;\"><img loading=\"lazy\" decoding=\"async\" class=\"alignleft  wp-image-6347\" src=\"https:\/\/bajkowydworek.com\/zlobek\/wp-content\/uploads\/2025\/07\/wakacyjne_podroze.png\" alt=\"\" width=\"160\" height=\"185\" srcset=\"https:\/\/bajkowydworek.com\/zlobek\/wp-content\/uploads\/2025\/07\/wakacyjne_podroze.png 528w, https:\/\/bajkowydworek.com\/zlobek\/wp-content\/uploads\/2025\/07\/wakacyjne_podroze-260x300.png 260w\" sizes=\"auto, (max-width: 160px) 100vw, 160px\" \/>W drugim tygodniu wakacji nasze dzieci uczestniczy\u0142y w zaj\u0119ciach o podr\u00f3\u017cach. Dzieci pozna\u0142y bli\u017csze i dalsze miejsca, w kt\u00f3re warto si\u0119 wybra\u0107. Dzi\u0119ki literaturze, ilustracjom i zagadkom wybra\u0142y si\u0119 w r\u00f3\u017cne regiony Polski. Dzieci dowiedzia\u0142y si\u0119, gdzie nale\u017cy korzysta\u0107 z k\u0105pieli wodnych, w jaki spos\u00f3b wzywa\u0107 pomocy, a tak\u017ce jak si\u0119 zachowa\u0107, gdy kto\u015b je zaczepi lub gdy zgubi\u0105 si\u0119 w sklepie. Rozmawiali\u015bmy z dzie\u0107mi o tym, jak nale\u017cy zachowywa\u0107 si\u0119 w g\u00f3rach, a jak nad jeziorem, morzem lub w lesie, a tak\u017ce czego w tych miejscach nie powinno si\u0119 robi\u0107. Zapraszamy do galerii.<\/p>\nngg_shortcode_0_placeholder\n","protected":false},"excerpt":{"rendered":"<p>W drugim tygodniu wakacji nasze dzieci uczestniczy\u0142y w zaj\u0119ciach o podr\u00f3\u017cach. Dzieci pozna\u0142y bli\u017csze i dalsze miejsca, w kt\u00f3re warto si\u0119 wybra\u0107. Dzi\u0119ki literaturze, ilustracjom i zagadkom wybra\u0142y si\u0119 w r\u00f3\u017cne regiony Polski. Dzieci dowiedzia\u0142y si\u0119, gdzie nale\u017cy korzysta\u0107 z k\u0105pieli wodnych, w jaki spos\u00f3b wzywa\u0107 pomocy, a tak\u017ce jak si\u0119 zachowa\u0107, gdy kto\u015b je [&hellip;]<\/p>\n","protected":false},"author":1,"featured_media":0,"parent":4413,"menu_order":0,"comment_status":"closed","ping_status":"closed","template":"szablon-galeria-submenu.php","meta":{"ngg_post_thumbnail":0,"footnotes":""},"class_list":["post-6346","page","type-page","status-publish","hentry"],"_links":{"self":[{"href":"https:\/\/bajkowydworek.com\/zlobek\/index.php?rest_route=\/wp\/v2\/pages\/6346","targetHints":{"allow":["GET"]}}],"collection":[{"href":"https:\/\/bajkowydworek.com\/zlobek\/index.php?rest_route=\/wp\/v2\/pages"}],"about":[{"href":"https:\/\/bajkowydworek.com\/zlobek\/index.php?rest_route=\/wp\/v2\/types\/page"}],"author":[{"embeddable":true,"href":"https:\/\/bajkowydworek.com\/zlobek\/index.php?rest_route=\/wp\/v2\/users\/1"}],"replies":[{"embeddable":true,"href":"https:\/\/bajkowydworek.com\/zlobek\/index.php?rest_route=%2Fwp%2Fv2%2Fcomments&post=6346"}],"version-history":[{"count":2,"href":"https:\/\/bajkowydworek.com\/zlobek\/index.php?rest_route=\/wp\/v2\/pages\/6346\/revisions"}],"predecessor-version":[{"id":6349,"href":"https:\/\/bajkowydworek.com\/zlobek\/index.php?rest_route=\/wp\/v2\/pages\/6346\/revisions\/6349"}],"up":[{"embeddable":true,"href":"https:\/\/bajkowydworek.com\/zlobek\/index.php?rest_route=\/wp\/v2\/pages\/4413"}],"wp:attachment":[{"href":"https:\/\/bajkowydworek.com\/zlobek\/index.php?rest_route=%2Fwp%2Fv2%2Fmedia&parent=6346"}],"curies":[{"name":"wp","href":"https:\/\/api.w.org\/{rel}","templated":true}]}}