{"id":6259,"date":"2025-07-06T22:15:07","date_gmt":"2025-07-06T20:15:07","guid":{"rendered":"https:\/\/bajkowydworek.com\/zlobek\/?page_id=6259"},"modified":"2025-07-06T22:21:11","modified_gmt":"2025-07-06T20:21:11","slug":"bezpieczne-wakacje-tydzien-i","status":"publish","type":"page","link":"https:\/\/bajkowydworek.com\/zlobek\/?page_id=6259","title":{"rendered":"Bezpieczne wakacje &#8211; tydzie\u0144 I"},"content":{"rendered":"<blockquote>\n<p style=\"text-align: center;\"><span style=\"color: #339966;\">\u201e\u2026Niech \u017cyj\u0105 wakacje, niech \u017cyje pole, las,<\/span><br \/>\n<span style=\"color: #339966;\">i niebo, i s\u0142o\u0144ce, wolny, swobodny czas.<\/span><br \/>\n<span style=\"color: #339966;\">Pojedzie z nami pi\u0142ka i pajac, i skakanka,<\/span><br \/>\n<span style=\"color: #339966;\">b\u0119dziemy gra\u0107 w siatk\u00f3wk\u0119 od samiutkiego ranka.<\/span><br \/>\n<span style=\"color: #339966;\">Gor\u0105ce, z\u0142ote s\u0142o\u0144ce na ciemno nas opali,<\/span><br \/>\n<span style=\"color: #339966;\">w srebrzystej, bystrej rzece b\u0119dziemy si\u0119 k\u0105pali.<\/span><br \/>\n<span style=\"color: #339966;\">Niech \u017cyj\u0105 wakacje, niech \u017cyje pole, las,<\/span><br \/>\n<span style=\"color: #339966;\">i niebo, i s\u0142o\u0144ce, wolny, swobodny czas\u2026\u201d<\/span><\/p>\n<\/blockquote>\n<p style=\"text-align: justify;\"><img loading=\"lazy\" decoding=\"async\" class=\"alignleft  wp-image-6263\" src=\"https:\/\/bajkowydworek.com\/zlobek\/wp-content\/uploads\/2025\/07\/bezpieczne_wakacje.jpg\" alt=\"\" width=\"228\" height=\"160\">Podczas pierwszego tygodnia wakacji dzieci zapozna\u0142y si\u0119 z zasadami dotycz\u0105cymi bezpiecznego wypoczynku. Ka\u017cdego dnia prowadzone by\u0142y zaj\u0119cia tematyczne podzielone na najwa\u017cniejsze kwestie: przypomnienie og\u00f3lnych zasad bezpiecze\u0144stwa i numer\u00f3w alarmowych, om\u00f3wienie zachowania podczas pobytu nad wod\u0105, w g\u00f3rach, na placu zabawa oraz na wsi. Wizyta policjant\u00f3w w plac\u00f3wce by\u0142a dla dzieci du\u017cym prze\u017cyciem. To niecodzienne spotkanie by\u0142o okazj\u0105 do porozmawiania o ich bezpiecze\u0144stwie. Nie zabrak\u0142o r\u00f3wnie\u017c cennych porad i wsp\u00f3lnej zabawy. Najwi\u0119ksz\u0105 jednak atrakcj\u0105 by\u0142 samoch\u00f3d policyjny, kt\u00f3ry zaparkowa\u0142 na terenie Bajkowego Dworku. Dzieci mia\u0142y okazj\u0119 wsi\u0105\u015b\u0107 za jego kierownic\u0119 i wcieli\u0107 si\u0119 w rol\u0119 mundurowego. Wiele rado\u015bci wzbudza\u0142o w\u0142\u0105czanie sygna\u0142\u00f3w alarmowych. Ponadto na \u015bwie\u017cym powietrzu odby\u0142y si\u0119 gry i zabawy, podczas kt\u00f3rych dzieci przypomina\u0142y sobie omawiane przez ca\u0142y tydzie\u0144 zasady bezpiecznego wypoczynku wakacyjnego. By\u0142o mn\u00f3stwo dobrej zabawy! Ciekawe, co czeka nas w przysz\u0142ym tygodniu?<\/p>\nngg_shortcode_0_placeholder\n","protected":false},"excerpt":{"rendered":"<p>\u201e\u2026Niech \u017cyj\u0105 wakacje, niech \u017cyje pole, las, i niebo, i s\u0142o\u0144ce, wolny, swobodny czas. Pojedzie z nami pi\u0142ka i pajac, i skakanka, b\u0119dziemy gra\u0107 w siatk\u00f3wk\u0119 od samiutkiego ranka. Gor\u0105ce, z\u0142ote s\u0142o\u0144ce na ciemno nas opali, w srebrzystej, bystrej rzece b\u0119dziemy si\u0119 k\u0105pali. Niech \u017cyj\u0105 wakacje, niech \u017cyje pole, las, i niebo, i s\u0142o\u0144ce, wolny, [&hellip;]<\/p>\n","protected":false},"author":1,"featured_media":0,"parent":4413,"menu_order":0,"comment_status":"closed","ping_status":"closed","template":"szablon-galeria-submenu.php","meta":{"ngg_post_thumbnail":0,"footnotes":""},"class_list":["post-6259","page","type-page","status-publish","hentry"],"_links":{"self":[{"href":"https:\/\/bajkowydworek.com\/zlobek\/index.php?rest_route=\/wp\/v2\/pages\/6259","targetHints":{"allow":["GET"]}}],"collection":[{"href":"https:\/\/bajkowydworek.com\/zlobek\/index.php?rest_route=\/wp\/v2\/pages"}],"about":[{"href":"https:\/\/bajkowydworek.com\/zlobek\/index.php?rest_route=\/wp\/v2\/types\/page"}],"author":[{"embeddable":true,"href":"https:\/\/bajkowydworek.com\/zlobek\/index.php?rest_route=\/wp\/v2\/users\/1"}],"replies":[{"embeddable":true,"href":"https:\/\/bajkowydworek.com\/zlobek\/index.php?rest_route=%2Fwp%2Fv2%2Fcomments&post=6259"}],"version-history":[{"count":3,"href":"https:\/\/bajkowydworek.com\/zlobek\/index.php?rest_route=\/wp\/v2\/pages\/6259\/revisions"}],"predecessor-version":[{"id":6264,"href":"https:\/\/bajkowydworek.com\/zlobek\/index.php?rest_route=\/wp\/v2\/pages\/6259\/revisions\/6264"}],"up":[{"embeddable":true,"href":"https:\/\/bajkowydworek.com\/zlobek\/index.php?rest_route=\/wp\/v2\/pages\/4413"}],"wp:attachment":[{"href":"https:\/\/bajkowydworek.com\/zlobek\/index.php?rest_route=%2Fwp%2Fv2%2Fmedia&parent=6259"}],"curies":[{"name":"wp","href":"https:\/\/api.w.org\/{rel}","templated":true}]}}