{"id":6187,"date":"2025-06-25T17:47:22","date_gmt":"2025-06-25T15:47:22","guid":{"rendered":"https:\/\/bajkowydworek.com\/zlobek\/?page_id=6187"},"modified":"2025-06-25T17:49:26","modified_gmt":"2025-06-25T15:49:26","slug":"grupa-zabki-i-motylki-zakonczenie-roku-szkolnego","status":"publish","type":"page","link":"https:\/\/bajkowydworek.com\/zlobek\/?page_id=6187","title":{"rendered":"grupa \u017babki i Motylki &#8211; Zako\u0144czenie roku szkolnego"},"content":{"rendered":"<p style=\"text-align: justify;\"><img loading=\"lazy\" decoding=\"async\" class=\"aligncenter  wp-image-3757\" src=\"https:\/\/bajkowydworek.com\/zlobek\/wp-content\/uploads\/2022\/06\/zakonczenie-roku.jpg\" alt=\"\" width=\"275\" height=\"160\">Czerwiec to najweselszy miesi\u0105c w roku dla wszystkich dzieci. Z niecierpliwo\u015bci\u0105 czekamy na upragnione wakacje! 25.06.2025 r. w grupie \u201e\u017babki\u201d i \u201eMotylki\u201d odby\u0142o si\u0119 zako\u0144czenia roku szkolnego. W tym dniu maluchy otrzyma\u0142y pami\u0105tkowe dyplomy oraz ksi\u0105\u017ceczki. To by\u0142y niezapomniane i pe\u0142ne wzrusze\u0144 chwile.<\/p>\nngg_shortcode_0_placeholder\n","protected":false},"excerpt":{"rendered":"<p>Czerwiec to najweselszy miesi\u0105c w roku dla wszystkich dzieci. Z niecierpliwo\u015bci\u0105 czekamy na upragnione wakacje! 25.06.2025 r. w grupie \u201e\u017babki\u201d i \u201eMotylki\u201d odby\u0142o si\u0119 zako\u0144czenia roku szkolnego. W tym dniu maluchy otrzyma\u0142y pami\u0105tkowe dyplomy oraz ksi\u0105\u017ceczki. To by\u0142y niezapomniane i pe\u0142ne wzrusze\u0144 chwile.<\/p>\n","protected":false},"author":1,"featured_media":0,"parent":4413,"menu_order":0,"comment_status":"closed","ping_status":"closed","template":"szablon-galeria-submenu.php","meta":{"ngg_post_thumbnail":0,"footnotes":""},"class_list":["post-6187","page","type-page","status-publish","hentry"],"_links":{"self":[{"href":"https:\/\/bajkowydworek.com\/zlobek\/index.php?rest_route=\/wp\/v2\/pages\/6187","targetHints":{"allow":["GET"]}}],"collection":[{"href":"https:\/\/bajkowydworek.com\/zlobek\/index.php?rest_route=\/wp\/v2\/pages"}],"about":[{"href":"https:\/\/bajkowydworek.com\/zlobek\/index.php?rest_route=\/wp\/v2\/types\/page"}],"author":[{"embeddable":true,"href":"https:\/\/bajkowydworek.com\/zlobek\/index.php?rest_route=\/wp\/v2\/users\/1"}],"replies":[{"embeddable":true,"href":"https:\/\/bajkowydworek.com\/zlobek\/index.php?rest_route=%2Fwp%2Fv2%2Fcomments&post=6187"}],"version-history":[{"count":2,"href":"https:\/\/bajkowydworek.com\/zlobek\/index.php?rest_route=\/wp\/v2\/pages\/6187\/revisions"}],"predecessor-version":[{"id":6189,"href":"https:\/\/bajkowydworek.com\/zlobek\/index.php?rest_route=\/wp\/v2\/pages\/6187\/revisions\/6189"}],"up":[{"embeddable":true,"href":"https:\/\/bajkowydworek.com\/zlobek\/index.php?rest_route=\/wp\/v2\/pages\/4413"}],"wp:attachment":[{"href":"https:\/\/bajkowydworek.com\/zlobek\/index.php?rest_route=%2Fwp%2Fv2%2Fmedia&parent=6187"}],"curies":[{"name":"wp","href":"https:\/\/api.w.org\/{rel}","templated":true}]}}