{"id":6144,"date":"2025-06-25T13:29:06","date_gmt":"2025-06-25T11:29:06","guid":{"rendered":"https:\/\/bajkowydworek.com\/zlobek\/?page_id=6144"},"modified":"2025-06-25T13:32:32","modified_gmt":"2025-06-25T11:32:32","slug":"grupa-pszczolki-i-biedronki-zakonczenie-roku-szkolnego","status":"publish","type":"page","link":"https:\/\/bajkowydworek.com\/zlobek\/?page_id=6144","title":{"rendered":"grupa Pszcz\u00f3\u0142ki i Biedronki &#8211; Zako\u0144czenie roku szkolnego"},"content":{"rendered":"<p style=\"text-align: justify;\"><img loading=\"lazy\" decoding=\"async\" class=\"aligncenter wp-image-3757\" src=\"https:\/\/bajkowydworek.com\/zlobek\/wp-content\/uploads\/2022\/06\/zakonczenie-roku.jpg\" alt=\"\" width=\"275\" height=\"160\">Czerwiec to najweselszy miesi\u0105c w roku dla wszystkich dzieci. Z niecierpliwo\u015bci\u0105 czekamy na upragnione wakacje! W grupie \u201ePszcz\u00f3\u0142ki\u201d i \u201eBiedronki\u201d odby\u0142o si\u0119 zako\u0144czenia roku szkolnego. W tym dniu maluchy otrzyma\u0142y pami\u0105tkowe dyplomy oraz ksi\u0105\u017ceczki. To by\u0142y niezapomniane i pe\u0142ne wzrusze\u0144 chwile.<\/p>\nngg_shortcode_0_placeholder\n","protected":false},"excerpt":{"rendered":"<p>Czerwiec to najweselszy miesi\u0105c w roku dla wszystkich dzieci. Z niecierpliwo\u015bci\u0105 czekamy na upragnione wakacje! W grupie \u201ePszcz\u00f3\u0142ki\u201d i \u201eBiedronki\u201d odby\u0142o si\u0119 zako\u0144czenia roku szkolnego. W tym dniu maluchy otrzyma\u0142y pami\u0105tkowe dyplomy oraz ksi\u0105\u017ceczki. To by\u0142y niezapomniane i pe\u0142ne wzrusze\u0144 chwile.<\/p>\n","protected":false},"author":1,"featured_media":0,"parent":4413,"menu_order":0,"comment_status":"closed","ping_status":"closed","template":"szablon-galeria-submenu.php","meta":{"ngg_post_thumbnail":0,"footnotes":""},"class_list":["post-6144","page","type-page","status-publish","hentry"],"_links":{"self":[{"href":"https:\/\/bajkowydworek.com\/zlobek\/index.php?rest_route=\/wp\/v2\/pages\/6144","targetHints":{"allow":["GET"]}}],"collection":[{"href":"https:\/\/bajkowydworek.com\/zlobek\/index.php?rest_route=\/wp\/v2\/pages"}],"about":[{"href":"https:\/\/bajkowydworek.com\/zlobek\/index.php?rest_route=\/wp\/v2\/types\/page"}],"author":[{"embeddable":true,"href":"https:\/\/bajkowydworek.com\/zlobek\/index.php?rest_route=\/wp\/v2\/users\/1"}],"replies":[{"embeddable":true,"href":"https:\/\/bajkowydworek.com\/zlobek\/index.php?rest_route=%2Fwp%2Fv2%2Fcomments&post=6144"}],"version-history":[{"count":2,"href":"https:\/\/bajkowydworek.com\/zlobek\/index.php?rest_route=\/wp\/v2\/pages\/6144\/revisions"}],"predecessor-version":[{"id":6146,"href":"https:\/\/bajkowydworek.com\/zlobek\/index.php?rest_route=\/wp\/v2\/pages\/6144\/revisions\/6146"}],"up":[{"embeddable":true,"href":"https:\/\/bajkowydworek.com\/zlobek\/index.php?rest_route=\/wp\/v2\/pages\/4413"}],"wp:attachment":[{"href":"https:\/\/bajkowydworek.com\/zlobek\/index.php?rest_route=%2Fwp%2Fv2%2Fmedia&parent=6144"}],"curies":[{"name":"wp","href":"https:\/\/api.w.org\/{rel}","templated":true}]}}