{"id":6076,"date":"2025-06-24T22:39:43","date_gmt":"2025-06-24T20:39:43","guid":{"rendered":"https:\/\/bajkowydworek.com\/zlobek\/?page_id=6076"},"modified":"2025-06-24T22:47:53","modified_gmt":"2025-06-24T20:47:53","slug":"dzien-ojca","status":"publish","type":"page","link":"https:\/\/bajkowydworek.com\/zlobek\/?page_id=6076","title":{"rendered":"Dzie\u0144 Ojca"},"content":{"rendered":"<p style=\"text-align: justify;\"><img loading=\"lazy\" decoding=\"async\" class=\"aligncenter wp-image-3754\" src=\"https:\/\/bajkowydworek.com\/zlobek\/wp-content\/uploads\/2022\/06\/dzien-ojca.jpg\" alt=\"\" width=\"208\" height=\"160\">Dzie\u0144 Ojca to bardzo wa\u017cne wydarzenie w \u017c\u0142obku. Z tej okazji dzieci przygotowa\u0142y pi\u0119kn\u0105 upominki dla swoich kochanych tatusi\u00f3w. By\u0142y to laurki, kolorowe obrazki, a tak\u017ce medale. Wszystko po to, aby tatusiowie zobaczyli, jak mocno bij\u0105 dla nich te ma\u0142e serduszka.<br \/>\n<strong>Wszystkim tatusiom \u017cyczymy przede wszystkim zdrowia, wszelkiej pomy\u015blno\u015bci oraz mi\u0142o\u015bci okazywanej w codziennym \u017cyciu. Wszystkiego najlepszego!<\/strong><\/p>\nngg_shortcode_0_placeholder\n","protected":false},"excerpt":{"rendered":"<p>Dzie\u0144 Ojca to bardzo wa\u017cne wydarzenie w \u017c\u0142obku. Z tej okazji dzieci przygotowa\u0142y pi\u0119kn\u0105 upominki dla swoich kochanych tatusi\u00f3w. By\u0142y to laurki, kolorowe obrazki, a tak\u017ce medale. Wszystko po to, aby tatusiowie zobaczyli, jak mocno bij\u0105 dla nich te ma\u0142e serduszka. Wszystkim tatusiom \u017cyczymy przede wszystkim zdrowia, wszelkiej pomy\u015blno\u015bci oraz mi\u0142o\u015bci okazywanej w codziennym \u017cyciu. [&hellip;]<\/p>\n","protected":false},"author":1,"featured_media":0,"parent":4413,"menu_order":0,"comment_status":"closed","ping_status":"closed","template":"szablon-galeria-submenu.php","meta":{"ngg_post_thumbnail":0,"footnotes":""},"class_list":["post-6076","page","type-page","status-publish","hentry"],"_links":{"self":[{"href":"https:\/\/bajkowydworek.com\/zlobek\/index.php?rest_route=\/wp\/v2\/pages\/6076","targetHints":{"allow":["GET"]}}],"collection":[{"href":"https:\/\/bajkowydworek.com\/zlobek\/index.php?rest_route=\/wp\/v2\/pages"}],"about":[{"href":"https:\/\/bajkowydworek.com\/zlobek\/index.php?rest_route=\/wp\/v2\/types\/page"}],"author":[{"embeddable":true,"href":"https:\/\/bajkowydworek.com\/zlobek\/index.php?rest_route=\/wp\/v2\/users\/1"}],"replies":[{"embeddable":true,"href":"https:\/\/bajkowydworek.com\/zlobek\/index.php?rest_route=%2Fwp%2Fv2%2Fcomments&post=6076"}],"version-history":[{"count":2,"href":"https:\/\/bajkowydworek.com\/zlobek\/index.php?rest_route=\/wp\/v2\/pages\/6076\/revisions"}],"predecessor-version":[{"id":6078,"href":"https:\/\/bajkowydworek.com\/zlobek\/index.php?rest_route=\/wp\/v2\/pages\/6076\/revisions\/6078"}],"up":[{"embeddable":true,"href":"https:\/\/bajkowydworek.com\/zlobek\/index.php?rest_route=\/wp\/v2\/pages\/4413"}],"wp:attachment":[{"href":"https:\/\/bajkowydworek.com\/zlobek\/index.php?rest_route=%2Fwp%2Fv2%2Fmedia&parent=6076"}],"curies":[{"name":"wp","href":"https:\/\/api.w.org\/{rel}","templated":true}]}}