{"id":5855,"date":"2025-06-03T11:44:06","date_gmt":"2025-06-03T09:44:06","guid":{"rendered":"https:\/\/bajkowydworek.com\/zlobek\/?page_id=5855"},"modified":"2025-06-03T12:00:09","modified_gmt":"2025-06-03T10:00:09","slug":"dzien-dziecka","status":"publish","type":"page","link":"https:\/\/bajkowydworek.com\/zlobek\/?page_id=5855","title":{"rendered":"Dzie\u0144 Dziecka"},"content":{"rendered":"<blockquote>\n<p style=\"text-align: right;\"><a href=\"https:\/\/bajkowydworek.com\/zlobek\/wp-content\/uploads\/2022\/06\/dzien_dziecka.jpg\" rel=\"lightbox[5855]\"><img loading=\"lazy\" decoding=\"async\" class=\"wp-image-3733 aligncenter\" src=\"https:\/\/bajkowydworek.com\/zlobek\/wp-content\/uploads\/2022\/06\/dzien_dziecka.jpg\" alt=\"\" width=\"298\" height=\"160\" srcset=\"https:\/\/bajkowydworek.com\/zlobek\/wp-content\/uploads\/2022\/06\/dzien_dziecka.jpg 547w, https:\/\/bajkowydworek.com\/zlobek\/wp-content\/uploads\/2022\/06\/dzien_dziecka-300x161.jpg 300w\" sizes=\"auto, (max-width: 298px) 100vw, 298px\" \/><\/a>\u201eKiedy \u015bmieje si\u0119 dziecko \u015bmieje si\u0119 ca\u0142y \u015bwiat\u201d<br \/>\nJanusz Korczak<\/p>\n<\/blockquote>\n<p style=\"text-align: justify;\">30 maja 2025 r. w naszym \u017c\u0142obku obchodzili\u015bmy \u015bwi\u0119to wszystkich dzieci. By\u0142o weso\u0142o, kolorowo i bajkowo! Nie zabrak\u0142o zabaw na \u015bwie\u017cym powietrzu, muzyki, gier, upomink\u00f3w oraz u\u015bmiechu na twarzach dzieci. Tego dnia ka\u017cde dziecko poczu\u0142o si\u0119 wyj\u0105tkowe<br \/>\ni szcz\u0119\u015bliwe. Prosz\u0119 zobaczcie sami!<\/p>\nngg_shortcode_0_placeholder\n","protected":false},"excerpt":{"rendered":"<p>\u201eKiedy \u015bmieje si\u0119 dziecko \u015bmieje si\u0119 ca\u0142y \u015bwiat\u201d Janusz Korczak 30 maja 2025 r. w naszym \u017c\u0142obku obchodzili\u015bmy \u015bwi\u0119to wszystkich dzieci. By\u0142o weso\u0142o, kolorowo i bajkowo! Nie zabrak\u0142o zabaw na \u015bwie\u017cym powietrzu, muzyki, gier, upomink\u00f3w oraz u\u015bmiechu na twarzach dzieci. Tego dnia ka\u017cde dziecko poczu\u0142o si\u0119 wyj\u0105tkowe i szcz\u0119\u015bliwe. Prosz\u0119 zobaczcie sami!<\/p>\n","protected":false},"author":1,"featured_media":0,"parent":4413,"menu_order":0,"comment_status":"closed","ping_status":"closed","template":"szablon-galeria-submenu.php","meta":{"ngg_post_thumbnail":0,"footnotes":""},"class_list":["post-5855","page","type-page","status-publish","hentry"],"_links":{"self":[{"href":"https:\/\/bajkowydworek.com\/zlobek\/index.php?rest_route=\/wp\/v2\/pages\/5855","targetHints":{"allow":["GET"]}}],"collection":[{"href":"https:\/\/bajkowydworek.com\/zlobek\/index.php?rest_route=\/wp\/v2\/pages"}],"about":[{"href":"https:\/\/bajkowydworek.com\/zlobek\/index.php?rest_route=\/wp\/v2\/types\/page"}],"author":[{"embeddable":true,"href":"https:\/\/bajkowydworek.com\/zlobek\/index.php?rest_route=\/wp\/v2\/users\/1"}],"replies":[{"embeddable":true,"href":"https:\/\/bajkowydworek.com\/zlobek\/index.php?rest_route=%2Fwp%2Fv2%2Fcomments&post=5855"}],"version-history":[{"count":2,"href":"https:\/\/bajkowydworek.com\/zlobek\/index.php?rest_route=\/wp\/v2\/pages\/5855\/revisions"}],"predecessor-version":[{"id":5857,"href":"https:\/\/bajkowydworek.com\/zlobek\/index.php?rest_route=\/wp\/v2\/pages\/5855\/revisions\/5857"}],"up":[{"embeddable":true,"href":"https:\/\/bajkowydworek.com\/zlobek\/index.php?rest_route=\/wp\/v2\/pages\/4413"}],"wp:attachment":[{"href":"https:\/\/bajkowydworek.com\/zlobek\/index.php?rest_route=%2Fwp%2Fv2%2Fmedia&parent=5855"}],"curies":[{"name":"wp","href":"https:\/\/api.w.org\/{rel}","templated":true}]}}