{"id":5720,"date":"2025-05-29T10:53:01","date_gmt":"2025-05-29T08:53:01","guid":{"rendered":"https:\/\/bajkowydworek.com\/zlobek\/?page_id=5720"},"modified":"2025-05-29T10:55:21","modified_gmt":"2025-05-29T08:55:21","slug":"dzien-matki","status":"publish","type":"page","link":"https:\/\/bajkowydworek.com\/zlobek\/?page_id=5720","title":{"rendered":"Dzie\u0144 Matki"},"content":{"rendered":"<p style=\"text-align: justify;\"><img loading=\"lazy\" decoding=\"async\" class=\"alignleft wp-image-3711 size-full\" src=\"https:\/\/bajkowydworek.com\/zlobek\/wp-content\/uploads\/2022\/05\/mama.jpg\" alt=\"\" width=\"276\" height=\"183\">Dzie\u0144 Matki to bardzo wa\u017cne wydarzenie w \u017c\u0142obku. Z tej okazji dzieci przygotowa\u0142y pi\u0119kn\u0105 upominki dla swoich kochanych mam. By\u0142y to laurki i kolorowe obrazki.<br \/>\nWszystko po to, aby mamy zobaczy\u0142y,<br \/>\njak mocno bij\u0105 dla nich te ma\u0142e serduszka.<\/p>\n<p style=\"text-align: center;\"><strong>Wszystkim mamusiom \u017cyczymy przede wszystkim zdrowia, wszelkiej pomy\u015blno\u015bci oraz mi\u0142o\u015bci okazywanej w codziennym \u017cyciu. Wszystkiego najlepszego!<\/strong><\/p>\nngg_shortcode_0_placeholder\n","protected":false},"excerpt":{"rendered":"<p>Dzie\u0144 Matki to bardzo wa\u017cne wydarzenie w \u017c\u0142obku. Z tej okazji dzieci przygotowa\u0142y pi\u0119kn\u0105 upominki dla swoich kochanych mam. By\u0142y to laurki i kolorowe obrazki. Wszystko po to, aby mamy zobaczy\u0142y, jak mocno bij\u0105 dla nich te ma\u0142e serduszka. Wszystkim mamusiom \u017cyczymy przede wszystkim zdrowia, wszelkiej pomy\u015blno\u015bci oraz mi\u0142o\u015bci okazywanej w codziennym \u017cyciu. Wszystkiego najlepszego!<\/p>\n","protected":false},"author":1,"featured_media":0,"parent":4413,"menu_order":0,"comment_status":"closed","ping_status":"closed","template":"szablon-galeria-submenu.php","meta":{"ngg_post_thumbnail":0,"footnotes":""},"class_list":["post-5720","page","type-page","status-publish","hentry"],"_links":{"self":[{"href":"https:\/\/bajkowydworek.com\/zlobek\/index.php?rest_route=\/wp\/v2\/pages\/5720","targetHints":{"allow":["GET"]}}],"collection":[{"href":"https:\/\/bajkowydworek.com\/zlobek\/index.php?rest_route=\/wp\/v2\/pages"}],"about":[{"href":"https:\/\/bajkowydworek.com\/zlobek\/index.php?rest_route=\/wp\/v2\/types\/page"}],"author":[{"embeddable":true,"href":"https:\/\/bajkowydworek.com\/zlobek\/index.php?rest_route=\/wp\/v2\/users\/1"}],"replies":[{"embeddable":true,"href":"https:\/\/bajkowydworek.com\/zlobek\/index.php?rest_route=%2Fwp%2Fv2%2Fcomments&post=5720"}],"version-history":[{"count":2,"href":"https:\/\/bajkowydworek.com\/zlobek\/index.php?rest_route=\/wp\/v2\/pages\/5720\/revisions"}],"predecessor-version":[{"id":5722,"href":"https:\/\/bajkowydworek.com\/zlobek\/index.php?rest_route=\/wp\/v2\/pages\/5720\/revisions\/5722"}],"up":[{"embeddable":true,"href":"https:\/\/bajkowydworek.com\/zlobek\/index.php?rest_route=\/wp\/v2\/pages\/4413"}],"wp:attachment":[{"href":"https:\/\/bajkowydworek.com\/zlobek\/index.php?rest_route=%2Fwp%2Fv2%2Fmedia&parent=5720"}],"curies":[{"name":"wp","href":"https:\/\/api.w.org\/{rel}","templated":true}]}}