{"id":5551,"date":"2025-04-02T20:48:01","date_gmt":"2025-04-02T18:48:01","guid":{"rendered":"https:\/\/bajkowydworek.com\/zlobek\/?page_id=5551"},"modified":"2025-04-02T20:55:32","modified_gmt":"2025-04-02T18:55:32","slug":"miedzynarodowy-dzien-ksiazki-2","status":"publish","type":"page","link":"https:\/\/bajkowydworek.com\/zlobek\/?page_id=5551","title":{"rendered":"Mi\u0119dzynarodowy Dzie\u0144 Ksi\u0105\u017cki"},"content":{"rendered":"<p style=\"text-align: justify;\"><img loading=\"lazy\" decoding=\"async\" class=\"alignleft size-full wp-image-4064\" src=\"https:\/\/bajkowydworek.com\/zlobek\/wp-content\/uploads\/2023\/04\/dzien_ksiazki.png\" alt=\"\" width=\"244\" height=\"312\" srcset=\"https:\/\/bajkowydworek.com\/zlobek\/wp-content\/uploads\/2023\/04\/dzien_ksiazki.png 244w, https:\/\/bajkowydworek.com\/zlobek\/wp-content\/uploads\/2023\/04\/dzien_ksiazki-235x300.png 235w\" sizes=\"auto, (max-width: 244px) 100vw, 244px\" \/>31 marca 2025 r. w naszym \u017c\u0142obku odchodzili\u015bmy dzie\u0144 ksi\u0105\u017cki dla dzieci. Maluchy z naszego \u017c\u0142obka, r\u00f3wnie\u017c nie zapomnia\u0142y o tym jak\u017ce wa\u017cnym wydarzeniu, kt\u00f3re ma na celu rozpowszechnianie ksi\u0105\u017cek dla dzieci oraz popularyzowanie czytania w\u015br\u00f3d najm\u0142odszych. Wszystkie zaj\u0119cia, zabawy i dzia\u0142ania dzieci zwi\u0105zane by\u0142y w tym dniu z ksi\u0105\u017ck\u0105. By\u0142y zagadki obrazkowe dotycz\u0105ce znajomo\u015bci bajek, ba\u015bni dla dzieci oraz postaci w nich wyst\u0119puj\u0105cych. Zagadki przeplatane by\u0142y r\u00f3\u017cnymi zabawami ruchowymi i oczywi\u015bcie czytaniem utwor\u00f3w. Dzieci wzbogaci\u0142y swoj\u0105 wiedz\u0119 dotycz\u0105c\u0105 utwor\u00f3w przeznaczonych dla nich. Wykaza\u0142y si\u0119 te\u017c bardzo du\u017c\u0105 znajomo\u015bci\u0105 literatury dzieci\u0119cej.<\/p>\nngg_shortcode_0_placeholder\n","protected":false},"excerpt":{"rendered":"<p>31 marca 2025 r. w naszym \u017c\u0142obku odchodzili\u015bmy dzie\u0144 ksi\u0105\u017cki dla dzieci. Maluchy z naszego \u017c\u0142obka, r\u00f3wnie\u017c nie zapomnia\u0142y o tym jak\u017ce wa\u017cnym wydarzeniu, kt\u00f3re ma na celu rozpowszechnianie ksi\u0105\u017cek dla dzieci oraz popularyzowanie czytania w\u015br\u00f3d najm\u0142odszych. Wszystkie zaj\u0119cia, zabawy i dzia\u0142ania dzieci zwi\u0105zane by\u0142y w tym dniu z ksi\u0105\u017ck\u0105. By\u0142y zagadki obrazkowe dotycz\u0105ce znajomo\u015bci [&hellip;]<\/p>\n","protected":false},"author":1,"featured_media":0,"parent":4413,"menu_order":0,"comment_status":"closed","ping_status":"closed","template":"szablon-galeria-submenu.php","meta":{"ngg_post_thumbnail":0,"footnotes":""},"class_list":["post-5551","page","type-page","status-publish","hentry"],"_links":{"self":[{"href":"https:\/\/bajkowydworek.com\/zlobek\/index.php?rest_route=\/wp\/v2\/pages\/5551","targetHints":{"allow":["GET"]}}],"collection":[{"href":"https:\/\/bajkowydworek.com\/zlobek\/index.php?rest_route=\/wp\/v2\/pages"}],"about":[{"href":"https:\/\/bajkowydworek.com\/zlobek\/index.php?rest_route=\/wp\/v2\/types\/page"}],"author":[{"embeddable":true,"href":"https:\/\/bajkowydworek.com\/zlobek\/index.php?rest_route=\/wp\/v2\/users\/1"}],"replies":[{"embeddable":true,"href":"https:\/\/bajkowydworek.com\/zlobek\/index.php?rest_route=%2Fwp%2Fv2%2Fcomments&post=5551"}],"version-history":[{"count":2,"href":"https:\/\/bajkowydworek.com\/zlobek\/index.php?rest_route=\/wp\/v2\/pages\/5551\/revisions"}],"predecessor-version":[{"id":5553,"href":"https:\/\/bajkowydworek.com\/zlobek\/index.php?rest_route=\/wp\/v2\/pages\/5551\/revisions\/5553"}],"up":[{"embeddable":true,"href":"https:\/\/bajkowydworek.com\/zlobek\/index.php?rest_route=\/wp\/v2\/pages\/4413"}],"wp:attachment":[{"href":"https:\/\/bajkowydworek.com\/zlobek\/index.php?rest_route=%2Fwp%2Fv2%2Fmedia&parent=5551"}],"curies":[{"name":"wp","href":"https:\/\/api.w.org\/{rel}","templated":true}]}}