{"id":5476,"date":"2025-03-26T11:20:08","date_gmt":"2025-03-26T10:20:08","guid":{"rendered":"https:\/\/bajkowydworek.com\/zlobek\/?page_id=5476"},"modified":"2025-03-26T11:21:52","modified_gmt":"2025-03-26T10:21:52","slug":"pierwszy-dzien-wiosny-2","status":"publish","type":"page","link":"https:\/\/bajkowydworek.com\/zlobek\/?page_id=5476","title":{"rendered":"Pierwszy dzie\u0144 wiosny"},"content":{"rendered":"<p style=\"text-align: justify;\"><img loading=\"lazy\" decoding=\"async\" class=\"alignleft  wp-image-3688\" src=\"https:\/\/bajkowydworek.com\/zlobek\/wp-content\/uploads\/2022\/03\/pierwszy-dzien-wiosny.jpg\" alt=\"\" width=\"249\" height=\"160\" srcset=\"https:\/\/bajkowydworek.com\/zlobek\/wp-content\/uploads\/2022\/03\/pierwszy-dzien-wiosny.jpg 609w, https:\/\/bajkowydworek.com\/zlobek\/wp-content\/uploads\/2022\/03\/pierwszy-dzien-wiosny-300x193.jpg 300w\" sizes=\"auto, (max-width: 249px) 100vw, 249px\" \/>W dniu 21 marca 2025 r. dzieci z Bajkowego Dworku \u015bwi\u0119towa\u0142y Pierwszy Dzie\u0144 Wiosny. Podczas uroczysto\u015bci dzieci mia\u0142y okazj\u0119 wykaza\u0107 si\u0119 znajomo\u015bci\u0105 i wiedz\u0105 o nadchodz\u0105cej porze roku, rozwi\u0105zywa\u0142y zagadki i wykonywa\u0142y zadania dotycz\u0105ce wiosny. Mimo wielu atrakcji najbardziej oczekiwan\u0105 cz\u0119\u015bci\u0105 dnia by\u0142o poszukiwanie wiosny w plenerze, podczas kt\u00f3rego mogli\u015bmy po\u017cegna\u0107 zim\u0119 i powita\u0107 wiosn\u0119. Po powrocie z zabaw na \u015bwie\u017cym powietrzu na dzieci czeka\u0142 posi\u0142ek &#8211; nowalijki od Pani Wiosny. Jeste\u015bmy pewni, \u017ce starania naszych wychowank\u00f3w sprawi\u0105, \u017ce Wiosna zawita do nas na dobre.<\/p>\nngg_shortcode_0_placeholder\n","protected":false},"excerpt":{"rendered":"<p>W dniu 21 marca 2025 r. dzieci z Bajkowego Dworku \u015bwi\u0119towa\u0142y Pierwszy Dzie\u0144 Wiosny. Podczas uroczysto\u015bci dzieci mia\u0142y okazj\u0119 wykaza\u0107 si\u0119 znajomo\u015bci\u0105 i wiedz\u0105 o nadchodz\u0105cej porze roku, rozwi\u0105zywa\u0142y zagadki i wykonywa\u0142y zadania dotycz\u0105ce wiosny. Mimo wielu atrakcji najbardziej oczekiwan\u0105 cz\u0119\u015bci\u0105 dnia by\u0142o poszukiwanie wiosny w plenerze, podczas kt\u00f3rego mogli\u015bmy po\u017cegna\u0107 zim\u0119 i powita\u0107 wiosn\u0119. [&hellip;]<\/p>\n","protected":false},"author":1,"featured_media":0,"parent":4413,"menu_order":0,"comment_status":"closed","ping_status":"closed","template":"szablon-galeria-submenu.php","meta":{"ngg_post_thumbnail":0,"footnotes":""},"class_list":["post-5476","page","type-page","status-publish","hentry"],"_links":{"self":[{"href":"https:\/\/bajkowydworek.com\/zlobek\/index.php?rest_route=\/wp\/v2\/pages\/5476","targetHints":{"allow":["GET"]}}],"collection":[{"href":"https:\/\/bajkowydworek.com\/zlobek\/index.php?rest_route=\/wp\/v2\/pages"}],"about":[{"href":"https:\/\/bajkowydworek.com\/zlobek\/index.php?rest_route=\/wp\/v2\/types\/page"}],"author":[{"embeddable":true,"href":"https:\/\/bajkowydworek.com\/zlobek\/index.php?rest_route=\/wp\/v2\/users\/1"}],"replies":[{"embeddable":true,"href":"https:\/\/bajkowydworek.com\/zlobek\/index.php?rest_route=%2Fwp%2Fv2%2Fcomments&post=5476"}],"version-history":[{"count":1,"href":"https:\/\/bajkowydworek.com\/zlobek\/index.php?rest_route=\/wp\/v2\/pages\/5476\/revisions"}],"predecessor-version":[{"id":5477,"href":"https:\/\/bajkowydworek.com\/zlobek\/index.php?rest_route=\/wp\/v2\/pages\/5476\/revisions\/5477"}],"up":[{"embeddable":true,"href":"https:\/\/bajkowydworek.com\/zlobek\/index.php?rest_route=\/wp\/v2\/pages\/4413"}],"wp:attachment":[{"href":"https:\/\/bajkowydworek.com\/zlobek\/index.php?rest_route=%2Fwp%2Fv2%2Fmedia&parent=5476"}],"curies":[{"name":"wp","href":"https:\/\/api.w.org\/{rel}","templated":true}]}}