{"id":5392,"date":"2025-03-12T19:54:29","date_gmt":"2025-03-12T18:54:29","guid":{"rendered":"https:\/\/bajkowydworek.com\/zlobek\/?page_id=5392"},"modified":"2025-03-12T20:00:35","modified_gmt":"2025-03-12T19:00:35","slug":"dzien-kobiet","status":"publish","type":"page","link":"https:\/\/bajkowydworek.com\/zlobek\/?page_id=5392","title":{"rendered":"Dzie\u0144 Kobiet"},"content":{"rendered":"<p style=\"text-align: justify;\"><img loading=\"lazy\" decoding=\"async\" class=\"alignleft  wp-image-3002\" src=\"https:\/\/bajkowydworek.com\/zlobek\/wp-content\/uploads\/2021\/03\/dzien_kobiet.jpg\" alt=\"\" width=\"257\" height=\"160\" srcset=\"https:\/\/bajkowydworek.com\/zlobek\/wp-content\/uploads\/2021\/03\/dzien_kobiet.jpg 528w, https:\/\/bajkowydworek.com\/zlobek\/wp-content\/uploads\/2021\/03\/dzien_kobiet-300x187.jpg 300w\" sizes=\"auto, (max-width: 257px) 100vw, 257px\" \/>8 marca to wyj\u0105tkowy dzie\u0144 w roku. Wtedy swoje \u015bwi\u0119to obchodz\u0105 wszystkie kobiety, zar\u00f3wno te du\u017ce, jak i te ma\u0142e. W tym szczeg\u00f3lnym dniu wszyscy ch\u0142opcy w ka\u017cdej grupie sk\u0142adali \u017cyczenia kole\u017cankom i swoim paniom. Nie oby\u0142o si\u0119 bez drobnych upomink\u00f3w i kwiat\u00f3w&#8230; Z dziewcz\u0119cych bu\u017a u\u015bmiech nie znika\u0142 przez calutki dzie\u0144, a ch\u0142opcy zachowywali si\u0119 jak prawdziwi gentelmani, byli przemili, uczynni i sympatyczni.<\/p>\n<p style=\"text-align: justify;\">Wszystkie panie i dziewczynki dzi\u0119kuj\u0105 ch\u0142opcom za pi\u0119kne \u017cyczenia, kwiaty i promienny u\u015bmiech.<\/p>\nngg_shortcode_0_placeholder\n","protected":false},"excerpt":{"rendered":"<p>8 marca to wyj\u0105tkowy dzie\u0144 w roku. Wtedy swoje \u015bwi\u0119to obchodz\u0105 wszystkie kobiety, zar\u00f3wno te du\u017ce, jak i te ma\u0142e. W tym szczeg\u00f3lnym dniu wszyscy ch\u0142opcy w ka\u017cdej grupie sk\u0142adali \u017cyczenia kole\u017cankom i swoim paniom. Nie oby\u0142o si\u0119 bez drobnych upomink\u00f3w i kwiat\u00f3w&#8230; Z dziewcz\u0119cych bu\u017a u\u015bmiech nie znika\u0142 przez calutki dzie\u0144, a ch\u0142opcy zachowywali [&hellip;]<\/p>\n","protected":false},"author":1,"featured_media":0,"parent":4413,"menu_order":0,"comment_status":"closed","ping_status":"closed","template":"szablon-galeria-submenu.php","meta":{"ngg_post_thumbnail":0,"footnotes":""},"class_list":["post-5392","page","type-page","status-publish","hentry"],"_links":{"self":[{"href":"https:\/\/bajkowydworek.com\/zlobek\/index.php?rest_route=\/wp\/v2\/pages\/5392","targetHints":{"allow":["GET"]}}],"collection":[{"href":"https:\/\/bajkowydworek.com\/zlobek\/index.php?rest_route=\/wp\/v2\/pages"}],"about":[{"href":"https:\/\/bajkowydworek.com\/zlobek\/index.php?rest_route=\/wp\/v2\/types\/page"}],"author":[{"embeddable":true,"href":"https:\/\/bajkowydworek.com\/zlobek\/index.php?rest_route=\/wp\/v2\/users\/1"}],"replies":[{"embeddable":true,"href":"https:\/\/bajkowydworek.com\/zlobek\/index.php?rest_route=%2Fwp%2Fv2%2Fcomments&post=5392"}],"version-history":[{"count":2,"href":"https:\/\/bajkowydworek.com\/zlobek\/index.php?rest_route=\/wp\/v2\/pages\/5392\/revisions"}],"predecessor-version":[{"id":5396,"href":"https:\/\/bajkowydworek.com\/zlobek\/index.php?rest_route=\/wp\/v2\/pages\/5392\/revisions\/5396"}],"up":[{"embeddable":true,"href":"https:\/\/bajkowydworek.com\/zlobek\/index.php?rest_route=\/wp\/v2\/pages\/4413"}],"wp:attachment":[{"href":"https:\/\/bajkowydworek.com\/zlobek\/index.php?rest_route=%2Fwp%2Fv2%2Fmedia&parent=5392"}],"curies":[{"name":"wp","href":"https:\/\/api.w.org\/{rel}","templated":true}]}}