{"id":5391,"date":"2025-03-12T19:54:16","date_gmt":"2025-03-12T18:54:16","guid":{"rendered":"https:\/\/bajkowydworek.com\/zlobek\/?page_id=5391"},"modified":"2025-03-12T19:57:45","modified_gmt":"2025-03-12T18:57:45","slug":"zabawy-na-swiezym-powietrzu","status":"publish","type":"page","link":"https:\/\/bajkowydworek.com\/zlobek\/?page_id=5391","title":{"rendered":"Zabawy na \u015bwie\u017cym powietrzu"},"content":{"rendered":"<p style=\"text-align: justify;\"><img loading=\"lazy\" decoding=\"async\" class=\"alignleft  wp-image-5393\" src=\"https:\/\/bajkowydworek.com\/zlobek\/wp-content\/uploads\/2025\/03\/zabawa.jpg\" alt=\"\" width=\"310\" height=\"160\" srcset=\"https:\/\/bajkowydworek.com\/zlobek\/wp-content\/uploads\/2025\/03\/zabawa.jpg 727w, https:\/\/bajkowydworek.com\/zlobek\/wp-content\/uploads\/2025\/03\/zabawa-300x155.jpg 300w\" sizes=\"auto, (max-width: 310px) 100vw, 310px\" \/>Nasze Maluchy uwielbiaj\u0105 gimnastyk\u0119 i ruch na \u015bwie\u017cym powietrzu. Zabawy ruchowe maj\u0105 szczeg\u00f3lnie wa\u017cne znaczenie w rozwoju dziecka. Zapraszamy do galerii <\/p>\nngg_shortcode_0_placeholder\n","protected":false},"excerpt":{"rendered":"<p>Nasze Maluchy uwielbiaj\u0105 gimnastyk\u0119 i ruch na \u015bwie\u017cym powietrzu. Zabawy ruchowe maj\u0105 szczeg\u00f3lnie wa\u017cne znaczenie w rozwoju dziecka. Zapraszamy do galerii<\/p>\n","protected":false},"author":1,"featured_media":0,"parent":4413,"menu_order":0,"comment_status":"closed","ping_status":"closed","template":"szablon-galeria-submenu.php","meta":{"ngg_post_thumbnail":0,"footnotes":""},"class_list":["post-5391","page","type-page","status-publish","hentry"],"_links":{"self":[{"href":"https:\/\/bajkowydworek.com\/zlobek\/index.php?rest_route=\/wp\/v2\/pages\/5391","targetHints":{"allow":["GET"]}}],"collection":[{"href":"https:\/\/bajkowydworek.com\/zlobek\/index.php?rest_route=\/wp\/v2\/pages"}],"about":[{"href":"https:\/\/bajkowydworek.com\/zlobek\/index.php?rest_route=\/wp\/v2\/types\/page"}],"author":[{"embeddable":true,"href":"https:\/\/bajkowydworek.com\/zlobek\/index.php?rest_route=\/wp\/v2\/users\/1"}],"replies":[{"embeddable":true,"href":"https:\/\/bajkowydworek.com\/zlobek\/index.php?rest_route=%2Fwp%2Fv2%2Fcomments&post=5391"}],"version-history":[{"count":1,"href":"https:\/\/bajkowydworek.com\/zlobek\/index.php?rest_route=\/wp\/v2\/pages\/5391\/revisions"}],"predecessor-version":[{"id":5394,"href":"https:\/\/bajkowydworek.com\/zlobek\/index.php?rest_route=\/wp\/v2\/pages\/5391\/revisions\/5394"}],"up":[{"embeddable":true,"href":"https:\/\/bajkowydworek.com\/zlobek\/index.php?rest_route=\/wp\/v2\/pages\/4413"}],"wp:attachment":[{"href":"https:\/\/bajkowydworek.com\/zlobek\/index.php?rest_route=%2Fwp%2Fv2%2Fmedia&parent=5391"}],"curies":[{"name":"wp","href":"https:\/\/api.w.org\/{rel}","templated":true}]}}