{"id":5269,"date":"2025-03-01T21:35:08","date_gmt":"2025-03-01T20:35:08","guid":{"rendered":"https:\/\/bajkowydworek.com\/zlobek\/?page_id=5269"},"modified":"2025-03-01T21:40:09","modified_gmt":"2025-03-01T20:40:09","slug":"bal-karnawalowy","status":"publish","type":"page","link":"https:\/\/bajkowydworek.com\/zlobek\/?page_id=5269","title":{"rendered":"Bal Karnawa\u0142owy"},"content":{"rendered":"<p style=\"text-align: justify;\"><img loading=\"lazy\" decoding=\"async\" class=\"alignleft wp-image-3659\" src=\"https:\/\/bajkowydworek.com\/zlobek\/wp-content\/uploads\/2022\/02\/bal-karnawalowy-2022.png\" alt=\"\" width=\"408\" height=\"160\" srcset=\"https:\/\/bajkowydworek.com\/zlobek\/wp-content\/uploads\/2022\/02\/bal-karnawalowy-2022.png 1187w, https:\/\/bajkowydworek.com\/zlobek\/wp-content\/uploads\/2022\/02\/bal-karnawalowy-2022-300x118.png 300w, https:\/\/bajkowydworek.com\/zlobek\/wp-content\/uploads\/2022\/02\/bal-karnawalowy-2022-1024x402.png 1024w, https:\/\/bajkowydworek.com\/zlobek\/wp-content\/uploads\/2022\/02\/bal-karnawalowy-2022-768x302.png 768w\" sizes=\"auto, (max-width: 408px) 100vw, 408px\" \/>Karnawa\u0142 to czas imprez i tanecznych szale\u0144stw, kt\u00f3rym towarzyszy muzyka i zabawa. We wtorek 25 lutego 2024 r. w naszej plac\u00f3wce ju\u017c od rana by\u0142o bardzo weso\u0142o, a wszystko to za spraw\u0105 atmosfery zwi\u0105zanej z Balem Karnawa\u0142owym. Dzieci tego dnia mia\u0142y okazj\u0119 zintegrowa\u0107 si\u0119 oraz przebra\u0107 za r\u00f3\u017cne postacie z bajek i nie tylko. Na balu mo\u017cna by\u0142o spotka\u0107: wr\u00f3\u017cki, ksi\u0119\u017cniczki, rycerzy, policjant\u00f3w, stra\u017cak\u00f3w i wiele, wiele innych. Dzieci \u015bwietnie bawi\u0142y si\u0119 w rytm muzyki porywaj\u0105cej do ta\u0144ca oraz bra\u0142y udzia\u0142 w najr\u00f3\u017cniejszych konkursach. Bajkowa atmosfera na d\u0142ugo pozostanie w pami\u0119ci naszych pociech.<\/p>\nngg_shortcode_0_placeholder\n","protected":false},"excerpt":{"rendered":"<p>Karnawa\u0142 to czas imprez i tanecznych szale\u0144stw, kt\u00f3rym towarzyszy muzyka i zabawa. We wtorek 25 lutego 2024 r. w naszej plac\u00f3wce ju\u017c od rana by\u0142o bardzo weso\u0142o, a wszystko to za spraw\u0105 atmosfery zwi\u0105zanej z Balem Karnawa\u0142owym. Dzieci tego dnia mia\u0142y okazj\u0119 zintegrowa\u0107 si\u0119 oraz przebra\u0107 za r\u00f3\u017cne postacie z bajek i nie tylko. Na [&hellip;]<\/p>\n","protected":false},"author":1,"featured_media":0,"parent":4413,"menu_order":0,"comment_status":"closed","ping_status":"closed","template":"szablon-galeria-submenu.php","meta":{"ngg_post_thumbnail":0,"footnotes":""},"class_list":["post-5269","page","type-page","status-publish","hentry"],"_links":{"self":[{"href":"https:\/\/bajkowydworek.com\/zlobek\/index.php?rest_route=\/wp\/v2\/pages\/5269","targetHints":{"allow":["GET"]}}],"collection":[{"href":"https:\/\/bajkowydworek.com\/zlobek\/index.php?rest_route=\/wp\/v2\/pages"}],"about":[{"href":"https:\/\/bajkowydworek.com\/zlobek\/index.php?rest_route=\/wp\/v2\/types\/page"}],"author":[{"embeddable":true,"href":"https:\/\/bajkowydworek.com\/zlobek\/index.php?rest_route=\/wp\/v2\/users\/1"}],"replies":[{"embeddable":true,"href":"https:\/\/bajkowydworek.com\/zlobek\/index.php?rest_route=%2Fwp%2Fv2%2Fcomments&post=5269"}],"version-history":[{"count":2,"href":"https:\/\/bajkowydworek.com\/zlobek\/index.php?rest_route=\/wp\/v2\/pages\/5269\/revisions"}],"predecessor-version":[{"id":5271,"href":"https:\/\/bajkowydworek.com\/zlobek\/index.php?rest_route=\/wp\/v2\/pages\/5269\/revisions\/5271"}],"up":[{"embeddable":true,"href":"https:\/\/bajkowydworek.com\/zlobek\/index.php?rest_route=\/wp\/v2\/pages\/4413"}],"wp:attachment":[{"href":"https:\/\/bajkowydworek.com\/zlobek\/index.php?rest_route=%2Fwp%2Fv2%2Fmedia&parent=5269"}],"curies":[{"name":"wp","href":"https:\/\/api.w.org\/{rel}","templated":true}]}}