{"id":5072,"date":"2025-02-15T11:52:32","date_gmt":"2025-02-15T10:52:32","guid":{"rendered":"https:\/\/bajkowydworek.com\/zlobek\/?page_id=5072"},"modified":"2025-02-15T11:57:13","modified_gmt":"2025-02-15T10:57:13","slug":"walentynki","status":"publish","type":"page","link":"https:\/\/bajkowydworek.com\/zlobek\/?page_id=5072","title":{"rendered":"Walentynki"},"content":{"rendered":"<blockquote>\n<p style=\"text-align: center;\"><span style=\"color: #ff0000;\"><img loading=\"lazy\" decoding=\"async\" class=\"size-full wp-image-4030 aligncenter\" src=\"https:\/\/bajkowydworek.com\/zlobek\/wp-content\/uploads\/2023\/02\/walentynki.jpg\" alt=\"\" width=\"423\" height=\"119\" srcset=\"https:\/\/bajkowydworek.com\/zlobek\/wp-content\/uploads\/2023\/02\/walentynki.jpg 423w, https:\/\/bajkowydworek.com\/zlobek\/wp-content\/uploads\/2023\/02\/walentynki-300x84.jpg 300w\" sizes=\"auto, (max-width: 423px) 100vw, 423px\" \/>W dniu \u015bwi\u0119tego Walentego<\/span><br \/>\n<span style=\"color: #ff0000;\">nic nie mo\u017ce dzia\u0107 si\u0119 z\u0142ego,<\/span><br \/>\n<span style=\"color: #ff0000;\">nikt nie mo\u017ce si\u0119 dzi\u015b z\u0142o\u015bci\u0107,<\/span><br \/>\n<span style=\"color: #ff0000;\">bo dzi\u015b nadszed\u0142 dzie\u0144 mi\u0142o\u015bci&#8230;<\/span><\/p>\n<\/blockquote>\n<p style=\"text-align: justify;\"><strong>Walentynki to wyj\u0105tkowy dzie\u0144, kt\u00f3ry \u015bwi\u0119towany jest nie tylko przez doros\u0142ych, ale r\u00f3wnie\u017c dzieci. Dla najm\u0142odszych stanowi symbol przyja\u017ani i relacji mi\u0119dzyludzkich.<\/strong><\/p>\n<p style=\"text-align: justify;\">14 lutego 2025 roku by\u0142 dla dzieci z Bajkowego Dworku prawdziwym, czerwonym dniem mi\u0142o\u015bci i przyja\u017ani. Dzieci dowiedzia\u0142y si\u0119 kim by\u0142 \u015bw. Walenty, co to jest mi\u0142o\u015b\u0107, jak i do kogo j\u0105 okazujemy oraz pozna\u0142y tradycj\u0119 obchodzenia tego \u015bwi\u0119ta w Polsce i innych krajach. Dzieci uczestniczy\u0142y w r\u00f3\u017cnych zabawach zwi\u0105zanych z walentynkami przygotowanych przez wychowawczynie. Dzie\u0144 Walentynowy w Bajkowym Dworku z pewno\u015bci\u0105 mo\u017cna zaliczy\u0107 do udanego. By\u0142 to dzie\u0144 mi\u0142ych wra\u017ce\u0144.<\/p>\nngg_shortcode_0_placeholder\n","protected":false},"excerpt":{"rendered":"<p>W dniu \u015bwi\u0119tego Walentego nic nie mo\u017ce dzia\u0107 si\u0119 z\u0142ego, nikt nie mo\u017ce si\u0119 dzi\u015b z\u0142o\u015bci\u0107, bo dzi\u015b nadszed\u0142 dzie\u0144 mi\u0142o\u015bci&#8230; Walentynki to wyj\u0105tkowy dzie\u0144, kt\u00f3ry \u015bwi\u0119towany jest nie tylko przez doros\u0142ych, ale r\u00f3wnie\u017c dzieci. Dla najm\u0142odszych stanowi symbol przyja\u017ani i relacji mi\u0119dzyludzkich. 14 lutego 2025 roku by\u0142 dla dzieci z Bajkowego Dworku prawdziwym, czerwonym [&hellip;]<\/p>\n","protected":false},"author":1,"featured_media":0,"parent":4413,"menu_order":0,"comment_status":"closed","ping_status":"closed","template":"szablon-galeria-submenu.php","meta":{"ngg_post_thumbnail":0,"footnotes":""},"class_list":["post-5072","page","type-page","status-publish","hentry"],"_links":{"self":[{"href":"https:\/\/bajkowydworek.com\/zlobek\/index.php?rest_route=\/wp\/v2\/pages\/5072","targetHints":{"allow":["GET"]}}],"collection":[{"href":"https:\/\/bajkowydworek.com\/zlobek\/index.php?rest_route=\/wp\/v2\/pages"}],"about":[{"href":"https:\/\/bajkowydworek.com\/zlobek\/index.php?rest_route=\/wp\/v2\/types\/page"}],"author":[{"embeddable":true,"href":"https:\/\/bajkowydworek.com\/zlobek\/index.php?rest_route=\/wp\/v2\/users\/1"}],"replies":[{"embeddable":true,"href":"https:\/\/bajkowydworek.com\/zlobek\/index.php?rest_route=%2Fwp%2Fv2%2Fcomments&post=5072"}],"version-history":[{"count":2,"href":"https:\/\/bajkowydworek.com\/zlobek\/index.php?rest_route=\/wp\/v2\/pages\/5072\/revisions"}],"predecessor-version":[{"id":5077,"href":"https:\/\/bajkowydworek.com\/zlobek\/index.php?rest_route=\/wp\/v2\/pages\/5072\/revisions\/5077"}],"up":[{"embeddable":true,"href":"https:\/\/bajkowydworek.com\/zlobek\/index.php?rest_route=\/wp\/v2\/pages\/4413"}],"wp:attachment":[{"href":"https:\/\/bajkowydworek.com\/zlobek\/index.php?rest_route=%2Fwp%2Fv2%2Fmedia&parent=5072"}],"curies":[{"name":"wp","href":"https:\/\/api.w.org\/{rel}","templated":true}]}}