{"id":5005,"date":"2025-02-15T11:49:14","date_gmt":"2025-02-15T10:49:14","guid":{"rendered":"https:\/\/bajkowydworek.com\/zlobek\/?page_id=5005"},"modified":"2025-02-15T11:54:29","modified_gmt":"2025-02-15T10:54:29","slug":"ferie-zimowe-tydzien-ii-dzieci-wspaniali-artysci","status":"publish","type":"page","link":"https:\/\/bajkowydworek.com\/zlobek\/?page_id=5005","title":{"rendered":"Ferie zimowe &#8211; tydzie\u0144 II &#8211; Dzieci wspaniali arty\u015bci"},"content":{"rendered":"<p style=\"text-align: justify;\"><img loading=\"lazy\" decoding=\"async\" class=\"alignleft  wp-image-5074\" src=\"https:\/\/bajkowydworek.com\/zlobek\/wp-content\/uploads\/2025\/02\/kolorowe_rece.jpg\" alt=\"\" width=\"284\" height=\"160\" srcset=\"https:\/\/bajkowydworek.com\/zlobek\/wp-content\/uploads\/2025\/02\/kolorowe_rece.jpg 883w, https:\/\/bajkowydworek.com\/zlobek\/wp-content\/uploads\/2025\/02\/kolorowe_rece-300x169.jpg 300w, https:\/\/bajkowydworek.com\/zlobek\/wp-content\/uploads\/2025\/02\/kolorowe_rece-768x432.jpg 768w\" sizes=\"auto, (max-width: 284px) 100vw, 284px\" \/>Nasze kochane dzieci to wspaniali arty\u015bci. Podczas drugiego tygodnia ferii zimowych codziennie tworzy\u0142y co\u015b nowego, wspania\u0142ego oraz ciekawego. Dzieci wykaza\u0142y si\u0119 du\u017c\u0105 aktywno\u015bci\u0105 i pomys\u0142owo\u015bci\u0105 czerpi\u0105c z tego wiele rado\u015bci. Maluchy maj\u0105 nadziej\u0119, \u017ce ich praca zostanie doceniona i zaowocuje kreatywno\u015bci\u0105 w dalszej edukacji. Chcemy pochwali\u0107 si\u0119 wspania\u0142ymi pracami i pokaza\u0107 jakimi tw\u00f3rczymi dzieciakami jeste\u015bmy. Zapraszamy do naszej galerii zdj\u0119\u0107.<\/p>\nngg_shortcode_0_placeholder\n","protected":false},"excerpt":{"rendered":"<p>Nasze kochane dzieci to wspaniali arty\u015bci. Podczas drugiego tygodnia ferii zimowych codziennie tworzy\u0142y co\u015b nowego, wspania\u0142ego oraz ciekawego. Dzieci wykaza\u0142y si\u0119 du\u017c\u0105 aktywno\u015bci\u0105 i pomys\u0142owo\u015bci\u0105 czerpi\u0105c z tego wiele rado\u015bci. Maluchy maj\u0105 nadziej\u0119, \u017ce ich praca zostanie doceniona i zaowocuje kreatywno\u015bci\u0105 w dalszej edukacji. Chcemy pochwali\u0107 si\u0119 wspania\u0142ymi pracami i pokaza\u0107 jakimi tw\u00f3rczymi dzieciakami jeste\u015bmy. [&hellip;]<\/p>\n","protected":false},"author":1,"featured_media":0,"parent":4413,"menu_order":0,"comment_status":"closed","ping_status":"closed","template":"szablon-galeria-submenu.php","meta":{"ngg_post_thumbnail":0,"footnotes":""},"class_list":["post-5005","page","type-page","status-publish","hentry"],"_links":{"self":[{"href":"https:\/\/bajkowydworek.com\/zlobek\/index.php?rest_route=\/wp\/v2\/pages\/5005","targetHints":{"allow":["GET"]}}],"collection":[{"href":"https:\/\/bajkowydworek.com\/zlobek\/index.php?rest_route=\/wp\/v2\/pages"}],"about":[{"href":"https:\/\/bajkowydworek.com\/zlobek\/index.php?rest_route=\/wp\/v2\/types\/page"}],"author":[{"embeddable":true,"href":"https:\/\/bajkowydworek.com\/zlobek\/index.php?rest_route=\/wp\/v2\/users\/1"}],"replies":[{"embeddable":true,"href":"https:\/\/bajkowydworek.com\/zlobek\/index.php?rest_route=%2Fwp%2Fv2%2Fcomments&post=5005"}],"version-history":[{"count":2,"href":"https:\/\/bajkowydworek.com\/zlobek\/index.php?rest_route=\/wp\/v2\/pages\/5005\/revisions"}],"predecessor-version":[{"id":5075,"href":"https:\/\/bajkowydworek.com\/zlobek\/index.php?rest_route=\/wp\/v2\/pages\/5005\/revisions\/5075"}],"up":[{"embeddable":true,"href":"https:\/\/bajkowydworek.com\/zlobek\/index.php?rest_route=\/wp\/v2\/pages\/4413"}],"wp:attachment":[{"href":"https:\/\/bajkowydworek.com\/zlobek\/index.php?rest_route=%2Fwp%2Fv2%2Fmedia&parent=5005"}],"curies":[{"name":"wp","href":"https:\/\/api.w.org\/{rel}","templated":true}]}}