{"id":4899,"date":"2025-02-12T14:39:46","date_gmt":"2025-02-12T13:39:46","guid":{"rendered":"https:\/\/bajkowydworek.com\/zlobek\/?page_id=4899"},"modified":"2025-02-12T15:21:08","modified_gmt":"2025-02-12T14:21:08","slug":"ferie-zimowe-tydzien-i-z-pania-zima-wesolo-mija-czas","status":"publish","type":"page","link":"https:\/\/bajkowydworek.com\/zlobek\/?page_id=4899","title":{"rendered":"Ferie zimowe &#8211; tydzie\u0144 I &#8211; Z pani\u0105 zim\u0105 weso\u0142o mija czas"},"content":{"rendered":"<p style=\"text-align: justify;\"><img loading=\"lazy\" decoding=\"async\" class=\"alignleft  wp-image-4901\" src=\"https:\/\/bajkowydworek.com\/zlobek\/wp-content\/uploads\/2025\/02\/ferie_2025.jpg\" alt=\"\" width=\"240\" height=\"160\" srcset=\"https:\/\/bajkowydworek.com\/zlobek\/wp-content\/uploads\/2025\/02\/ferie_2025.jpg 512w, https:\/\/bajkowydworek.com\/zlobek\/wp-content\/uploads\/2025\/02\/ferie_2025-300x200.jpg 300w\" sizes=\"auto, (max-width: 240px) 100vw, 240px\" \/>Ferie zimowe to wymarzony czas dla dzieci. Maluchy mia\u0142y okazj\u0119 prze\u017cy\u0107 wiele niezapomnianych chwil, pe\u0142nych rado\u015bci i niespodzianek. Podczas pierwszego tygodnia ferii om\u00f3wione zosta\u0142y zasady bezpiecze\u0144stwa podczas uprawiania sport\u00f3w zimowych i zabaw na \u015bwie\u017cym powietrzu. Dzieci uczestniczy\u0142y w zabawach ruchowych, kt\u00f3re okaza\u0142y si\u0119 by\u0107 najbardziej lubian\u0105 przez dzieci form\u0105 sp\u0119dzania wolnego czasu. Wszyscy wsp\u00f3lnie wspaniale si\u0119 bawili\u015bmy &#8211; czego dowodem s\u0105 zdj\u0119cia w galerii &#8211; zapraszamy do ogl\u0105dania!<\/p>\nngg_shortcode_0_placeholder\n","protected":false},"excerpt":{"rendered":"<p>Ferie zimowe to wymarzony czas dla dzieci. Maluchy mia\u0142y okazj\u0119 prze\u017cy\u0107 wiele niezapomnianych chwil, pe\u0142nych rado\u015bci i niespodzianek. Podczas pierwszego tygodnia ferii om\u00f3wione zosta\u0142y zasady bezpiecze\u0144stwa podczas uprawiania sport\u00f3w zimowych i zabaw na \u015bwie\u017cym powietrzu. Dzieci uczestniczy\u0142y w zabawach ruchowych, kt\u00f3re okaza\u0142y si\u0119 by\u0107 najbardziej lubian\u0105 przez dzieci form\u0105 sp\u0119dzania wolnego czasu. Wszyscy wsp\u00f3lnie wspaniale [&hellip;]<\/p>\n","protected":false},"author":1,"featured_media":0,"parent":4413,"menu_order":0,"comment_status":"closed","ping_status":"closed","template":"szablon-galeria-submenu.php","meta":{"ngg_post_thumbnail":0,"footnotes":""},"class_list":["post-4899","page","type-page","status-publish","hentry"],"_links":{"self":[{"href":"https:\/\/bajkowydworek.com\/zlobek\/index.php?rest_route=\/wp\/v2\/pages\/4899","targetHints":{"allow":["GET"]}}],"collection":[{"href":"https:\/\/bajkowydworek.com\/zlobek\/index.php?rest_route=\/wp\/v2\/pages"}],"about":[{"href":"https:\/\/bajkowydworek.com\/zlobek\/index.php?rest_route=\/wp\/v2\/types\/page"}],"author":[{"embeddable":true,"href":"https:\/\/bajkowydworek.com\/zlobek\/index.php?rest_route=\/wp\/v2\/users\/1"}],"replies":[{"embeddable":true,"href":"https:\/\/bajkowydworek.com\/zlobek\/index.php?rest_route=%2Fwp%2Fv2%2Fcomments&post=4899"}],"version-history":[{"count":2,"href":"https:\/\/bajkowydworek.com\/zlobek\/index.php?rest_route=\/wp\/v2\/pages\/4899\/revisions"}],"predecessor-version":[{"id":4902,"href":"https:\/\/bajkowydworek.com\/zlobek\/index.php?rest_route=\/wp\/v2\/pages\/4899\/revisions\/4902"}],"up":[{"embeddable":true,"href":"https:\/\/bajkowydworek.com\/zlobek\/index.php?rest_route=\/wp\/v2\/pages\/4413"}],"wp:attachment":[{"href":"https:\/\/bajkowydworek.com\/zlobek\/index.php?rest_route=%2Fwp%2Fv2%2Fmedia&parent=4899"}],"curies":[{"name":"wp","href":"https:\/\/api.w.org\/{rel}","templated":true}]}}