{"id":4777,"date":"2025-01-31T19:13:35","date_gmt":"2025-01-31T18:13:35","guid":{"rendered":"https:\/\/bajkowydworek.com\/zlobek\/?page_id=4777"},"modified":"2025-01-31T19:17:28","modified_gmt":"2025-01-31T18:17:28","slug":"bal-pizamowy-2","status":"publish","type":"page","link":"https:\/\/bajkowydworek.com\/zlobek\/?page_id=4777","title":{"rendered":"Bal pi\u017camowy"},"content":{"rendered":"<p style=\"text-align: justify;\"><img loading=\"lazy\" decoding=\"async\" class=\" wp-image-3555 alignleft\" src=\"https:\/\/bajkowydworek.com\/zlobek\/wp-content\/uploads\/2022\/01\/bal_pizamowy.jpg\" alt=\"\" width=\"160\" height=\"160\" srcset=\"https:\/\/bajkowydworek.com\/zlobek\/wp-content\/uploads\/2022\/01\/bal_pizamowy.jpg 526w, https:\/\/bajkowydworek.com\/zlobek\/wp-content\/uploads\/2022\/01\/bal_pizamowy-300x300.jpg 300w, https:\/\/bajkowydworek.com\/zlobek\/wp-content\/uploads\/2022\/01\/bal_pizamowy-150x150.jpg 150w\" sizes=\"auto, (max-width: 160px) 100vw, 160px\" \/>30 stycznia 2025 r. w \u201eBajkowym Dworku\u201d odby\u0142 si\u0119 \u201eBal Pi\u017camowy\u201d. W tym dniu wszystkie dzieci by\u0142y ubrane w swoj\u0105 ulubion\u0105 pi\u017cam\u0119, a ka\u017cda sala zamieni\u0142a si\u0119 w ma\u0142\u0105 sypialni\u0119 nocnych zwierz\u0105tek: pszcz\u00f3\u0142ek, biedronek, \u017cabek, misi\u00f3w, motylk\u00f3w, rybek, kangurk\u00f3w, tygrysk\u00f3w, s\u00f3wek oraz wiewi\u00f3rek. Ulubion\u0105 rozrywk\u0105 tego dnia by\u0142a \u201epi\u017camowa dyskoteka\u201d oraz \u201epi\u017camowy pokaz mody\u201d podczas kt\u00f3rego, wszystkie dzieci zaprezentowa\u0142y swoje pi\u0119kne stroje. Nie zabrak\u0142o r\u00f3wnie\u017c licznych konkurencji sprawno\u015bciowych. Dzi\u0119ki radosnej i pe\u0142nej humoru atmosferze, ten dzie\u0144 na d\u0142ugo pozostanie w pami\u0119ci naszych dzieci.<\/p>\nngg_shortcode_0_placeholder\n","protected":false},"excerpt":{"rendered":"<p>30 stycznia 2025 r. w \u201eBajkowym Dworku\u201d odby\u0142 si\u0119 \u201eBal Pi\u017camowy\u201d. W tym dniu wszystkie dzieci by\u0142y ubrane w swoj\u0105 ulubion\u0105 pi\u017cam\u0119, a ka\u017cda sala zamieni\u0142a si\u0119 w ma\u0142\u0105 sypialni\u0119 nocnych zwierz\u0105tek: pszcz\u00f3\u0142ek, biedronek, \u017cabek, misi\u00f3w, motylk\u00f3w, rybek, kangurk\u00f3w, tygrysk\u00f3w, s\u00f3wek oraz wiewi\u00f3rek. Ulubion\u0105 rozrywk\u0105 tego dnia by\u0142a \u201epi\u017camowa dyskoteka\u201d oraz \u201epi\u017camowy pokaz mody\u201d podczas [&hellip;]<\/p>\n","protected":false},"author":1,"featured_media":0,"parent":4413,"menu_order":0,"comment_status":"closed","ping_status":"closed","template":"szablon-galeria-submenu.php","meta":{"ngg_post_thumbnail":0,"footnotes":""},"class_list":["post-4777","page","type-page","status-publish","hentry"],"_links":{"self":[{"href":"https:\/\/bajkowydworek.com\/zlobek\/index.php?rest_route=\/wp\/v2\/pages\/4777","targetHints":{"allow":["GET"]}}],"collection":[{"href":"https:\/\/bajkowydworek.com\/zlobek\/index.php?rest_route=\/wp\/v2\/pages"}],"about":[{"href":"https:\/\/bajkowydworek.com\/zlobek\/index.php?rest_route=\/wp\/v2\/types\/page"}],"author":[{"embeddable":true,"href":"https:\/\/bajkowydworek.com\/zlobek\/index.php?rest_route=\/wp\/v2\/users\/1"}],"replies":[{"embeddable":true,"href":"https:\/\/bajkowydworek.com\/zlobek\/index.php?rest_route=%2Fwp%2Fv2%2Fcomments&post=4777"}],"version-history":[{"count":2,"href":"https:\/\/bajkowydworek.com\/zlobek\/index.php?rest_route=\/wp\/v2\/pages\/4777\/revisions"}],"predecessor-version":[{"id":4779,"href":"https:\/\/bajkowydworek.com\/zlobek\/index.php?rest_route=\/wp\/v2\/pages\/4777\/revisions\/4779"}],"up":[{"embeddable":true,"href":"https:\/\/bajkowydworek.com\/zlobek\/index.php?rest_route=\/wp\/v2\/pages\/4413"}],"wp:attachment":[{"href":"https:\/\/bajkowydworek.com\/zlobek\/index.php?rest_route=%2Fwp%2Fv2%2Fmedia&parent=4777"}],"curies":[{"name":"wp","href":"https:\/\/api.w.org\/{rel}","templated":true}]}}