{"id":4501,"date":"2024-12-13T12:04:33","date_gmt":"2024-12-13T11:04:33","guid":{"rendered":"https:\/\/bajkowydworek.com\/zlobek\/?page_id=4501"},"modified":"2024-12-13T12:06:15","modified_gmt":"2024-12-13T11:06:15","slug":"grupa-biedronki-i-pszczolki-spotkanie-z-mikolajem","status":"publish","type":"page","link":"https:\/\/bajkowydworek.com\/zlobek\/?page_id=4501","title":{"rendered":"grupa Biedronki i Pszcz\u00f3\u0142ki &#8211; spotkanie z Miko\u0142ajem"},"content":{"rendered":"<p style=\"text-align: justify;\"><img loading=\"lazy\" decoding=\"async\" class=\"alignleft  wp-image-3507\" src=\"https:\/\/bajkowydworek.com\/zlobek\/wp-content\/uploads\/2021\/12\/spotkanie-wigilijne.jpg\" alt=\"\" width=\"200\" height=\"160\" \/>\u015awi\u0119ta Bo\u017cego Narodzenia s\u0105 najpi\u0119kniejszymi \u015bwi\u0119tami, na kt\u00f3re z niecierpliwo\u015bci\u0105 czekaj\u0105 zar\u00f3wno dzieci, jak i doro\u015bli. S\u0105 to \u015bwi\u0119ta najdro\u017csze i najbli\u017csze Naszym sercom, gdy\u017c towarzyszy im niepowtarzalna i wyj\u0105tkowa atmosfera. Podczas spotkania odwiedzi\u0142 dzieci \u015awi\u0119ty Miko\u0142aj, kt\u00f3ry wr\u0119czy\u0142 wszystkim dzieciom prezenty. Dzi\u0119kujemy Ci \u015awi\u0119ty Miko\u0142aju!ngg_shortcode_0_placeholder<\/p>\n","protected":false},"excerpt":{"rendered":"<p>\u015awi\u0119ta Bo\u017cego Narodzenia s\u0105 najpi\u0119kniejszymi \u015bwi\u0119tami, na kt\u00f3re z niecierpliwo\u015bci\u0105 czekaj\u0105 zar\u00f3wno dzieci, jak i doro\u015bli. S\u0105 to \u015bwi\u0119ta najdro\u017csze i najbli\u017csze Naszym sercom, gdy\u017c towarzyszy im niepowtarzalna i wyj\u0105tkowa atmosfera. Podczas spotkania odwiedzi\u0142 dzieci \u015awi\u0119ty Miko\u0142aj, kt\u00f3ry wr\u0119czy\u0142 wszystkim dzieciom prezenty. Dzi\u0119kujemy Ci \u015awi\u0119ty Miko\u0142aju!<\/p>\n","protected":false},"author":1,"featured_media":0,"parent":4413,"menu_order":0,"comment_status":"closed","ping_status":"closed","template":"szablon-galeria-submenu.php","meta":{"ngg_post_thumbnail":0,"footnotes":""},"class_list":["post-4501","page","type-page","status-publish","hentry"],"_links":{"self":[{"href":"https:\/\/bajkowydworek.com\/zlobek\/index.php?rest_route=\/wp\/v2\/pages\/4501","targetHints":{"allow":["GET"]}}],"collection":[{"href":"https:\/\/bajkowydworek.com\/zlobek\/index.php?rest_route=\/wp\/v2\/pages"}],"about":[{"href":"https:\/\/bajkowydworek.com\/zlobek\/index.php?rest_route=\/wp\/v2\/types\/page"}],"author":[{"embeddable":true,"href":"https:\/\/bajkowydworek.com\/zlobek\/index.php?rest_route=\/wp\/v2\/users\/1"}],"replies":[{"embeddable":true,"href":"https:\/\/bajkowydworek.com\/zlobek\/index.php?rest_route=%2Fwp%2Fv2%2Fcomments&post=4501"}],"version-history":[{"count":1,"href":"https:\/\/bajkowydworek.com\/zlobek\/index.php?rest_route=\/wp\/v2\/pages\/4501\/revisions"}],"predecessor-version":[{"id":4502,"href":"https:\/\/bajkowydworek.com\/zlobek\/index.php?rest_route=\/wp\/v2\/pages\/4501\/revisions\/4502"}],"up":[{"embeddable":true,"href":"https:\/\/bajkowydworek.com\/zlobek\/index.php?rest_route=\/wp\/v2\/pages\/4413"}],"wp:attachment":[{"href":"https:\/\/bajkowydworek.com\/zlobek\/index.php?rest_route=%2Fwp%2Fv2%2Fmedia&parent=4501"}],"curies":[{"name":"wp","href":"https:\/\/api.w.org\/{rel}","templated":true}]}}