{"id":4491,"date":"2024-12-10T22:05:59","date_gmt":"2024-12-10T21:05:59","guid":{"rendered":"https:\/\/bajkowydworek.com\/zlobek\/?page_id=4491"},"modified":"2024-12-10T22:18:48","modified_gmt":"2024-12-10T21:18:48","slug":"grupa-zabki-i-motylki-warsztaty-bozonarodzeniowe","status":"publish","type":"page","link":"https:\/\/bajkowydworek.com\/zlobek\/?page_id=4491","title":{"rendered":"grupa \u017babki i Motylki &#8211; Warsztaty Bo\u017conarodzeniowe"},"content":{"rendered":"<p style=\"text-align: justify;\"><img loading=\"lazy\" decoding=\"async\" class=\"alignleft  wp-image-3507\" src=\"https:\/\/bajkowydworek.com\/zlobek\/wp-content\/uploads\/2021\/12\/spotkanie-wigilijne.jpg\" alt=\"\" width=\"200\" height=\"160\" \/>\u015awi\u0119ta Bo\u017cego Narodzenia s\u0105 najpi\u0119kniejszymi \u015bwi\u0119tami, na kt\u00f3re z niecierpliwo\u015bci\u0105 czekaj\u0105 zar\u00f3wno dzieci, jak i doro\u015bli. S\u0105 to \u015bwi\u0119ta najdro\u017csze i najbli\u017csze Naszym sercom, gdy\u017c towarzyszy im niepowtarzalna i wyj\u0105tkowa atmosfera. Podczas spotka\u0144 wigilijnych dzieci wraz z rodzicami uczestniczy\u0142y w warsztatach bo\u017conarodzeniowych, dekorowa\u0142y pierniki i wykonywa\u0142y \u015bwi\u0105teczne ozdoby. Kulminacyjnym punktem ka\u017cdego spotkania by\u0142a wizyta \u015awi\u0119tego Miko\u0142aja, kt\u00f3ry wr\u0119czy\u0142 wszystkim dzieciom prezenty. Dzi\u0119kujemy Ci \u015awi\u0119ty Miko\u0142aju!ngg_shortcode_0_placeholder<\/p>\n","protected":false},"excerpt":{"rendered":"<p>\u015awi\u0119ta Bo\u017cego Narodzenia s\u0105 najpi\u0119kniejszymi \u015bwi\u0119tami, na kt\u00f3re z niecierpliwo\u015bci\u0105 czekaj\u0105 zar\u00f3wno dzieci, jak i doro\u015bli. S\u0105 to \u015bwi\u0119ta najdro\u017csze i najbli\u017csze Naszym sercom, gdy\u017c towarzyszy im niepowtarzalna i wyj\u0105tkowa atmosfera. Podczas spotka\u0144 wigilijnych dzieci wraz z rodzicami uczestniczy\u0142y w warsztatach bo\u017conarodzeniowych, dekorowa\u0142y pierniki i wykonywa\u0142y \u015bwi\u0105teczne ozdoby. Kulminacyjnym punktem ka\u017cdego spotkania by\u0142a wizyta \u015awi\u0119tego [&hellip;]<\/p>\n","protected":false},"author":1,"featured_media":0,"parent":4413,"menu_order":0,"comment_status":"closed","ping_status":"closed","template":"szablon-galeria-submenu.php","meta":{"ngg_post_thumbnail":0,"footnotes":""},"class_list":["post-4491","page","type-page","status-publish","hentry"],"_links":{"self":[{"href":"https:\/\/bajkowydworek.com\/zlobek\/index.php?rest_route=\/wp\/v2\/pages\/4491","targetHints":{"allow":["GET"]}}],"collection":[{"href":"https:\/\/bajkowydworek.com\/zlobek\/index.php?rest_route=\/wp\/v2\/pages"}],"about":[{"href":"https:\/\/bajkowydworek.com\/zlobek\/index.php?rest_route=\/wp\/v2\/types\/page"}],"author":[{"embeddable":true,"href":"https:\/\/bajkowydworek.com\/zlobek\/index.php?rest_route=\/wp\/v2\/users\/1"}],"replies":[{"embeddable":true,"href":"https:\/\/bajkowydworek.com\/zlobek\/index.php?rest_route=%2Fwp%2Fv2%2Fcomments&post=4491"}],"version-history":[{"count":3,"href":"https:\/\/bajkowydworek.com\/zlobek\/index.php?rest_route=\/wp\/v2\/pages\/4491\/revisions"}],"predecessor-version":[{"id":4495,"href":"https:\/\/bajkowydworek.com\/zlobek\/index.php?rest_route=\/wp\/v2\/pages\/4491\/revisions\/4495"}],"up":[{"embeddable":true,"href":"https:\/\/bajkowydworek.com\/zlobek\/index.php?rest_route=\/wp\/v2\/pages\/4413"}],"wp:attachment":[{"href":"https:\/\/bajkowydworek.com\/zlobek\/index.php?rest_route=%2Fwp%2Fv2%2Fmedia&parent=4491"}],"curies":[{"name":"wp","href":"https:\/\/api.w.org\/{rel}","templated":true}]}}