{"id":4485,"date":"2024-12-06T19:49:27","date_gmt":"2024-12-06T18:49:27","guid":{"rendered":"https:\/\/bajkowydworek.com\/zlobek\/?page_id=4485"},"modified":"2024-12-06T19:51:14","modified_gmt":"2024-12-06T18:51:14","slug":"rodzinny-konkurs-plastyczny-ozdoba-bozonarodzeniowa","status":"publish","type":"page","link":"https:\/\/bajkowydworek.com\/zlobek\/?page_id=4485","title":{"rendered":"Rodzinny konkurs plastyczny &quot;Ozdoba bo\u017conarodzeniowa&quot;"},"content":{"rendered":"<p style=\"text-align: justify;\"><img loading=\"lazy\" decoding=\"async\" class=\"alignleft  wp-image-4486\" src=\"https:\/\/bajkowydworek.com\/zlobek\/wp-content\/uploads\/2024\/12\/ozdoba_bozonarodzeniowa_2024.jpg\" alt=\"\" width=\"244\" height=\"160\" srcset=\"https:\/\/bajkowydworek.com\/zlobek\/wp-content\/uploads\/2024\/12\/ozdoba_bozonarodzeniowa_2024.jpg 663w, https:\/\/bajkowydworek.com\/zlobek\/wp-content\/uploads\/2024\/12\/ozdoba_bozonarodzeniowa_2024-300x197.jpg 300w\" sizes=\"auto, (max-width: 244px) 100vw, 244px\" \/>W naszej plac\u00f3wce zosta\u0142 zorganizowany rodzinny konkurs plastyczny zatytu\u0142owany \u201eOZDOBA BO\u017bONARODZENIOWA\u201d. Celem konkursu by\u0142o propagowanie tradycji zwi\u0105zanej z tematyk\u0105 \u015bwi\u0105t Bo\u017cego Narodzenie, rozwijanie wyobra\u017ani, kreatywno\u015bci oraz pobudzenie aktywno\u015bci tw\u00f3rczej, a tak\u017ce wymiana wiedzy na temat zanikaj\u0105cego zwyczaju w\u0142asnor\u0119cznego wykonania ozd\u00f3b bo\u017conarodzeniowych. Konkurs cieszy\u0142 si\u0119 du\u017cym zainteresowaniem. W konkursie wzi\u0119\u0142o udzia\u0142 38 dzieci z naszej plac\u00f3wki wraz ze swoimi rodzinami. Rozstrzygni\u0119cie konkursu i og\u0142oszenie wynik\u00f3w odby\u0142o si\u0119 6 grudnia 2024 r. w imieniny Miko\u0142aja \u201eMiko\u0142ajki\u201d. Spo\u015br\u00f3d prac wybrano laureat\u00f3w oraz wyr\u00f3\u017cniono nast\u0119puj\u0105ce prace:<\/p>\n<p style=\"text-align: justify;\"><strong>I MIEJSCE \u2013 Zlata T. z grupy \u201eMotylki\u201d, Zofia M. z grupy \u201eKangurki\u201d, Susanna M., z grupy \u201eS\u00f3wki\u201d oraz Stanis\u0142aw R. z grupy \u201eWiewi\u00f3rki\u201d.<\/strong><br \/>\n<strong>II MIEJSCE \u2013 Savelii M. z grupy \u201eRybki\u201d, Timofei M. z grupy \u201eTygryski\u201d, Hanna M. oraz Bianka D. z grupy \u201eS\u00f3wki\u201d.<\/strong><br \/>\n<strong>III MIEJSCE \u2013 Liliana O. z grupy \u201eMotylki\u201d, Michalina D. z grupy \u201eKangurki\u201d, Jan S. oraz Jan W. z grupy \u201eTygryski\u201d.<\/strong><\/p>\n<p style=\"text-align: justify;\">Wyr\u00f3\u017cnienia: Tymofiy L. z grupy \u201eBiedronki\u201d, Stanis\u0142aw S. z grupy \u201eRybki\u201d, Hanna S., Gabriel W. z grupy \u201eMisie\u201d, Ignacy Dz., Miko\u0142aj D. Rostislav T. z grupy \u201eMotylki\u201d, Antoni P. z grupy \u201eKangurki\u201d, Dominik G., Nadia M., Kyung Min K. z grupy \u201eTygryski\u201d, Michalina J., Ada Dz., Barbara N., Helena Sz. z grupy \u201eS\u00f3wki\u201d oraz Maja K., Marcelina B. Barbara M. z grupy \u201eWiewi\u00f3rki\u201d. Wszyscy uczestniczy konkursu otrzymali dyplomy oraz upominki. Serdecznie gratulujemy i \u017cyczymy dalszych sukces\u00f3w.ngg_shortcode_0_placeholder<\/p>\n","protected":false},"excerpt":{"rendered":"<p>W naszej plac\u00f3wce zosta\u0142 zorganizowany rodzinny konkurs plastyczny zatytu\u0142owany \u201eOZDOBA BO\u017bONARODZENIOWA\u201d. Celem konkursu by\u0142o propagowanie tradycji zwi\u0105zanej z tematyk\u0105 \u015bwi\u0105t Bo\u017cego Narodzenie, rozwijanie wyobra\u017ani, kreatywno\u015bci oraz pobudzenie aktywno\u015bci tw\u00f3rczej, a tak\u017ce wymiana wiedzy na temat zanikaj\u0105cego zwyczaju w\u0142asnor\u0119cznego wykonania ozd\u00f3b bo\u017conarodzeniowych. Konkurs cieszy\u0142 si\u0119 du\u017cym zainteresowaniem. W konkursie wzi\u0119\u0142o udzia\u0142 38 dzieci z naszej plac\u00f3wki [&hellip;]<\/p>\n","protected":false},"author":1,"featured_media":0,"parent":4413,"menu_order":0,"comment_status":"closed","ping_status":"closed","template":"szablon-galeria-submenu.php","meta":{"ngg_post_thumbnail":0,"footnotes":""},"class_list":["post-4485","page","type-page","status-publish","hentry"],"_links":{"self":[{"href":"https:\/\/bajkowydworek.com\/zlobek\/index.php?rest_route=\/wp\/v2\/pages\/4485","targetHints":{"allow":["GET"]}}],"collection":[{"href":"https:\/\/bajkowydworek.com\/zlobek\/index.php?rest_route=\/wp\/v2\/pages"}],"about":[{"href":"https:\/\/bajkowydworek.com\/zlobek\/index.php?rest_route=\/wp\/v2\/types\/page"}],"author":[{"embeddable":true,"href":"https:\/\/bajkowydworek.com\/zlobek\/index.php?rest_route=\/wp\/v2\/users\/1"}],"replies":[{"embeddable":true,"href":"https:\/\/bajkowydworek.com\/zlobek\/index.php?rest_route=%2Fwp%2Fv2%2Fcomments&post=4485"}],"version-history":[{"count":1,"href":"https:\/\/bajkowydworek.com\/zlobek\/index.php?rest_route=\/wp\/v2\/pages\/4485\/revisions"}],"predecessor-version":[{"id":4487,"href":"https:\/\/bajkowydworek.com\/zlobek\/index.php?rest_route=\/wp\/v2\/pages\/4485\/revisions\/4487"}],"up":[{"embeddable":true,"href":"https:\/\/bajkowydworek.com\/zlobek\/index.php?rest_route=\/wp\/v2\/pages\/4413"}],"wp:attachment":[{"href":"https:\/\/bajkowydworek.com\/zlobek\/index.php?rest_route=%2Fwp%2Fv2%2Fmedia&parent=4485"}],"curies":[{"name":"wp","href":"https:\/\/api.w.org\/{rel}","templated":true}]}}