{"id":4481,"date":"2024-12-02T21:54:11","date_gmt":"2024-12-02T20:54:11","guid":{"rendered":"https:\/\/bajkowydworek.com\/zlobek\/?page_id=4481"},"modified":"2024-12-02T21:55:12","modified_gmt":"2024-12-02T20:55:12","slug":"andrzejki-4","status":"publish","type":"page","link":"https:\/\/bajkowydworek.com\/zlobek\/?page_id=4481","title":{"rendered":"Andrzejki"},"content":{"rendered":"<p style=\"text-align: justify;\"><img loading=\"lazy\" decoding=\"async\" class=\"alignleft  wp-image-3459\" src=\"https:\/\/bajkowydworek.com\/zlobek\/wp-content\/uploads\/2021\/12\/andrzejki_2021.png\" alt=\"\" width=\"160\" height=\"198\" \/>Andrzejki by\u0142y dla wszystkich dzieci wyj\u0105tkowe. W\u0142a\u015bnie w tym dniu maluchy mia\u0142y okazje przenie\u015b\u0107 si\u0119 w magiczny \u015bwiat wr\u00f3\u017cb. Dzieci z wielkim zaanga\u017cowaniem uczestniczy\u0142y we wr\u00f3\u017cbach, zabawach andrzejkowych oraz wsp\u00f3lnych ta\u0144cach przy skocznej muzyce. Andrzejki w naszym \u017c\u0142obku by\u0142y niezwykle udane. Rado\u015bci nie by\u0142o ko\u0144ca. Dzieci wr\u00f3ci\u0142y do domu w doskona\u0142ych humorach.ngg_shortcode_0_placeholder<\/p>\n","protected":false},"excerpt":{"rendered":"<p>Andrzejki by\u0142y dla wszystkich dzieci wyj\u0105tkowe. W\u0142a\u015bnie w tym dniu maluchy mia\u0142y okazje przenie\u015b\u0107 si\u0119 w magiczny \u015bwiat wr\u00f3\u017cb. Dzieci z wielkim zaanga\u017cowaniem uczestniczy\u0142y we wr\u00f3\u017cbach, zabawach andrzejkowych oraz wsp\u00f3lnych ta\u0144cach przy skocznej muzyce. Andrzejki w naszym \u017c\u0142obku by\u0142y niezwykle udane. Rado\u015bci nie by\u0142o ko\u0144ca. Dzieci wr\u00f3ci\u0142y do domu w doskona\u0142ych humorach.<\/p>\n","protected":false},"author":1,"featured_media":0,"parent":4413,"menu_order":0,"comment_status":"closed","ping_status":"closed","template":"szablon-galeria-submenu.php","meta":{"ngg_post_thumbnail":0,"footnotes":""},"class_list":["post-4481","page","type-page","status-publish","hentry"],"_links":{"self":[{"href":"https:\/\/bajkowydworek.com\/zlobek\/index.php?rest_route=\/wp\/v2\/pages\/4481","targetHints":{"allow":["GET"]}}],"collection":[{"href":"https:\/\/bajkowydworek.com\/zlobek\/index.php?rest_route=\/wp\/v2\/pages"}],"about":[{"href":"https:\/\/bajkowydworek.com\/zlobek\/index.php?rest_route=\/wp\/v2\/types\/page"}],"author":[{"embeddable":true,"href":"https:\/\/bajkowydworek.com\/zlobek\/index.php?rest_route=\/wp\/v2\/users\/1"}],"replies":[{"embeddable":true,"href":"https:\/\/bajkowydworek.com\/zlobek\/index.php?rest_route=%2Fwp%2Fv2%2Fcomments&post=4481"}],"version-history":[{"count":1,"href":"https:\/\/bajkowydworek.com\/zlobek\/index.php?rest_route=\/wp\/v2\/pages\/4481\/revisions"}],"predecessor-version":[{"id":4482,"href":"https:\/\/bajkowydworek.com\/zlobek\/index.php?rest_route=\/wp\/v2\/pages\/4481\/revisions\/4482"}],"up":[{"embeddable":true,"href":"https:\/\/bajkowydworek.com\/zlobek\/index.php?rest_route=\/wp\/v2\/pages\/4413"}],"wp:attachment":[{"href":"https:\/\/bajkowydworek.com\/zlobek\/index.php?rest_route=%2Fwp%2Fv2%2Fmedia&parent=4481"}],"curies":[{"name":"wp","href":"https:\/\/api.w.org\/{rel}","templated":true}]}}