{"id":4477,"date":"2024-11-27T20:54:08","date_gmt":"2024-11-27T19:54:08","guid":{"rendered":"https:\/\/bajkowydworek.com\/zlobek\/?page_id=4477"},"modified":"2024-11-27T20:55:49","modified_gmt":"2024-11-27T19:55:49","slug":"jestem-sobie-maly-mis-swiatowy-dzien-pluszowego-misia-2","status":"publish","type":"page","link":"https:\/\/bajkowydworek.com\/zlobek\/?page_id=4477","title":{"rendered":"Jestem sobie ma\u0142y mi\u015b&#8230; &#8211; \u015awiatowy Dzie\u0144 Pluszowego Misia"},"content":{"rendered":"<blockquote><p><img loading=\"lazy\" decoding=\"async\" class=\"alignleft size-full wp-image-2832\" src=\"https:\/\/bajkowydworek.com\/zlobek\/wp-content\/uploads\/2020\/11\/mis.png\" alt=\"\" width=\"148\" height=\"148\" \/>\u201ePokochaj pluszowego misia,<br \/>\nOn przyjacielem dzieci jest\u2026\u201d<\/p><\/blockquote>\n<p style=\"text-align: justify;\">W dniu 25 listopada 2024 r. wszystkie dzieci uroczy\u015bcie obchodzi\u0142y \u015awiatowy Dzie\u0144 Pluszowego Misia. W naszej plac\u00f3wce obchodzenie tego \u015bwi\u0119ta to ju\u017c tradycja. Mimo coraz nowocze\u015bniejszych i coraz atrakcyjniejszych zabawek, moda na misie nie przemija. W tym uroczystym dniu dzieci zosta\u0142y zaproszone do wsp\u00f3lnej zabawy w misiowej krainie. Pozna\u0142y histori\u0119 \u015bwi\u0119ta, wsp\u00f3lnie recytowa\u0142y wiersze, bawi\u0142y si\u0119 przy piosenkach o misiach. Mi\u015b jest bardzo wa\u017cny dla ka\u017cdego dziecka. Mo\u017cna go przytuli\u0107, a nawet zwierzy\u0107 mu si\u0119 z sekret\u00f3w. Mamy nadziej\u0119, \u017ce to wielkie misiowe przyj\u0119cie zostanie we wspomnieniach dzieci na d\u0142ugi czas.<br \/>\nngg_shortcode_0_placeholder<\/p>\n","protected":false},"excerpt":{"rendered":"<p>\u201ePokochaj pluszowego misia, On przyjacielem dzieci jest\u2026\u201d W dniu 25 listopada 2024 r. wszystkie dzieci uroczy\u015bcie obchodzi\u0142y \u015awiatowy Dzie\u0144 Pluszowego Misia. W naszej plac\u00f3wce obchodzenie tego \u015bwi\u0119ta to ju\u017c tradycja. Mimo coraz nowocze\u015bniejszych i coraz atrakcyjniejszych zabawek, moda na misie nie przemija. W tym uroczystym dniu dzieci zosta\u0142y zaproszone do wsp\u00f3lnej zabawy w misiowej krainie. [&hellip;]<\/p>\n","protected":false},"author":1,"featured_media":0,"parent":4413,"menu_order":0,"comment_status":"closed","ping_status":"closed","template":"szablon-galeria-submenu.php","meta":{"ngg_post_thumbnail":0,"footnotes":""},"class_list":["post-4477","page","type-page","status-publish","hentry"],"_links":{"self":[{"href":"https:\/\/bajkowydworek.com\/zlobek\/index.php?rest_route=\/wp\/v2\/pages\/4477","targetHints":{"allow":["GET"]}}],"collection":[{"href":"https:\/\/bajkowydworek.com\/zlobek\/index.php?rest_route=\/wp\/v2\/pages"}],"about":[{"href":"https:\/\/bajkowydworek.com\/zlobek\/index.php?rest_route=\/wp\/v2\/types\/page"}],"author":[{"embeddable":true,"href":"https:\/\/bajkowydworek.com\/zlobek\/index.php?rest_route=\/wp\/v2\/users\/1"}],"replies":[{"embeddable":true,"href":"https:\/\/bajkowydworek.com\/zlobek\/index.php?rest_route=%2Fwp%2Fv2%2Fcomments&post=4477"}],"version-history":[{"count":2,"href":"https:\/\/bajkowydworek.com\/zlobek\/index.php?rest_route=\/wp\/v2\/pages\/4477\/revisions"}],"predecessor-version":[{"id":4479,"href":"https:\/\/bajkowydworek.com\/zlobek\/index.php?rest_route=\/wp\/v2\/pages\/4477\/revisions\/4479"}],"up":[{"embeddable":true,"href":"https:\/\/bajkowydworek.com\/zlobek\/index.php?rest_route=\/wp\/v2\/pages\/4413"}],"wp:attachment":[{"href":"https:\/\/bajkowydworek.com\/zlobek\/index.php?rest_route=%2Fwp%2Fv2%2Fmedia&parent=4477"}],"curies":[{"name":"wp","href":"https:\/\/api.w.org\/{rel}","templated":true}]}}