{"id":4459,"date":"2024-10-09T16:58:03","date_gmt":"2024-10-09T14:58:03","guid":{"rendered":"https:\/\/bajkowydworek.com\/zlobek\/?page_id=4459"},"modified":"2024-10-09T16:59:03","modified_gmt":"2024-10-09T14:59:03","slug":"swieto-pieczonego-ziemniaka-2","status":"publish","type":"page","link":"https:\/\/bajkowydworek.com\/zlobek\/?page_id=4459","title":{"rendered":"\u015awi\u0119to Pieczonego Ziemniaka"},"content":{"rendered":"<p style=\"text-align: justify;\">Dnia 8 pa\u017adziernika 202 4r. w naszym \u017c\u0142obku obchodzili\u015bmy \u201e\u015awi\u0119to pieczonego ziemniaka\u201d, bo przecie\u017c jesie\u0144 to czas zbior\u00f3w z p\u00f3l, dzia\u0142ek i ogrod\u00f3w a pi\u0119kna polska, z\u0142ota jesie\u0144 zainspirowa\u0142a nas do wsp\u00f3lnej zabawy. Dzieci z grup \u017c\u0142obkowych bra\u0142y udzia\u0142 w konkurencjach sportowych tj. \u201eWykopki\u201d, \u201eHop ziemniaczku\u201d oraz \u201eGor\u0105cy kartofelek\u201d z wykorzystaniem ziemniak\u00f3w. W tym dniu dzieci tak\u017ce mia\u0142y mo\u017cliwo\u015b\u0107 skosztowania ziemniaczanych przysmak\u00f3w. By\u0142o smakowicie!ngg_shortcode_0_placeholder<\/p>\n","protected":false},"excerpt":{"rendered":"<p>Dnia 8 pa\u017adziernika 202 4r. w naszym \u017c\u0142obku obchodzili\u015bmy \u201e\u015awi\u0119to pieczonego ziemniaka\u201d, bo przecie\u017c jesie\u0144 to czas zbior\u00f3w z p\u00f3l, dzia\u0142ek i ogrod\u00f3w a pi\u0119kna polska, z\u0142ota jesie\u0144 zainspirowa\u0142a nas do wsp\u00f3lnej zabawy. Dzieci z grup \u017c\u0142obkowych bra\u0142y udzia\u0142 w konkurencjach sportowych tj. \u201eWykopki\u201d, \u201eHop ziemniaczku\u201d oraz \u201eGor\u0105cy kartofelek\u201d z wykorzystaniem ziemniak\u00f3w. W tym dniu [&hellip;]<\/p>\n","protected":false},"author":1,"featured_media":0,"parent":4413,"menu_order":0,"comment_status":"closed","ping_status":"closed","template":"szablon-galeria-submenu.php","meta":{"ngg_post_thumbnail":0,"footnotes":""},"class_list":["post-4459","page","type-page","status-publish","hentry"],"_links":{"self":[{"href":"https:\/\/bajkowydworek.com\/zlobek\/index.php?rest_route=\/wp\/v2\/pages\/4459","targetHints":{"allow":["GET"]}}],"collection":[{"href":"https:\/\/bajkowydworek.com\/zlobek\/index.php?rest_route=\/wp\/v2\/pages"}],"about":[{"href":"https:\/\/bajkowydworek.com\/zlobek\/index.php?rest_route=\/wp\/v2\/types\/page"}],"author":[{"embeddable":true,"href":"https:\/\/bajkowydworek.com\/zlobek\/index.php?rest_route=\/wp\/v2\/users\/1"}],"replies":[{"embeddable":true,"href":"https:\/\/bajkowydworek.com\/zlobek\/index.php?rest_route=%2Fwp%2Fv2%2Fcomments&post=4459"}],"version-history":[{"count":1,"href":"https:\/\/bajkowydworek.com\/zlobek\/index.php?rest_route=\/wp\/v2\/pages\/4459\/revisions"}],"predecessor-version":[{"id":4460,"href":"https:\/\/bajkowydworek.com\/zlobek\/index.php?rest_route=\/wp\/v2\/pages\/4459\/revisions\/4460"}],"up":[{"embeddable":true,"href":"https:\/\/bajkowydworek.com\/zlobek\/index.php?rest_route=\/wp\/v2\/pages\/4413"}],"wp:attachment":[{"href":"https:\/\/bajkowydworek.com\/zlobek\/index.php?rest_route=%2Fwp%2Fv2%2Fmedia&parent=4459"}],"curies":[{"name":"wp","href":"https:\/\/api.w.org\/{rel}","templated":true}]}}