{"id":4454,"date":"2024-10-02T12:30:17","date_gmt":"2024-10-02T10:30:17","guid":{"rendered":"https:\/\/bajkowydworek.com\/zlobek\/?page_id=4454"},"modified":"2024-10-02T12:31:52","modified_gmt":"2024-10-02T10:31:52","slug":"dzien-chlopaka-2","status":"publish","type":"page","link":"https:\/\/bajkowydworek.com\/zlobek\/?page_id=4454","title":{"rendered":"Dzie\u0144 Ch\u0142opaka"},"content":{"rendered":"<p style=\"text-align: justify;\"><img loading=\"lazy\" decoding=\"async\" class=\"alignleft size-full wp-image-4197\" src=\"https:\/\/bajkowydworek.com\/zlobek\/wp-content\/uploads\/2023\/10\/dzien_chlopaka.jpg\" alt=\"\" width=\"280\" height=\"134\" \/>30 wrze\u015bnia 2024 r. obchodzony jest Dzie\u0144 Ch\u0142opaka. Jak co roku pami\u0119tali\u015bmy o tym \u015bwi\u0119cie. Dziewczynki wcze\u015bniej przygotowa\u0142y upominki dla swoich koleg\u00f3w, kt\u00f3re w dniu ich \u015bwi\u0119ta zosta\u0142y wr\u0119czone. Dzie\u0144 ten sp\u0119dzili\u015bmy w mi\u0142ej i rozta\u0144czonej atmosferze.ngg_shortcode_0_placeholder<\/p>\n","protected":false},"excerpt":{"rendered":"<p>30 wrze\u015bnia 2024 r. obchodzony jest Dzie\u0144 Ch\u0142opaka. Jak co roku pami\u0119tali\u015bmy o tym \u015bwi\u0119cie. Dziewczynki wcze\u015bniej przygotowa\u0142y upominki dla swoich koleg\u00f3w, kt\u00f3re w dniu ich \u015bwi\u0119ta zosta\u0142y wr\u0119czone. Dzie\u0144 ten sp\u0119dzili\u015bmy w mi\u0142ej i rozta\u0144czonej atmosferze.<\/p>\n","protected":false},"author":1,"featured_media":0,"parent":4413,"menu_order":0,"comment_status":"closed","ping_status":"closed","template":"szablon-galeria-submenu.php","meta":{"ngg_post_thumbnail":0,"footnotes":""},"class_list":["post-4454","page","type-page","status-publish","hentry"],"_links":{"self":[{"href":"https:\/\/bajkowydworek.com\/zlobek\/index.php?rest_route=\/wp\/v2\/pages\/4454","targetHints":{"allow":["GET"]}}],"collection":[{"href":"https:\/\/bajkowydworek.com\/zlobek\/index.php?rest_route=\/wp\/v2\/pages"}],"about":[{"href":"https:\/\/bajkowydworek.com\/zlobek\/index.php?rest_route=\/wp\/v2\/types\/page"}],"author":[{"embeddable":true,"href":"https:\/\/bajkowydworek.com\/zlobek\/index.php?rest_route=\/wp\/v2\/users\/1"}],"replies":[{"embeddable":true,"href":"https:\/\/bajkowydworek.com\/zlobek\/index.php?rest_route=%2Fwp%2Fv2%2Fcomments&post=4454"}],"version-history":[{"count":2,"href":"https:\/\/bajkowydworek.com\/zlobek\/index.php?rest_route=\/wp\/v2\/pages\/4454\/revisions"}],"predecessor-version":[{"id":4456,"href":"https:\/\/bajkowydworek.com\/zlobek\/index.php?rest_route=\/wp\/v2\/pages\/4454\/revisions\/4456"}],"up":[{"embeddable":true,"href":"https:\/\/bajkowydworek.com\/zlobek\/index.php?rest_route=\/wp\/v2\/pages\/4413"}],"wp:attachment":[{"href":"https:\/\/bajkowydworek.com\/zlobek\/index.php?rest_route=%2Fwp%2Fv2%2Fmedia&parent=4454"}],"curies":[{"name":"wp","href":"https:\/\/api.w.org\/{rel}","templated":true}]}}