{"id":4412,"date":"2024-09-03T14:37:59","date_gmt":"2024-09-03T12:37:59","guid":{"rendered":"https:\/\/bajkowydworek.com\/zlobek\/?page_id=4412"},"modified":"2024-09-03T15:36:00","modified_gmt":"2024-09-03T13:36:00","slug":"dni-adaptacyjne-3","status":"publish","type":"page","link":"https:\/\/bajkowydworek.com\/zlobek\/?page_id=4412","title":{"rendered":"Dni adaptacyjne"},"content":{"rendered":"<p style=\"text-align: justify;\"><img loading=\"lazy\" decoding=\"async\" class=\"alignleft  wp-image-3847\" src=\"https:\/\/bajkowydworek.com\/zlobek\/wp-content\/uploads\/2022\/09\/dni_adaptacyjne.png\" alt=\"\" width=\"381\" height=\"160\" srcset=\"https:\/\/bajkowydworek.com\/zlobek\/wp-content\/uploads\/2022\/09\/dni_adaptacyjne.png 800w, https:\/\/bajkowydworek.com\/zlobek\/wp-content\/uploads\/2022\/09\/dni_adaptacyjne-300x126.png 300w, https:\/\/bajkowydworek.com\/zlobek\/wp-content\/uploads\/2022\/09\/dni_adaptacyjne-768x324.png 768w\" sizes=\"auto, (max-width: 381px) 100vw, 381px\" \/>Proces adaptacji do nowego \u015brodowiska, jakim jest \u017c\u0142obek czy przedszkole, stanowi niezwykle wa\u017cny i prze\u0142omowy moment, zar\u00f3wno dla dziecka, jak i ca\u0142ej rodziny, dlatego w Bajkowym Dworku odbywa\u0142y si\u0119 dni adaptacyjne dla nowych podopiecznych, aby pom\u00f3c dzieciom i rodzicom zminimalizowa\u0107 stres i obawy pierwszych dni pobytu w Bajkowym Dworku. W tym roku dni te odby\u0142y si\u0119 28, 29 i 30 sierpnia. W dniach adaptacyjnych uczestniczyli rodzice wraz z dzie\u0107mi, opiekunowie oraz nauczyciele. Podczas dni adaptacyjnych dzieci sp\u0119dzi\u0142y czas przyzwyczajaj\u0105c si\u0119 do nowego otoczenia i stopniowo zyskuj\u0105c poczucie bezpiecze\u0144stwa. Dzieci zapoznane zosta\u0142y z pomieszczeniami budynku, szatni\u0105 a przede wszystkim sal\u0105, w kt\u00f3rej b\u0119d\u0105 przebywa\u0107 w tym roku szkolnym. Podczas pobytu dzieci uczestniczy\u0142y w zabawach muzyczno-ruchowych, zabawach z chusta animacyjn\u0105. Wykona\u0142y prace plastyczno-techniczne. Dzieci mia\u0142y czas na zabaw\u0119 w gronie nowych koleg\u00f3w i kole\u017canek. Wszyscy bardzo mi\u0142o sp\u0119dzili\u015bmy ten czas.ngg_shortcode_0_placeholder<\/p>\n","protected":false},"excerpt":{"rendered":"<p>Proces adaptacji do nowego \u015brodowiska, jakim jest \u017c\u0142obek czy przedszkole, stanowi niezwykle wa\u017cny i prze\u0142omowy moment, zar\u00f3wno dla dziecka, jak i ca\u0142ej rodziny, dlatego w Bajkowym Dworku odbywa\u0142y si\u0119 dni adaptacyjne dla nowych podopiecznych, aby pom\u00f3c dzieciom i rodzicom zminimalizowa\u0107 stres i obawy pierwszych dni pobytu w Bajkowym Dworku. W tym roku dni te odby\u0142y [&hellip;]<\/p>\n","protected":false},"author":1,"featured_media":0,"parent":4413,"menu_order":0,"comment_status":"closed","ping_status":"closed","template":"szablon-galeria-submenu.php","meta":{"ngg_post_thumbnail":0,"footnotes":""},"class_list":["post-4412","page","type-page","status-publish","hentry"],"_links":{"self":[{"href":"https:\/\/bajkowydworek.com\/zlobek\/index.php?rest_route=\/wp\/v2\/pages\/4412","targetHints":{"allow":["GET"]}}],"collection":[{"href":"https:\/\/bajkowydworek.com\/zlobek\/index.php?rest_route=\/wp\/v2\/pages"}],"about":[{"href":"https:\/\/bajkowydworek.com\/zlobek\/index.php?rest_route=\/wp\/v2\/types\/page"}],"author":[{"embeddable":true,"href":"https:\/\/bajkowydworek.com\/zlobek\/index.php?rest_route=\/wp\/v2\/users\/1"}],"replies":[{"embeddable":true,"href":"https:\/\/bajkowydworek.com\/zlobek\/index.php?rest_route=%2Fwp%2Fv2%2Fcomments&post=4412"}],"version-history":[{"count":2,"href":"https:\/\/bajkowydworek.com\/zlobek\/index.php?rest_route=\/wp\/v2\/pages\/4412\/revisions"}],"predecessor-version":[{"id":4419,"href":"https:\/\/bajkowydworek.com\/zlobek\/index.php?rest_route=\/wp\/v2\/pages\/4412\/revisions\/4419"}],"up":[{"embeddable":true,"href":"https:\/\/bajkowydworek.com\/zlobek\/index.php?rest_route=\/wp\/v2\/pages\/4413"}],"wp:attachment":[{"href":"https:\/\/bajkowydworek.com\/zlobek\/index.php?rest_route=%2Fwp%2Fv2%2Fmedia&parent=4412"}],"curies":[{"name":"wp","href":"https:\/\/api.w.org\/{rel}","templated":true}]}}