{"id":4366,"date":"2024-07-15T12:17:41","date_gmt":"2024-07-15T10:17:41","guid":{"rendered":"https:\/\/bajkowydworek.com\/zlobek\/?page_id=4366"},"modified":"2024-07-15T12:19:29","modified_gmt":"2024-07-15T10:19:29","slug":"plazowanie-tydzien-ii","status":"publish","type":"page","link":"https:\/\/bajkowydworek.com\/zlobek\/?page_id=4366","title":{"rendered":"Pla\u017cowanie &#8211; tydzie\u0144 II"},"content":{"rendered":"<blockquote>\n<p style=\"text-align: center;\"><span style=\"color: #ff0000;\"><strong>\u201e\u2026Na pla\u017cy \u2013 na pla\u017cy fajnie jest.<\/strong><\/span><br \/>\n<span style=\"color: #ff0000;\"><strong>Na pla\u017cy \u2013 na pla\u017cy fajnie jest\u2026\u201d<\/strong><\/span><\/p>\n<\/blockquote>\n<p style=\"text-align: justify;\"><img loading=\"lazy\" decoding=\"async\" class=\"alignleft  wp-image-4367\" src=\"https:\/\/bajkowydworek.com\/zlobek\/wp-content\/uploads\/2024\/07\/plazowanie.jpg\" alt=\"\" width=\"160\" height=\"160\" srcset=\"https:\/\/bajkowydworek.com\/zlobek\/wp-content\/uploads\/2024\/07\/plazowanie.jpg 504w, https:\/\/bajkowydworek.com\/zlobek\/wp-content\/uploads\/2024\/07\/plazowanie-300x300.jpg 300w, https:\/\/bajkowydworek.com\/zlobek\/wp-content\/uploads\/2024\/07\/plazowanie-150x150.jpg 150w\" sizes=\"auto, (max-width: 160px) 100vw, 160px\" \/>Podczas drugiego tygodnia wakacji pogoda zach\u0119ci\u0142a dzieci z Bajkowego Dworku do pla\u017cowania! Plac zieleni zamieni\u0142 si\u0119 na ten czas w pla\u017c\u0119, na kt\u00f3rej wszystkie dzieci \u015bwietnie si\u0119 bawi\u0142y. Zabawy w piasku, zbieranie muszelek, ta\u0144ce, konkursy, \u0142owienie rybek, pi\u0142ka pla\u017cowa i inne atrakcje sprawi\u0142y dzieciom ogromn\u0105 frajd\u0119ngg_shortcode_0_placeholder<\/p>\n","protected":false},"excerpt":{"rendered":"<p>\u201e\u2026Na pla\u017cy \u2013 na pla\u017cy fajnie jest. Na pla\u017cy \u2013 na pla\u017cy fajnie jest\u2026\u201d Podczas drugiego tygodnia wakacji pogoda zach\u0119ci\u0142a dzieci z Bajkowego Dworku do pla\u017cowania! Plac zieleni zamieni\u0142 si\u0119 na ten czas w pla\u017c\u0119, na kt\u00f3rej wszystkie dzieci \u015bwietnie si\u0119 bawi\u0142y. Zabawy w piasku, zbieranie muszelek, ta\u0144ce, konkursy, \u0142owienie rybek, pi\u0142ka pla\u017cowa i inne [&hellip;]<\/p>\n","protected":false},"author":1,"featured_media":0,"parent":4180,"menu_order":0,"comment_status":"closed","ping_status":"closed","template":"szablon-galeria-submenu.php","meta":{"ngg_post_thumbnail":0,"footnotes":""},"class_list":["post-4366","page","type-page","status-publish","hentry"],"_links":{"self":[{"href":"https:\/\/bajkowydworek.com\/zlobek\/index.php?rest_route=\/wp\/v2\/pages\/4366","targetHints":{"allow":["GET"]}}],"collection":[{"href":"https:\/\/bajkowydworek.com\/zlobek\/index.php?rest_route=\/wp\/v2\/pages"}],"about":[{"href":"https:\/\/bajkowydworek.com\/zlobek\/index.php?rest_route=\/wp\/v2\/types\/page"}],"author":[{"embeddable":true,"href":"https:\/\/bajkowydworek.com\/zlobek\/index.php?rest_route=\/wp\/v2\/users\/1"}],"replies":[{"embeddable":true,"href":"https:\/\/bajkowydworek.com\/zlobek\/index.php?rest_route=%2Fwp%2Fv2%2Fcomments&post=4366"}],"version-history":[{"count":1,"href":"https:\/\/bajkowydworek.com\/zlobek\/index.php?rest_route=\/wp\/v2\/pages\/4366\/revisions"}],"predecessor-version":[{"id":4368,"href":"https:\/\/bajkowydworek.com\/zlobek\/index.php?rest_route=\/wp\/v2\/pages\/4366\/revisions\/4368"}],"up":[{"embeddable":true,"href":"https:\/\/bajkowydworek.com\/zlobek\/index.php?rest_route=\/wp\/v2\/pages\/4180"}],"wp:attachment":[{"href":"https:\/\/bajkowydworek.com\/zlobek\/index.php?rest_route=%2Fwp%2Fv2%2Fmedia&parent=4366"}],"curies":[{"name":"wp","href":"https:\/\/api.w.org\/{rel}","templated":true}]}}