{"id":122,"date":"2014-07-15T18:59:06","date_gmt":"2014-07-15T16:59:06","guid":{"rendered":"https:\/\/bajkowydworek.com\/zlobek\/?page_id=122"},"modified":"2014-07-17T08:31:10","modified_gmt":"2014-07-17T06:31:10","slug":"nasze-dzieci","status":"publish","type":"page","link":"https:\/\/bajkowydworek.com\/zlobek\/?page_id=122","title":{"rendered":"Nasze dzieci"},"content":{"rendered":"<p><strong style=\"font-size: 20px;\">Pro\u015bba dziecka \u2013 Janusz Korczak<\/strong><\/p>\n<p>1. Nie psuj mnie. Dobrze wiem, \u017ce nie powinienem mie\u0107 wszystkiego, czego si\u0119 domagam. To tylko pr\u00f3ba si\u0142 z mojej strony.<\/p>\n<p>2. Nie b\u00f3j si\u0119 stanowczo\u015bci. W\u0142a\u015bnie tego potrzebuj\u0119 \u2013 poczucia bezpiecze\u0144stwa.<\/p>\n<p>3. Nie bagatelizuj moich z\u0142ych nawyk\u00f3w. Tylko ty mo\u017cesz pom\u00f3c mi zwalczy\u0107 z\u0142o, p\u00f3ki jest to jeszcze w og\u00f3le mo\u017cliwe,<\/p>\n<p>4. Nie r\u00f3b ze mnie wi\u0119kszego dziecka ni\u017c jestem. To sprawia, \u017ce przyjmuje postaw\u0119 g\u0142upio doros\u0142\u0105.<\/p>\n<p>5. Nie zwracaj mi uwagi przy innych ludziach, je\u015bli nie jest to absolutnie konieczne. O wiele bardziej przejmuj\u0119 si\u0119 tym, co m\u00f3wisz, je\u015bli rozmawiamy w cztery oczy.<\/p>\n<p>6. Nie chro\u0144 mnie przed konsekwencjami. Czasami dobrze jest nauczy\u0107 si\u0119 rzeczy bolesnych i nieprzyjemnych.<\/p>\n<p>7. Nie wmawiaj mi \u017ce b\u0142\u0119dy, kt\u00f3re pope\u0142niam s\u0105 grzechem. To zagra\u017ca mojemu poczuciu warto\u015bci.<\/p>\n<p>8. Nie przejmuj si\u0119 za bardzo, gdy m\u00f3wi\u0119, \u017ce ci\u0119 nienawidz\u0119. To nie ty jeste\u015b moim wrogiem, lecz twoja mia\u017cd\u017c\u0105ca przewaga!<\/p>\n<p>9. Nie zwracaj zbytniej uwagi na moje drobne dolegliwo\u015bci. Czasami wykorzystuj\u0119 je, by przyci\u0105gn\u0105\u0107 twoj\u0105 uwag\u0119.<\/p>\n<p>10. Nie zrz\u0119d\u017a. W przeciwnym razie musz\u0119 si\u0119 przed tob\u0105 broni\u0107 i robi\u0119 si\u0119 g\u0142uchy.<\/p>\n<p>11. Nie dawaj mi obietnic bez pokrycia. Czuj\u0119 si\u0119 przera\u017aliwie t\u0142amszony, kiedy nic z tego wszystkiego nie wychodzi.<\/p>\n<p>12. Nie zapominaj, \u017ce jeszcze trudno mi jest precyzyjnie wyrazi\u0107 my\u015bli. To dlatego nie zawsze si\u0119 rozumiemy.<\/p>\n<p>13. Nie sprawdzaj z uporem maniaka mojej uczciwo\u015bci. Zbyt \u0142atwo strach zmusza mnie do k\u0142amstwa.<\/p>\n<p>14. Nie b\u0105d\u017a niekonsekwentny. To mnie og\u0142upia i wtedy trac\u0119 ca\u0142\u0105 moj\u0105 wiar\u0119 w ciebie.<\/p>\n<p>15. Nie odtr\u0105caj mnie, gdy dr\u0119cz\u0119 cie pytaniami. Mo\u017ce si\u0119 wkr\u00f3tce okaza\u0107, \u017ce zamiast prosi\u0107 ci\u0119 o wyja\u015bnienia poszukam ich gdzie indziej.<\/p>\n<p>16. Nie wmawiaj mi, ze moje l\u0119ki s\u0105 g\u0142upie. One po prostu s\u0105.<\/p>\n<p>17. Nie r\u00f3b z siebie nieskazitelnego idea\u0142u. Prawda na tw\u00f3j temat by\u0142aby w przysz\u0142o\u015bci nie do zniesienia. Nie wyobra\u017caj sobie, i\u017c przepraszaj\u0105c mnie stracisz autorytet. Za uczciw\u0105 gr\u0119 umiem podzi\u0119kowa\u0107 mi\u0142o\u015bci\u0105, o jakiej ci si\u0119 nie \u015bni\u0142o.<\/p>\n<p>18. Nie zapominaj, \u017ce uwielbiam wszelkiego rodzaju eksperymenty. To po prostu m\u00f3j spos\u00f3b na \u017cycie, wi\u0119c przymknij na to oczy.<\/p>\n<p>19. Nie b\u0105d\u017a \u015blepy i przyznaj, \u017ce ja te\u017c rosn\u0119. Wiem, jak trudno dotrzyma\u0107 mi kroku w tym galopie, ale zr\u00f3b co mo\u017cesz \u017ceby nam si\u0119 to uda\u0142o.<\/p>\n<p>20. Nie b\u00f3j si\u0119 mi\u0142o\u015bci. Nigdy.<\/p>\n<h4><strong>&#8222;Tato&#8221;<\/strong><\/h4>\n<p>Szanuj mnie, \u017cebym szanowa\u0142 innych.<br \/>\nWybaczaj, \u017cebym umia\u0142 wybacza\u0107.<br \/>\nS\u0142uchaj, \u017cebym umia\u0142 s\u0142ucha\u0107.<br \/>\nNie bij, \u017cebym nie bi\u0142.<br \/>\nNie poni\u017caj, \u017cebym nie poni\u017ca\u0142.<br \/>\nRozamawiaj ze mn\u0105, \u017cebym umia\u0142 rozmawia\u0107<br \/>\nNie wy\u015bmiewaj, nie obra\u017caj, nie lekcewa\u017c.<br \/>\nKochaj mnie, \u017cebym umia\u0142 kocha\u0107 &#8211; ucz\u0119 si\u0119 \u017cycia&#8230;od ciebie.<\/p>\n<h4><strong>&#8222;Mamo&#8221;<\/strong><\/h4>\n<p>Nie zostawiaj mnie samego, kiedy si\u0119 boj\u0119 &#8211;<br \/>\nPosied\u017a przy mnie wieczorem.<br \/>\nNie m\u00f3w: &#8222;bo ja tak chc\u0119&#8221; &#8211; wyt\u0142umacz mi dlaczego.<br \/>\nPozw\u00f3l mi nie je\u015b\u0107 tego, czego nie lubi\u0119.<br \/>\nOdpowiadaj na moje pytania.<br \/>\nUszanuj moje tajemnice.<br \/>\nPozw\u00f3l mi wybiera\u0107 przyjaci\u00f3\u0142 i zaprasza\u0107 ich do domu.<br \/>\nPozw\u00f3l mi urz\u0105dzi\u0107 pok\u00f3j tak jak chc\u0119.<br \/>\nPrzytulaj mnie cz\u0119sto.<br \/>\nNie trzymaj si\u0119 sztywno wszystkich regu\u0142.<br \/>\nPozw\u00f3l mi czasem na co\u015b szczeg\u00f3lnego.<br \/>\nPozw\u00f3l mi uczy\u0107 si\u0119 w miom w\u0142asnym tempie.<br \/>\nPozw\u00f3l mi pope\u0142niac b\u0142\u0119dy, pomy\u0142ki.<br \/>\nPrzyznaj, \u017ce i ja mam czasem prawo do z\u0142o\u015bci i gniewu.<br \/>\nNie karz mnie zbyt surowo.<br \/>\nNie wy\u0142adowuj na mnie swojej z\u0142o\u015bci.<br \/>\nTy tak\u017ce miej odwag\u0119 przyzna\u0107 sie do b\u0142\u0119du.<br \/>\nPrzepraszaj mnie, je\u015bli zrobisz co\u015b z\u0142ego.<br \/>\nNie wci\u0105gaj mnie w sprawy doros\u0142ych.<br \/>\nPozw\u00f3l mi wybra\u0107 w\u0142asn\u0105 drog\u0119.<br \/>\nPozw\u00f3l mi by\u0107 sob\u0105.<\/p>\n","protected":false},"excerpt":{"rendered":"<p>Pro\u015bba dziecka \u2013 Janusz Korczak 1. Nie psuj mnie. Dobrze wiem, \u017ce nie powinienem mie\u0107 wszystkiego, czego si\u0119 domagam. To tylko pr\u00f3ba si\u0142 z mojej strony. 2. Nie b\u00f3j si\u0119 stanowczo\u015bci. W\u0142a\u015bnie tego potrzebuj\u0119 \u2013 poczucia bezpiecze\u0144stwa. 3. Nie bagatelizuj moich z\u0142ych nawyk\u00f3w. Tylko ty mo\u017cesz pom\u00f3c mi zwalczy\u0107 z\u0142o, p\u00f3ki jest to jeszcze w [&hellip;]<\/p>\n","protected":false},"author":1,"featured_media":0,"parent":0,"menu_order":0,"comment_status":"closed","ping_status":"open","template":"szablon-tekstowa-submenu.php","meta":{"ngg_post_thumbnail":0,"footnotes":""},"class_list":["post-122","page","type-page","status-publish","hentry"],"_links":{"self":[{"href":"https:\/\/bajkowydworek.com\/zlobek\/index.php?rest_route=\/wp\/v2\/pages\/122","targetHints":{"allow":["GET"]}}],"collection":[{"href":"https:\/\/bajkowydworek.com\/zlobek\/index.php?rest_route=\/wp\/v2\/pages"}],"about":[{"href":"https:\/\/bajkowydworek.com\/zlobek\/index.php?rest_route=\/wp\/v2\/types\/page"}],"author":[{"embeddable":true,"href":"https:\/\/bajkowydworek.com\/zlobek\/index.php?rest_route=\/wp\/v2\/users\/1"}],"replies":[{"embeddable":true,"href":"https:\/\/bajkowydworek.com\/zlobek\/index.php?rest_route=%2Fwp%2Fv2%2Fcomments&post=122"}],"version-history":[{"count":6,"href":"https:\/\/bajkowydworek.com\/zlobek\/index.php?rest_route=\/wp\/v2\/pages\/122\/revisions"}],"predecessor-version":[{"id":170,"href":"https:\/\/bajkowydworek.com\/zlobek\/index.php?rest_route=\/wp\/v2\/pages\/122\/revisions\/170"}],"wp:attachment":[{"href":"https:\/\/bajkowydworek.com\/zlobek\/index.php?rest_route=%2Fwp%2Fv2%2Fmedia&parent=122"}],"curies":[{"name":"wp","href":"https:\/\/api.w.org\/{rel}","templated":true}]}}