{"id":120,"date":"2014-07-15T18:58:39","date_gmt":"2014-07-15T16:58:39","guid":{"rendered":"https:\/\/bajkowydworek.com\/zlobek\/?page_id=120"},"modified":"2019-10-03T22:22:03","modified_gmt":"2019-10-03T20:22:03","slug":"prawa-dziecka","status":"publish","type":"page","link":"https:\/\/bajkowydworek.com\/zlobek\/?page_id=120","title":{"rendered":"Prawa dziecka"},"content":{"rendered":"<p>Tu mo\u017cesz dowiedzie\u0107 si\u0119 co to s\u0105 prawa dziecka oraz pozna\u0107 najwa\u017cniejsze w naszym kraju odnosz\u0105ce si\u0119 do nich akty prawne<\/p>\n<p><a href=\"https:\/\/brpd.gov.pl\/\" target=\"_blank\" rel=\"noopener\">Rzecznik Praw Dziecka RP<\/a><br \/>\n<a href=\"https:\/\/brpd.gov.pl\/prawa-dziecka\" target=\"_blank\" rel=\"noopener\">Prawa Dziecka<\/a><\/p>\n","protected":false},"excerpt":{"rendered":"<p>Tu mo\u017cesz dowiedzie\u0107 si\u0119 co to s\u0105 prawa dziecka oraz pozna\u0107 najwa\u017cniejsze w naszym kraju odnosz\u0105ce si\u0119 do nich akty prawne Rzecznik Praw Dziecka RP Prawa Dziecka<\/p>\n","protected":false},"author":1,"featured_media":0,"parent":0,"menu_order":0,"comment_status":"closed","ping_status":"open","template":"szablon-tekstowa-submenu.php","meta":{"ngg_post_thumbnail":0,"footnotes":""},"class_list":["post-120","page","type-page","status-publish","hentry"],"_links":{"self":[{"href":"https:\/\/bajkowydworek.com\/zlobek\/index.php?rest_route=\/wp\/v2\/pages\/120","targetHints":{"allow":["GET"]}}],"collection":[{"href":"https:\/\/bajkowydworek.com\/zlobek\/index.php?rest_route=\/wp\/v2\/pages"}],"about":[{"href":"https:\/\/bajkowydworek.com\/zlobek\/index.php?rest_route=\/wp\/v2\/types\/page"}],"author":[{"embeddable":true,"href":"https:\/\/bajkowydworek.com\/zlobek\/index.php?rest_route=\/wp\/v2\/users\/1"}],"replies":[{"embeddable":true,"href":"https:\/\/bajkowydworek.com\/zlobek\/index.php?rest_route=%2Fwp%2Fv2%2Fcomments&post=120"}],"version-history":[{"count":3,"href":"https:\/\/bajkowydworek.com\/zlobek\/index.php?rest_route=\/wp\/v2\/pages\/120\/revisions"}],"predecessor-version":[{"id":2107,"href":"https:\/\/bajkowydworek.com\/zlobek\/index.php?rest_route=\/wp\/v2\/pages\/120\/revisions\/2107"}],"wp:attachment":[{"href":"https:\/\/bajkowydworek.com\/zlobek\/index.php?rest_route=%2Fwp%2Fv2%2Fmedia&parent=120"}],"curies":[{"name":"wp","href":"https:\/\/api.w.org\/{rel}","templated":true}]}}